{"id":101,"date":"2019-03-21T04:48:54","date_gmt":"2019-03-21T04:48:54","guid":{"rendered":"https:\/\/demo.themefreesia.com\/shoppingcart\/shop\/"},"modified":"2025-12-10T11:10:23","modified_gmt":"2025-12-10T14:10:23","slug":"shop-2","status":"publish","type":"page","link":"https:\/\/anysexshop.com.ar\/shop\/shop-2\/","title":{"rendered":"Env\u00edos"},"content":{"rendered":"<body>\n<p><strong>Formas de entrega<br><\/strong>Lo podes retirar por Quilmes, a pocas cuadras de la peatonal, o se hacen env\u00edos:<br>Correo Argentino $8900<br>CABA $6500<br>Zona Sur (Avellaneda, Varela y Quilmes) $6900<br>GBA (Suroeste, Oeste y Norte) $8500<br>La Plata $9500<\/p>\n\n\n\n<p><strong>Horarios de atenci\u00f3n<\/strong><\/p>\n\n\n\n<p>De LUNES a VIERNES de 10 a 19hs y S\u00c1BADOS de 10 a 18hs.<\/p>\n\n\n\n<p><strong>\u00a1Se pueden coordinar retiros por la ma\u00f1ana!<\/strong><\/p>\n\n\n\n<p><strong>PRIVACIDAD: <\/strong>Cont\u00e1s con la privacidad y la discreci\u00f3n que merece el cliente, los env\u00edos no tienen nada que los identifique a qui\u00e9n lo has comprado y van envueltos en una caja con papel madera y absoluta discreci\u00f3n<\/p>\n<\/body>","protected":false},"excerpt":{"rendered":"<p>Formas de entregaLo podes retirar por Quilmes, a pocas cuadras de la peatonal, o se hacen env\u00edos:Correo Argentino $8900CABA $6500Zona Sur (Avellaneda, Varela y Quilmes) $6900GBA (Suroeste, Oeste y Norte) $8500La Plata $9500 Horarios de atenci\u00f3n De LUNES a VIERNES de 10 a 19hs y S\u00c1BADOS de 10 a 18hs.&hellip; <\/p>\n","protected":false},"author":1,"featured_media":0,"parent":0,"menu_order":0,"comment_status":"closed","ping_status":"closed","template":"","meta":{"om_disable_all_campaigns":false,"footnotes":""},"class_list":["post-101","page","type-page","status-publish","hentry"],"jetpack_sharing_enabled":true,"_links":{"self":[{"href":"https:\/\/anysexshop.com.ar\/shop\/wp-json\/wp\/v2\/pages\/101","targetHints":{"allow":["GET"]}}],"collection":[{"href":"https:\/\/anysexshop.com.ar\/shop\/wp-json\/wp\/v2\/pages"}],"about":[{"href":"https:\/\/anysexshop.com.ar\/shop\/wp-json\/wp\/v2\/types\/page"}],"author":[{"embeddable":true,"href":"https:\/\/anysexshop.com.ar\/shop\/wp-json\/wp\/v2\/users\/1"}],"replies":[{"embeddable":true,"href":"https:\/\/anysexshop.com.ar\/shop\/wp-json\/wp\/v2\/comments?post=101"}],"version-history":[{"count":5,"href":"https:\/\/anysexshop.com.ar\/shop\/wp-json\/wp\/v2\/pages\/101\/revisions"}],"predecessor-version":[{"id":6345,"href":"https:\/\/anysexshop.com.ar\/shop\/wp-json\/wp\/v2\/pages\/101\/revisions\/6345"}],"wp:attachment":[{"href":"https:\/\/anysexshop.com.ar\/shop\/wp-json\/wp\/v2\/media?parent=101"}],"curies":[{"name":"wp","href":"https:\/\/api.w.org\/{rel}","templated":true}]}}