{"id":251,"date":"2022-05-02T15:38:11","date_gmt":"2022-05-02T15:38:11","guid":{"rendered":"https:\/\/anysexshop.com.ar\/shop\/?page_id=251"},"modified":"2022-06-13T16:18:54","modified_gmt":"2022-06-13T19:18:54","slug":"tabla-de-talles","status":"publish","type":"page","link":"https:\/\/anysexshop.com.ar\/shop\/tabla-de-talles\/","title":{"rendered":"Tabla de talles"},"content":{"rendered":"<body>\n<p>Compruebe la talla correcta en la siguiente tabla, vamos a ayudarle para que no se equivoque al elegirla.<br>Siga las siguientes instrucciones para averiguar sus medidas y as\u00ed saber que talla le corresponde.<\/p>\n\n\n\n<p><strong>Medida de busto:<\/strong> Colocar el metro alrededor de la parte m\u00e1s sobresaliente del pecho.<br><strong>Medida de cintura:<\/strong> Colocar el metro alrededor de la parte m\u00e1s estrecha de la cintura.<br><strong>Medida de cadera:<\/strong> Colocar metro alrededor de la parte m\u00e1s ancha de la cadera.<\/p>\n\n\n\n<figure class=\"wp-block-image size-full\"><img data-recalc-dims=\"1\" loading=\"lazy\" decoding=\"async\" width=\"667\" height=\"592\" src=\"https:\/\/i0.wp.com\/anysexshop.com.ar\/shop\/wp-content\/uploads\/2022\/06\/tabla-de-talles.jpg?resize=667%2C592&#038;ssl=1\" alt=\"\" class=\"wp-image-1785\" loading=\"lazy\" srcset=\"https:\/\/i0.wp.com\/anysexshop.com.ar\/shop\/wp-content\/uploads\/2022\/06\/tabla-de-talles.jpg?w=667&amp;ssl=1 667w, https:\/\/i0.wp.com\/anysexshop.com.ar\/shop\/wp-content\/uploads\/2022\/06\/tabla-de-talles.jpg?resize=300%2C266&amp;ssl=1 300w, https:\/\/i0.wp.com\/anysexshop.com.ar\/shop\/wp-content\/uploads\/2022\/06\/tabla-de-talles.jpg?resize=600%2C533&amp;ssl=1 600w\" sizes=\"auto, (max-width: 667px) 100vw, 667px\" \/><\/figure>\n\n\n\n<p>Las medidas que abarca la talla \u00fanica suponen una diferencia de dos o tres tallas entre m\u00ednimos y m\u00e1ximos debido a que los art\u00edculos est\u00e1n fabricados en materiales el\u00e1sticos, pero si sus medidas exceden o no llegan a las indicadas en la tabla no le sentar\u00e1n bien.<\/p>\n<\/body>","protected":false},"excerpt":{"rendered":"<p>Compruebe la talla correcta en la siguiente tabla, vamos a ayudarle para que no se equivoque al elegirla.Siga las siguientes instrucciones para averiguar sus medidas y as\u00ed saber que talla le corresponde. Medida de busto: Colocar el metro alrededor de la parte m\u00e1s sobresaliente del pecho.Medida de cintura: Colocar el&hellip; <\/p>\n","protected":false},"author":1,"featured_media":0,"parent":0,"menu_order":0,"comment_status":"closed","ping_status":"closed","template":"","meta":{"om_disable_all_campaigns":false,"footnotes":""},"class_list":["post-251","page","type-page","status-publish","hentry"],"jetpack_sharing_enabled":true,"_links":{"self":[{"href":"https:\/\/anysexshop.com.ar\/shop\/wp-json\/wp\/v2\/pages\/251","targetHints":{"allow":["GET"]}}],"collection":[{"href":"https:\/\/anysexshop.com.ar\/shop\/wp-json\/wp\/v2\/pages"}],"about":[{"href":"https:\/\/anysexshop.com.ar\/shop\/wp-json\/wp\/v2\/types\/page"}],"author":[{"embeddable":true,"href":"https:\/\/anysexshop.com.ar\/shop\/wp-json\/wp\/v2\/users\/1"}],"replies":[{"embeddable":true,"href":"https:\/\/anysexshop.com.ar\/shop\/wp-json\/wp\/v2\/comments?post=251"}],"version-history":[{"count":6,"href":"https:\/\/anysexshop.com.ar\/shop\/wp-json\/wp\/v2\/pages\/251\/revisions"}],"predecessor-version":[{"id":1786,"href":"https:\/\/anysexshop.com.ar\/shop\/wp-json\/wp\/v2\/pages\/251\/revisions\/1786"}],"wp:attachment":[{"href":"https:\/\/anysexshop.com.ar\/shop\/wp-json\/wp\/v2\/media?parent=251"}],"curies":[{"name":"wp","href":"https:\/\/api.w.org\/{rel}","templated":true}]}}