{"id":1171,"date":"2022-05-10T17:44:02","date_gmt":"2022-05-10T20:44:02","guid":{"rendered":"https:\/\/anysexshop.com.ar\/shop\/?post_type=product&#038;p=1171"},"modified":"2026-03-04T20:44:07","modified_gmt":"2026-03-04T23:44:07","slug":"vela-anal-torneado","status":"publish","type":"product","link":"https:\/\/anysexshop.com.ar\/shop\/product\/vela-anal-torneado\/","title":{"rendered":"VELA ANAL TORNEADO 14 X 2.5 CM"},"content":{"rendered":"<body><p><b>Vela Anal Torneada Rojo.<\/b>\u00a0Este consolador anal en formato de pene torneado permite la dilataci\u00f3n del ano de manera escalonada. Ideal para quienes inician en este mundo de placer anal, su formato permitir descansos en la penetraci\u00f3n a medida que se va produciendo la dilataci\u00f3n. Es necesario lubricar el juguete previo al uso del mismo ya que el ano no se lubrica por s\u00ed solo. Posee un tope para evitar la inserci\u00f3n completa.<br>\nEs importante mantener la zona anal estimulada, si esta se pr\u00e1ctica espor\u00e1dicamente, se pierde la dilataci\u00f3n lograda.<br>\nSu medida es 14 cm y 2,5 cm de di\u00e1metro. Se recomienda el uso de lubricante anal<\/p>\n<\/body>","protected":false},"excerpt":{"rendered":"<p>VELA ANAL TORNEADO<\/p>\n","protected":false},"featured_media":2967,"comment_status":"open","ping_status":"closed","template":"","meta":{"om_disable_all_campaigns":false},"product_brand":[],"product_cat":[57],"product_tag":[],"class_list":{"0":"post-1171","1":"product","2":"type-product","3":"status-publish","4":"has-post-thumbnail","6":"product_cat-anales","8":"first","9":"instock","10":"shipping-taxable","11":"purchasable","12":"product-type-simple"},"jetpack_sharing_enabled":true,"_links":{"self":[{"href":"https:\/\/anysexshop.com.ar\/shop\/wp-json\/wp\/v2\/product\/1171","targetHints":{"allow":["GET"]}}],"collection":[{"href":"https:\/\/anysexshop.com.ar\/shop\/wp-json\/wp\/v2\/product"}],"about":[{"href":"https:\/\/anysexshop.com.ar\/shop\/wp-json\/wp\/v2\/types\/product"}],"replies":[{"embeddable":true,"href":"https:\/\/anysexshop.com.ar\/shop\/wp-json\/wp\/v2\/comments?post=1171"}],"wp:featuredmedia":[{"embeddable":true,"href":"https:\/\/anysexshop.com.ar\/shop\/wp-json\/wp\/v2\/media\/2967"}],"wp:attachment":[{"href":"https:\/\/anysexshop.com.ar\/shop\/wp-json\/wp\/v2\/media?parent=1171"}],"wp:term":[{"taxonomy":"product_brand","embeddable":true,"href":"https:\/\/anysexshop.com.ar\/shop\/wp-json\/wp\/v2\/product_brand?post=1171"},{"taxonomy":"product_cat","embeddable":true,"href":"https:\/\/anysexshop.com.ar\/shop\/wp-json\/wp\/v2\/product_cat?post=1171"},{"taxonomy":"product_tag","embeddable":true,"href":"https:\/\/anysexshop.com.ar\/shop\/wp-json\/wp\/v2\/product_tag?post=1171"}],"curies":[{"name":"wp","href":"https:\/\/api.w.org\/{rel}","templated":true}]}}