{"id":1196,"date":"2022-05-10T18:54:39","date_gmt":"2022-05-10T21:54:39","guid":{"rendered":"https:\/\/anysexshop.com.ar\/shop\/?post_type=product&#038;p=1196"},"modified":"2025-05-28T14:31:15","modified_gmt":"2025-05-28T17:31:15","slug":"vara-anal","status":"publish","type":"product","link":"https:\/\/anysexshop.com.ar\/shop\/product\/vara-anal\/","title":{"rendered":"DILATADOR VARA ANAL"},"content":{"rendered":"<body><p>Inexpulsable anal hecho a base de silicona pura, con un hermoso dise\u00f1o que ayudar\u00e1 a adaptar la zona dependiendo del nivel de placer que se desee y con sus descansos te permitir\u00e1 elegir hasta d\u00f3nde quieres llegar.<\/p>\n<p>Entrando y saliendo del cuerpo estimula las terminaciones nerviosas de la boca del ano.<\/p>\n<p>Eso sin dudas es lo estimulante sinceramente.<\/p>\n<p>Su dise\u00f1o es realizado con una silicona suave y sin costuras.<\/p>\n<p>Este material seguro para el cuerpo no tiene perfume.<\/p>\n<p>Usa el anillo de recuperaci\u00f3n en forma de coraz\u00f3n para un control total sobre la estimulaci\u00f3n. Perfecto para principiantes y expertos er\u00f3ticos.<\/p>\n<p>Caracter\u00edstica<\/p>\n<p>\u2022 Material: Silicona 100% pura.<\/p>\n<p>\u2022 Longitud insertable: 11.5 cm.<\/p>\n<p>\u2022 Aumentando el di\u00e1metro gradualmente hasta 2.5 cm.<\/p>\n<p>\u2022 Punta c\u00f3nica para facilitar su inserci\u00f3n.<\/p>\n<p>\u2022 Anillas de extracci\u00f3n f\u00e1cil.<\/p>\n<p>\u2022 100% Libre de phalatos.<\/p>\n<p>\u2022 Unisex.<\/p>\n<p>\u2022 Sumergible.<\/p>\n<p>\u2022 Utilizar lubricante anal a base de agua.<\/p>\n<p>\u2022 Higienizar con agua tibia y jab\u00f3n antibacteriano para Toys o neutro.<\/p>\n<\/body>","protected":false},"excerpt":{"rendered":"<p>VARA ANAL<\/p>\n","protected":false},"featured_media":1197,"comment_status":"open","ping_status":"closed","template":"","meta":{"om_disable_all_campaigns":false},"product_brand":[],"product_cat":[57],"product_tag":[],"class_list":{"0":"post-1196","1":"product","2":"type-product","3":"status-publish","4":"has-post-thumbnail","6":"product_cat-anales","8":"first","9":"outofstock","10":"shipping-taxable","11":"product-type-simple"},"jetpack_sharing_enabled":true,"_links":{"self":[{"href":"https:\/\/anysexshop.com.ar\/shop\/wp-json\/wp\/v2\/product\/1196","targetHints":{"allow":["GET"]}}],"collection":[{"href":"https:\/\/anysexshop.com.ar\/shop\/wp-json\/wp\/v2\/product"}],"about":[{"href":"https:\/\/anysexshop.com.ar\/shop\/wp-json\/wp\/v2\/types\/product"}],"replies":[{"embeddable":true,"href":"https:\/\/anysexshop.com.ar\/shop\/wp-json\/wp\/v2\/comments?post=1196"}],"wp:featuredmedia":[{"embeddable":true,"href":"https:\/\/anysexshop.com.ar\/shop\/wp-json\/wp\/v2\/media\/1197"}],"wp:attachment":[{"href":"https:\/\/anysexshop.com.ar\/shop\/wp-json\/wp\/v2\/media?parent=1196"}],"wp:term":[{"taxonomy":"product_brand","embeddable":true,"href":"https:\/\/anysexshop.com.ar\/shop\/wp-json\/wp\/v2\/product_brand?post=1196"},{"taxonomy":"product_cat","embeddable":true,"href":"https:\/\/anysexshop.com.ar\/shop\/wp-json\/wp\/v2\/product_cat?post=1196"},{"taxonomy":"product_tag","embeddable":true,"href":"https:\/\/anysexshop.com.ar\/shop\/wp-json\/wp\/v2\/product_tag?post=1196"}],"curies":[{"name":"wp","href":"https:\/\/api.w.org\/{rel}","templated":true}]}}