{"id":1201,"date":"2022-05-10T19:06:38","date_gmt":"2022-05-10T22:06:38","guid":{"rendered":"https:\/\/anysexshop.com.ar\/shop\/?post_type=product&#038;p=1201"},"modified":"2026-03-04T20:42:42","modified_gmt":"2026-03-04T23:42:42","slug":"plug-silicona-small-con-piedra","status":"publish","type":"product","link":"https:\/\/anysexshop.com.ar\/shop\/product\/plug-silicona-small-con-piedra\/","title":{"rendered":"PLUG SILICONA SMALL CON PIEDRA"},"content":{"rendered":"<body><p>Este plug anal de silicona 100%, est\u00e1 dise\u00f1ado para ofrecerte un sinf\u00edn de sensaciones placenteras. Su forma c\u00f3nica es ideal para estimularte y ofrecerte orgasmos incre\u00edbles. Adem\u00e1s, su textura lisa extra suave te encantar\u00e1. La punta delgada facilita la inserci\u00f3n del producto ayudando a los que no tienen tanta experiencia.<\/p>\n<p>Un plug anal es una gran forma de introducir los juegos anales en su vida sexual. Estos juguetes sexuales anales vienen en una gran variedad de tama\u00f1os para adaptarse a cualquier nivel de experiencia anal. Los plug anales son perfectos para la doble penetraci\u00f3n y la doble estimulaci\u00f3n.<\/p>\n<p><strong>\u00a0<\/strong><\/p>\n<p><strong>Caracter\u00edsticas<\/strong><\/p>\n<ul>\n<li>Dilatador anal. S.<\/li>\n<li>Medidas: longitud 7.5 cm di\u00e1metro 2.5cm.<\/li>\n<li>Base ancha para un uso seguro.<\/li>\n<li>Engarce en la base emulando 1 gema en ABS de forma de coraz\u00f3n.<\/li>\n<li>Silicona pura 100%, ultra-liso.<\/li>\n<li>100% libre de Ftalato.<\/li>\n<li>Sumergible.<\/li>\n<li>Utilizar lubricante anal a base de agua.<\/li>\n<li>Higienizar con agua tibia y jab\u00f3n antibacteriano para Toys o neutro.<\/li>\n<\/ul>\n<\/body>","protected":false},"excerpt":{"rendered":"<p>PLUG SILICONA SMALL CON PIEDRA<\/p>\n","protected":false},"featured_media":1202,"comment_status":"open","ping_status":"closed","template":"","meta":{"om_disable_all_campaigns":false},"product_brand":[],"product_cat":[57],"product_tag":[],"class_list":{"0":"post-1201","1":"product","2":"type-product","3":"status-publish","4":"has-post-thumbnail","6":"product_cat-anales","8":"first","9":"instock","10":"shipping-taxable","11":"purchasable","12":"product-type-simple"},"jetpack_sharing_enabled":true,"_links":{"self":[{"href":"https:\/\/anysexshop.com.ar\/shop\/wp-json\/wp\/v2\/product\/1201","targetHints":{"allow":["GET"]}}],"collection":[{"href":"https:\/\/anysexshop.com.ar\/shop\/wp-json\/wp\/v2\/product"}],"about":[{"href":"https:\/\/anysexshop.com.ar\/shop\/wp-json\/wp\/v2\/types\/product"}],"replies":[{"embeddable":true,"href":"https:\/\/anysexshop.com.ar\/shop\/wp-json\/wp\/v2\/comments?post=1201"}],"wp:featuredmedia":[{"embeddable":true,"href":"https:\/\/anysexshop.com.ar\/shop\/wp-json\/wp\/v2\/media\/1202"}],"wp:attachment":[{"href":"https:\/\/anysexshop.com.ar\/shop\/wp-json\/wp\/v2\/media?parent=1201"}],"wp:term":[{"taxonomy":"product_brand","embeddable":true,"href":"https:\/\/anysexshop.com.ar\/shop\/wp-json\/wp\/v2\/product_brand?post=1201"},{"taxonomy":"product_cat","embeddable":true,"href":"https:\/\/anysexshop.com.ar\/shop\/wp-json\/wp\/v2\/product_cat?post=1201"},{"taxonomy":"product_tag","embeddable":true,"href":"https:\/\/anysexshop.com.ar\/shop\/wp-json\/wp\/v2\/product_tag?post=1201"}],"curies":[{"name":"wp","href":"https:\/\/api.w.org\/{rel}","templated":true}]}}