{"id":1374,"date":"2022-05-13T17:21:44","date_gmt":"2022-05-13T20:21:44","guid":{"rendered":"https:\/\/anysexshop.com.ar\/shop\/?post_type=product&#038;p=1374"},"modified":"2026-03-04T20:48:01","modified_gmt":"2026-03-04T23:48:01","slug":"beaded-cock-rings-black-st-330300015","status":"publish","type":"product","link":"https:\/\/anysexshop.com.ar\/shop\/product\/beaded-cock-rings-black-st-330300015\/","title":{"rendered":"Beaded Cock Rings-Black &#8211; ST-330300015"},"content":{"rendered":"<body><p>Anillo el\u00e1stico y confortable juguete para parejas.<br>\nEstimula clitoris por el roce durante la penetraci\u00f3n y al mismo tiempo ayuda a retardar la eyaculaci\u00f3n.<\/p>\n<\/body>","protected":false},"excerpt":{"rendered":"<p>Anillo el\u00e1stico y confortable juguete para parejas. Estimula clitoris por el roce durante la penetraci\u00f3n y al mismo tiempo ayuda a retardar la eyaculaci\u00f3n.<\/p>\n","protected":false},"featured_media":1377,"comment_status":"open","ping_status":"closed","template":"","meta":{"om_disable_all_campaigns":false},"product_brand":[],"product_cat":[58],"product_tag":[],"class_list":{"0":"post-1374","1":"product","2":"type-product","3":"status-publish","4":"has-post-thumbnail","6":"product_cat-anillos","8":"first","9":"instock","10":"shipping-taxable","11":"purchasable","12":"product-type-simple"},"jetpack_sharing_enabled":true,"_links":{"self":[{"href":"https:\/\/anysexshop.com.ar\/shop\/wp-json\/wp\/v2\/product\/1374","targetHints":{"allow":["GET"]}}],"collection":[{"href":"https:\/\/anysexshop.com.ar\/shop\/wp-json\/wp\/v2\/product"}],"about":[{"href":"https:\/\/anysexshop.com.ar\/shop\/wp-json\/wp\/v2\/types\/product"}],"replies":[{"embeddable":true,"href":"https:\/\/anysexshop.com.ar\/shop\/wp-json\/wp\/v2\/comments?post=1374"}],"wp:featuredmedia":[{"embeddable":true,"href":"https:\/\/anysexshop.com.ar\/shop\/wp-json\/wp\/v2\/media\/1377"}],"wp:attachment":[{"href":"https:\/\/anysexshop.com.ar\/shop\/wp-json\/wp\/v2\/media?parent=1374"}],"wp:term":[{"taxonomy":"product_brand","embeddable":true,"href":"https:\/\/anysexshop.com.ar\/shop\/wp-json\/wp\/v2\/product_brand?post=1374"},{"taxonomy":"product_cat","embeddable":true,"href":"https:\/\/anysexshop.com.ar\/shop\/wp-json\/wp\/v2\/product_cat?post=1374"},{"taxonomy":"product_tag","embeddable":true,"href":"https:\/\/anysexshop.com.ar\/shop\/wp-json\/wp\/v2\/product_tag?post=1374"}],"curies":[{"name":"wp","href":"https:\/\/api.w.org\/{rel}","templated":true}]}}