{"id":1485,"date":"2022-05-16T14:32:01","date_gmt":"2022-05-16T17:32:01","guid":{"rendered":"https:\/\/anysexshop.com.ar\/shop\/?post_type=product&#038;p=1485"},"modified":"2026-03-02T22:01:10","modified_gmt":"2026-03-03T01:01:10","slug":"bala-bullete-recarga-usb","status":"publish","type":"product","link":"https:\/\/anysexshop.com.ar\/shop\/product\/bala-bullete-recarga-usb\/","title":{"rendered":"BALA BULLETE RECARGA USB"},"content":{"rendered":"<body><p>Bala recargable.<\/p>\n<p>10 funciones de vibraci\u00f3n intensa y suave. Un solo bot\u00f3n. Mant\u00e9n pulsado para encender. Mantener presionado durante 3 segundos para apagar. Impermeable. USB recargable. (Cable USB incluido) Di\u00e1metro: 2,01 cm (max) longitud total: 7,67 cm<\/p>\n<\/body>","protected":false},"excerpt":{"rendered":"<p>BALA BULLETE RECARGA USB<\/p>\n","protected":false},"featured_media":2136,"comment_status":"open","ping_status":"closed","template":"","meta":{"om_disable_all_campaigns":false},"product_brand":[],"product_cat":[60,68,69],"product_tag":[],"class_list":{"0":"post-1485","1":"product","2":"type-product","3":"status-publish","4":"has-post-thumbnail","6":"product_cat-balas-y-bolas-vaginales","7":"product_cat-succionadores-y-estimuladores-femeninos","8":"product_cat-vibradores","10":"first","11":"instock","12":"shipping-taxable","13":"purchasable","14":"product-type-simple"},"jetpack_sharing_enabled":true,"_links":{"self":[{"href":"https:\/\/anysexshop.com.ar\/shop\/wp-json\/wp\/v2\/product\/1485","targetHints":{"allow":["GET"]}}],"collection":[{"href":"https:\/\/anysexshop.com.ar\/shop\/wp-json\/wp\/v2\/product"}],"about":[{"href":"https:\/\/anysexshop.com.ar\/shop\/wp-json\/wp\/v2\/types\/product"}],"replies":[{"embeddable":true,"href":"https:\/\/anysexshop.com.ar\/shop\/wp-json\/wp\/v2\/comments?post=1485"}],"wp:featuredmedia":[{"embeddable":true,"href":"https:\/\/anysexshop.com.ar\/shop\/wp-json\/wp\/v2\/media\/2136"}],"wp:attachment":[{"href":"https:\/\/anysexshop.com.ar\/shop\/wp-json\/wp\/v2\/media?parent=1485"}],"wp:term":[{"taxonomy":"product_brand","embeddable":true,"href":"https:\/\/anysexshop.com.ar\/shop\/wp-json\/wp\/v2\/product_brand?post=1485"},{"taxonomy":"product_cat","embeddable":true,"href":"https:\/\/anysexshop.com.ar\/shop\/wp-json\/wp\/v2\/product_cat?post=1485"},{"taxonomy":"product_tag","embeddable":true,"href":"https:\/\/anysexshop.com.ar\/shop\/wp-json\/wp\/v2\/product_tag?post=1485"}],"curies":[{"name":"wp","href":"https:\/\/api.w.org\/{rel}","templated":true}]}}