{"id":1536,"date":"2022-05-16T15:37:31","date_gmt":"2022-05-16T18:37:31","guid":{"rendered":"https:\/\/anysexshop.com.ar\/shop\/?post_type=product&#038;p=1536"},"modified":"2026-03-02T22:00:51","modified_gmt":"2026-03-03T01:00:51","slug":"vibrador-slim-mini","status":"publish","type":"product","link":"https:\/\/anysexshop.com.ar\/shop\/product\/vibrador-slim-mini\/","title":{"rendered":"VIBRADOR SLIM MINI"},"content":{"rendered":"<body><p>Maravillosa bullet para estimulaci\u00f3n del cl\u00edtoris con hermoso dise\u00f1o con brillantina, sus potentes velocidades ayudar\u00e1n a crear nuevos est\u00edmulos para alcanzar con mayor facilidad una sensaci\u00f3n \u00fanica. Con uso de pilas, Se recomiendo el uso de lubricantes ST a base de agua con este producto<\/p>\n<\/body>","protected":false},"excerpt":{"rendered":"<p>Maravillosa bullet para estimulaci\u00f3n del cl\u00edtoris con hermoso dise\u00f1o.<\/p>\n","protected":false},"featured_media":1537,"comment_status":"open","ping_status":"closed","template":"","meta":{"om_disable_all_campaigns":false},"product_brand":[],"product_cat":[69],"product_tag":[],"class_list":{"0":"post-1536","1":"product","2":"type-product","3":"status-publish","4":"has-post-thumbnail","6":"product_cat-vibradores","8":"first","9":"instock","10":"shipping-taxable","11":"purchasable","12":"product-type-simple"},"jetpack_sharing_enabled":true,"_links":{"self":[{"href":"https:\/\/anysexshop.com.ar\/shop\/wp-json\/wp\/v2\/product\/1536","targetHints":{"allow":["GET"]}}],"collection":[{"href":"https:\/\/anysexshop.com.ar\/shop\/wp-json\/wp\/v2\/product"}],"about":[{"href":"https:\/\/anysexshop.com.ar\/shop\/wp-json\/wp\/v2\/types\/product"}],"replies":[{"embeddable":true,"href":"https:\/\/anysexshop.com.ar\/shop\/wp-json\/wp\/v2\/comments?post=1536"}],"wp:featuredmedia":[{"embeddable":true,"href":"https:\/\/anysexshop.com.ar\/shop\/wp-json\/wp\/v2\/media\/1537"}],"wp:attachment":[{"href":"https:\/\/anysexshop.com.ar\/shop\/wp-json\/wp\/v2\/media?parent=1536"}],"wp:term":[{"taxonomy":"product_brand","embeddable":true,"href":"https:\/\/anysexshop.com.ar\/shop\/wp-json\/wp\/v2\/product_brand?post=1536"},{"taxonomy":"product_cat","embeddable":true,"href":"https:\/\/anysexshop.com.ar\/shop\/wp-json\/wp\/v2\/product_cat?post=1536"},{"taxonomy":"product_tag","embeddable":true,"href":"https:\/\/anysexshop.com.ar\/shop\/wp-json\/wp\/v2\/product_tag?post=1536"}],"curies":[{"name":"wp","href":"https:\/\/api.w.org\/{rel}","templated":true}]}}