{"id":1920,"date":"2022-06-24T16:17:46","date_gmt":"2022-06-24T19:17:46","guid":{"rendered":"https:\/\/anysexshop.com.ar\/shop\/?post_type=product&#038;p=1920"},"modified":"2026-03-04T20:41:13","modified_gmt":"2026-03-04T23:41:13","slug":"varita-anal-25-x-2-3-cm","status":"publish","type":"product","link":"https:\/\/anysexshop.com.ar\/shop\/product\/varita-anal-25-x-2-3-cm\/","title":{"rendered":"VARITA ANAL 25 X 2.3 CM"},"content":{"rendered":"<body><p><b>Varita Anal <\/b>\u00a0Sus bolitas de distintos di\u00e1metros permiten aumentar el placer anal paso a paso. Su flexibilidad brinda la posibilidad de jugar a cualquier velocidad y en cualquier posici\u00f3n. Su anillo de recuperaci\u00f3n, adem\u00e1s de brindarnos seguridad, nos ayuda a sacar el juguete lentamente aumentando a\u00fan m\u00e1s el placer. Reinv\u00e9ntate con tu pareja, las posibilidades de disfrutar de orgasmos intensos son infinitas!<br>\nMuchas mujeres las usan tambi\u00e9n para placer vaginal. Importante, si las bolas han estado en el ano antes de introducirse en la vagina deben lavarse muy bien, con jab\u00f3n neutro y agua tibia.<br>\nSu medida de 25 cm y 2,3 cm de di\u00e1metro. Encuentra tambi\u00e9n la varita con vibro. Como el ano no es capaz de producir ning\u00fan tipo de lubricaci\u00f3n natural<\/p>\n<blockquote><p>Tipo: Varita anal.<\/p><\/blockquote>\n<blockquote><p>Medida: 25 cm x 2,3 \u00d8.<\/p><\/blockquote>\n<blockquote><p>Phthalate Free \/ Libre de Ftalato.<\/p><\/blockquote>\n<blockquote><p>Industria Argentina.<\/p><\/blockquote>\n<\/body>","protected":false},"excerpt":{"rendered":"<p>Varita Anal \u00a0Sus bolitas de distintos di\u00e1metros permiten aumentar el placer anal paso a paso. Su flexibilidad brinda la posibilidad de jugar a cualquier velocidad y en cualquier posici\u00f3n. Su anillo de recuperaci\u00f3n, adem\u00e1s de brindarnos seguridad, nos ayuda a sacar el juguete lentamente aumentando a\u00fan m\u00e1s el placer. Reinv\u00e9ntate&hellip; <\/p>\n","protected":false},"featured_media":1921,"comment_status":"open","ping_status":"closed","template":"","meta":{"om_disable_all_campaigns":false},"product_brand":[],"product_cat":[57],"product_tag":[],"class_list":{"0":"post-1920","1":"product","2":"type-product","3":"status-publish","4":"has-post-thumbnail","6":"product_cat-anales","8":"first","9":"instock","10":"shipping-taxable","11":"purchasable","12":"product-type-simple"},"jetpack_sharing_enabled":true,"_links":{"self":[{"href":"https:\/\/anysexshop.com.ar\/shop\/wp-json\/wp\/v2\/product\/1920","targetHints":{"allow":["GET"]}}],"collection":[{"href":"https:\/\/anysexshop.com.ar\/shop\/wp-json\/wp\/v2\/product"}],"about":[{"href":"https:\/\/anysexshop.com.ar\/shop\/wp-json\/wp\/v2\/types\/product"}],"replies":[{"embeddable":true,"href":"https:\/\/anysexshop.com.ar\/shop\/wp-json\/wp\/v2\/comments?post=1920"}],"wp:featuredmedia":[{"embeddable":true,"href":"https:\/\/anysexshop.com.ar\/shop\/wp-json\/wp\/v2\/media\/1921"}],"wp:attachment":[{"href":"https:\/\/anysexshop.com.ar\/shop\/wp-json\/wp\/v2\/media?parent=1920"}],"wp:term":[{"taxonomy":"product_brand","embeddable":true,"href":"https:\/\/anysexshop.com.ar\/shop\/wp-json\/wp\/v2\/product_brand?post=1920"},{"taxonomy":"product_cat","embeddable":true,"href":"https:\/\/anysexshop.com.ar\/shop\/wp-json\/wp\/v2\/product_cat?post=1920"},{"taxonomy":"product_tag","embeddable":true,"href":"https:\/\/anysexshop.com.ar\/shop\/wp-json\/wp\/v2\/product_tag?post=1920"}],"curies":[{"name":"wp","href":"https:\/\/api.w.org\/{rel}","templated":true}]}}