{"id":1923,"date":"2022-06-24T16:38:11","date_gmt":"2022-06-24T19:38:11","guid":{"rendered":"https:\/\/anysexshop.com.ar\/shop\/?post_type=product&#038;p=1923"},"modified":"2026-03-04T20:41:05","modified_gmt":"2026-03-04T23:41:05","slug":"varita-triple-anal-doble-penetracion","status":"publish","type":"product","link":"https:\/\/anysexshop.com.ar\/shop\/product\/varita-triple-anal-doble-penetracion\/","title":{"rendered":"VARITA TRIPLE ANAL DOBLE PENETRACION"},"content":{"rendered":"<body><div class=\"box\"><\/div>\n<div class=\"descripcion-corta\">\n<p>\u00a0<\/p>\n<div><b>Varita Anal Triple Play Roja.\u00a0<\/b>Placer anal asegurado con este modelo 3 en 1. Su presentaci\u00f3n de tres niveles de bolitas de distintos di\u00e1metros permite aumentar el placer paso a paso y variar la estimulaci\u00f3n gracias a la versatilidad de este juguete. Logra una dilataci\u00f3n anal graduada es posible gracias a la flexibilidad de la varita. Juega con tu pareja a cualquier velocidad y en cualquier posici\u00f3n.<br>\nMuchas mujeres las usan tambi\u00e9n para placer vaginal. Importante, si las bolas han estado en el ano antes de introducirse en la vagina deben lavarse muy bien, con jab\u00f3n neutro y agua tibia.<i><\/i><i><\/i><br>\nSu medida general es de 30 cm y 3 cm de di\u00e1metro. El primer nivel cuenta con 6 esferas que van de 0,5 cm\u00a0 a 2 cm. El segundo nivel cuenta con 4 esferas de 1,5 cm a 3 cm. El tercer nivel cuenta con esferas que van desde 3 cm a 2 cm.<br>\nComo el ano no es capaz de producir ning\u00fan tipo de lubricaci\u00f3n natural, se recomienda el uso de lubricante anal Real Skin.<br>\n** Informamos que las medidas y color del art\u00edculo pueden diferir dependiendo la partida.\n<blockquote><p>Tipo: Varita anal triple.<\/p><\/blockquote>\n<blockquote><p>Medida: 30 cm x 3 \u00d8.<\/p><\/blockquote>\n<blockquote><p>Phthalate Free \/ Libre de Ftalato.<\/p><\/blockquote>\n<blockquote><p>Industria Argentina<\/p><\/blockquote>\n<\/div>\n<\/div>\n<\/body>","protected":false},"excerpt":{"rendered":"<p>\u00a0 Varita Anal Triple Play Roja.\u00a0Placer anal asegurado con este modelo 3 en 1. Su presentaci\u00f3n de tres niveles de bolitas de distintos di\u00e1metros permite aumentar el placer paso a paso y variar la estimulaci\u00f3n gracias a la versatilidad de este juguete. Logra una dilataci\u00f3n anal graduada es posible gracias&hellip; <\/p>\n","protected":false},"featured_media":1924,"comment_status":"open","ping_status":"closed","template":"","meta":{"om_disable_all_campaigns":false},"product_brand":[],"product_cat":[57],"product_tag":[],"class_list":{"0":"post-1923","1":"product","2":"type-product","3":"status-publish","4":"has-post-thumbnail","6":"product_cat-anales","8":"first","9":"instock","10":"shipping-taxable","11":"purchasable","12":"product-type-simple"},"jetpack_sharing_enabled":true,"_links":{"self":[{"href":"https:\/\/anysexshop.com.ar\/shop\/wp-json\/wp\/v2\/product\/1923","targetHints":{"allow":["GET"]}}],"collection":[{"href":"https:\/\/anysexshop.com.ar\/shop\/wp-json\/wp\/v2\/product"}],"about":[{"href":"https:\/\/anysexshop.com.ar\/shop\/wp-json\/wp\/v2\/types\/product"}],"replies":[{"embeddable":true,"href":"https:\/\/anysexshop.com.ar\/shop\/wp-json\/wp\/v2\/comments?post=1923"}],"wp:featuredmedia":[{"embeddable":true,"href":"https:\/\/anysexshop.com.ar\/shop\/wp-json\/wp\/v2\/media\/1924"}],"wp:attachment":[{"href":"https:\/\/anysexshop.com.ar\/shop\/wp-json\/wp\/v2\/media?parent=1923"}],"wp:term":[{"taxonomy":"product_brand","embeddable":true,"href":"https:\/\/anysexshop.com.ar\/shop\/wp-json\/wp\/v2\/product_brand?post=1923"},{"taxonomy":"product_cat","embeddable":true,"href":"https:\/\/anysexshop.com.ar\/shop\/wp-json\/wp\/v2\/product_cat?post=1923"},{"taxonomy":"product_tag","embeddable":true,"href":"https:\/\/anysexshop.com.ar\/shop\/wp-json\/wp\/v2\/product_tag?post=1923"}],"curies":[{"name":"wp","href":"https:\/\/api.w.org\/{rel}","templated":true}]}}