{"id":1939,"date":"2022-06-24T16:59:58","date_gmt":"2022-06-24T19:59:58","guid":{"rendered":"https:\/\/anysexshop.com.ar\/shop\/?post_type=product&#038;p=1939"},"modified":"2026-03-02T21:59:52","modified_gmt":"2026-03-03T00:59:52","slug":"vibrador-ciber-vibe-super-realistico-18-x-4-5-cm","status":"publish","type":"product","link":"https:\/\/anysexshop.com.ar\/shop\/product\/vibrador-ciber-vibe-super-realistico-18-x-4-5-cm\/","title":{"rendered":"VIBRADOR CIBER-VIBE SUPER REALISTICO 18 X 4.5 CM"},"content":{"rendered":"<body><div class=\"box\"><\/div>\n<div class=\"descripcion-corta\">\n<p><b>Cyber-Vibe Super Real\u00edstico.<\/b> Ideal para los que buscan realismo y satisfacci\u00f3n, la l\u00ednea cyber\u00a0es s\u00faper real\u00edstica, s\u00edmil a la piel, suave al tacto y afelpada. Este vibrador es\u00a0hipoalerg\u00e9nico y se adapta a la temperatura corporal permitiendo sentir mejor sus vibraciones y su textura.\u00a0La base es compatible para uso con arn\u00e9s y su vibrador multi speed regula la intensidad del juguete sexual.\u00a0Se recomienda el uso de lubricantes<\/p>\n<blockquote><p>Tipo: Dildo con Vibro.<\/p><\/blockquote>\n<blockquote><p>Medida: 18 cm x 4,5 \u00d8.<\/p><\/blockquote>\n<blockquote><p>Pilas: 2 Pilas AA (no incluidas).<\/p><\/blockquote>\n<blockquote><p>Phthalate Free \/ Libre de Ftalato.<\/p><\/blockquote>\n<blockquote><p>Industria Argentina<\/p><\/blockquote>\n<\/div>\n<\/body>","protected":false},"excerpt":{"rendered":"<p>Cyber-Vibe Super Real\u00edstico. Ideal para los que buscan realismo y satisfacci\u00f3n, la l\u00ednea cyber\u00a0es s\u00faper real\u00edstica, s\u00edmil a la piel, suave al tacto y afelpada. Este vibrador es\u00a0hipoalerg\u00e9nico y se adapta a la temperatura corporal permitiendo sentir mejor sus vibraciones y su textura.\u00a0La base es compatible para uso con arn\u00e9s&hellip; <\/p>\n","protected":false},"featured_media":1940,"comment_status":"open","ping_status":"closed","template":"","meta":{"om_disable_all_campaigns":false},"product_brand":[],"product_cat":[69],"product_tag":[],"class_list":{"0":"post-1939","1":"product","2":"type-product","3":"status-publish","4":"has-post-thumbnail","6":"product_cat-vibradores","8":"first","9":"instock","10":"shipping-taxable","11":"purchasable","12":"product-type-simple"},"jetpack_sharing_enabled":true,"_links":{"self":[{"href":"https:\/\/anysexshop.com.ar\/shop\/wp-json\/wp\/v2\/product\/1939","targetHints":{"allow":["GET"]}}],"collection":[{"href":"https:\/\/anysexshop.com.ar\/shop\/wp-json\/wp\/v2\/product"}],"about":[{"href":"https:\/\/anysexshop.com.ar\/shop\/wp-json\/wp\/v2\/types\/product"}],"replies":[{"embeddable":true,"href":"https:\/\/anysexshop.com.ar\/shop\/wp-json\/wp\/v2\/comments?post=1939"}],"wp:featuredmedia":[{"embeddable":true,"href":"https:\/\/anysexshop.com.ar\/shop\/wp-json\/wp\/v2\/media\/1940"}],"wp:attachment":[{"href":"https:\/\/anysexshop.com.ar\/shop\/wp-json\/wp\/v2\/media?parent=1939"}],"wp:term":[{"taxonomy":"product_brand","embeddable":true,"href":"https:\/\/anysexshop.com.ar\/shop\/wp-json\/wp\/v2\/product_brand?post=1939"},{"taxonomy":"product_cat","embeddable":true,"href":"https:\/\/anysexshop.com.ar\/shop\/wp-json\/wp\/v2\/product_cat?post=1939"},{"taxonomy":"product_tag","embeddable":true,"href":"https:\/\/anysexshop.com.ar\/shop\/wp-json\/wp\/v2\/product_tag?post=1939"}],"curies":[{"name":"wp","href":"https:\/\/api.w.org\/{rel}","templated":true}]}}