{"id":1953,"date":"2022-06-24T18:28:40","date_gmt":"2022-06-24T21:28:40","guid":{"rendered":"https:\/\/anysexshop.com.ar\/shop\/?post_type=product&#038;p=1953"},"modified":"2026-03-02T21:59:17","modified_gmt":"2026-03-03T00:59:17","slug":"vibrador-ciber-americano-grande-20-x-4-cm","status":"publish","type":"product","link":"https:\/\/anysexshop.com.ar\/shop\/product\/vibrador-ciber-americano-grande-20-x-4-cm\/","title":{"rendered":"VIBRADOR CIBER AMERICANO GRANDE 20 X 4 CM"},"content":{"rendered":"<body><p><b>Cyber-Vibe Americano Grande Real\u00edstico.\u00a0<\/b>Ideal para los que buscan realismo y satisfacci\u00f3n, la l\u00ednea cyber\u00a0es s\u00faper real\u00edstica, s\u00edmil a la piel, suave al tacto y afelpada. Este vibrador es\u00a0hipoalerg\u00e9nico y se adapta a la temperatura corporal permitiendo sentir mejor sus vibraciones y su textura. Su vibrador multi speed regula la intensidad del juguete sexual. Encontralo tambi\u00e9n en tama\u00f1o mediano. Se recomienda el uso de lubricantes Real Skin.<b>** Informamos que las medidas y color del art\u00edculo pueden diferir dependiendo la partida.\u00a0<\/b><\/p>\n<blockquote><p>Tipo: Dildo con Vibro.<\/p><\/blockquote>\n<blockquote><p>Medida:\u00a020 cm x 4 \u00d8.<\/p><\/blockquote>\n<blockquote><p>Pilas: 2 Pilas AA (no incluidas).<\/p><\/blockquote>\n<blockquote><p>Phthalate Free \/ Libre de Ftalato.<\/p><\/blockquote>\n<blockquote><p>Industria Argentina.<\/p><\/blockquote>\n<\/body>","protected":false},"excerpt":{"rendered":"<p>Cyber-Vibe Americano Grande Real\u00edstico.\u00a0Ideal para los que buscan realismo y satisfacci\u00f3n, la l\u00ednea cyber\u00a0es s\u00faper real\u00edstica, s\u00edmil a la piel, suave al tacto y afelpada. Este vibrador es\u00a0hipoalerg\u00e9nico y se adapta a la temperatura corporal permitiendo sentir mejor sus vibraciones y su textura. Su vibrador multi speed regula la intensidad&hellip; <\/p>\n","protected":false},"featured_media":1954,"comment_status":"open","ping_status":"closed","template":"","meta":{"om_disable_all_campaigns":false},"product_brand":[],"product_cat":[69],"product_tag":[],"class_list":{"0":"post-1953","1":"product","2":"type-product","3":"status-publish","4":"has-post-thumbnail","6":"product_cat-vibradores","8":"first","9":"instock","10":"shipping-taxable","11":"purchasable","12":"product-type-simple"},"jetpack_sharing_enabled":true,"_links":{"self":[{"href":"https:\/\/anysexshop.com.ar\/shop\/wp-json\/wp\/v2\/product\/1953","targetHints":{"allow":["GET"]}}],"collection":[{"href":"https:\/\/anysexshop.com.ar\/shop\/wp-json\/wp\/v2\/product"}],"about":[{"href":"https:\/\/anysexshop.com.ar\/shop\/wp-json\/wp\/v2\/types\/product"}],"replies":[{"embeddable":true,"href":"https:\/\/anysexshop.com.ar\/shop\/wp-json\/wp\/v2\/comments?post=1953"}],"wp:featuredmedia":[{"embeddable":true,"href":"https:\/\/anysexshop.com.ar\/shop\/wp-json\/wp\/v2\/media\/1954"}],"wp:attachment":[{"href":"https:\/\/anysexshop.com.ar\/shop\/wp-json\/wp\/v2\/media?parent=1953"}],"wp:term":[{"taxonomy":"product_brand","embeddable":true,"href":"https:\/\/anysexshop.com.ar\/shop\/wp-json\/wp\/v2\/product_brand?post=1953"},{"taxonomy":"product_cat","embeddable":true,"href":"https:\/\/anysexshop.com.ar\/shop\/wp-json\/wp\/v2\/product_cat?post=1953"},{"taxonomy":"product_tag","embeddable":true,"href":"https:\/\/anysexshop.com.ar\/shop\/wp-json\/wp\/v2\/product_tag?post=1953"}],"curies":[{"name":"wp","href":"https:\/\/api.w.org\/{rel}","templated":true}]}}