{"id":1962,"date":"2022-06-24T18:50:16","date_gmt":"2022-06-24T21:50:16","guid":{"rendered":"https:\/\/anysexshop.com.ar\/shop\/?post_type=product&#038;p=1962"},"modified":"2025-10-09T20:45:51","modified_gmt":"2025-10-09T23:45:51","slug":"anillo-con-consolador-hot-finger-inalambrico","status":"publish","type":"product","link":"https:\/\/anysexshop.com.ar\/shop\/product\/anillo-con-consolador-hot-finger-inalambrico\/","title":{"rendered":"ANILLO CON CONSOLADOR HOT FINGER INALAMBRICO"},"content":{"rendered":"<body><p><b>Mini Vibe Hot Finger Rojo.<\/b>\u00a0Este juguete anal posee una caracter\u00edstica distintiva que es la de doble penetraci\u00f3n, siendo ideal para la penetraci\u00f3n anal y vaginal de forma simult\u00e1nea. Este modelo viene con micro vibro, para incrementar tu momento de pasi\u00f3n. A su vez, puede utilizarse como dilatador anal para que luego sea m\u00e1s f\u00e1cil penetrar con el pene.<br>\nModo de uso: el anillo es colocado alrededor del pene reteniendo la erecci\u00f3n cuando este penetra en la vagina, mientras que el dedo penetra simult\u00e1neamente el ano.<br>\nSu medida es de 14 cm y 2,5 cm de di\u00e1metro. Encontra tambi\u00e9n este hot finger sin vibro y en distintos tama\u00f1os. Se recomienda el uso de lubricantes<\/p>\n<blockquote><p>Tipo: Anal con Vibro.<\/p><\/blockquote>\n<blockquote><p>Medida: 14 cm x 2,5 \u00d8.<\/p><\/blockquote>\n<blockquote><p>Pilas: 3 bater\u00edas LR44 (no incluidas).<\/p><\/blockquote>\n<blockquote><p>Phthalate Free \/ Libre de Ftalato.<\/p><\/blockquote>\n<blockquote><p>Industria Argentina.<\/p><\/blockquote>\n<\/body>","protected":false},"excerpt":{"rendered":"<p>Mini Vibe Hot Finger Rojo.\u00a0Este juguete anal posee una caracter\u00edstica distintiva que es la de doble penetraci\u00f3n, siendo ideal para la penetraci\u00f3n anal y vaginal de forma simult\u00e1nea. Este modelo viene con micro vibro, para incrementar tu momento de pasi\u00f3n. A su vez, puede utilizarse como dilatador anal para que&hellip; <\/p>\n","protected":false},"featured_media":1963,"comment_status":"open","ping_status":"closed","template":"","meta":{"om_disable_all_campaigns":false},"product_brand":[],"product_cat":[58,63],"product_tag":[],"class_list":{"0":"post-1962","1":"product","2":"type-product","3":"status-publish","4":"has-post-thumbnail","6":"product_cat-anillos","7":"product_cat-dobles","9":"first","10":"outofstock","11":"shipping-taxable","12":"product-type-simple"},"jetpack_sharing_enabled":true,"_links":{"self":[{"href":"https:\/\/anysexshop.com.ar\/shop\/wp-json\/wp\/v2\/product\/1962","targetHints":{"allow":["GET"]}}],"collection":[{"href":"https:\/\/anysexshop.com.ar\/shop\/wp-json\/wp\/v2\/product"}],"about":[{"href":"https:\/\/anysexshop.com.ar\/shop\/wp-json\/wp\/v2\/types\/product"}],"replies":[{"embeddable":true,"href":"https:\/\/anysexshop.com.ar\/shop\/wp-json\/wp\/v2\/comments?post=1962"}],"wp:featuredmedia":[{"embeddable":true,"href":"https:\/\/anysexshop.com.ar\/shop\/wp-json\/wp\/v2\/media\/1963"}],"wp:attachment":[{"href":"https:\/\/anysexshop.com.ar\/shop\/wp-json\/wp\/v2\/media?parent=1962"}],"wp:term":[{"taxonomy":"product_brand","embeddable":true,"href":"https:\/\/anysexshop.com.ar\/shop\/wp-json\/wp\/v2\/product_brand?post=1962"},{"taxonomy":"product_cat","embeddable":true,"href":"https:\/\/anysexshop.com.ar\/shop\/wp-json\/wp\/v2\/product_cat?post=1962"},{"taxonomy":"product_tag","embeddable":true,"href":"https:\/\/anysexshop.com.ar\/shop\/wp-json\/wp\/v2\/product_tag?post=1962"}],"curies":[{"name":"wp","href":"https:\/\/api.w.org\/{rel}","templated":true}]}}