{"id":1968,"date":"2022-06-24T18:59:00","date_gmt":"2022-06-24T21:59:00","guid":{"rendered":"https:\/\/anysexshop.com.ar\/shop\/?post_type=product&#038;p=1968"},"modified":"2025-12-17T16:14:42","modified_gmt":"2025-12-17T19:14:42","slug":"dilatador-anal-mini-vibrador-inalambrico","status":"publish","type":"product","link":"https:\/\/anysexshop.com.ar\/shop\/product\/dilatador-anal-mini-vibrador-inalambrico\/","title":{"rendered":"DILATADOR ANAL ELIXIR 12 X 3 CM"},"content":{"rendered":"<body><p>\u00a0<\/p>\n<p><b>Plug Anal Elixir ML Color Azul.<\/b>\u00a0Este plug en forma de l\u00e1grima es un estimulador anal que se ajusta a los contornos del cuerpo ofreci\u00e9ndote la estimulaci\u00f3n m\u00e1s intensa que jam\u00e1s imaginaste. Su forma permite una inserci\u00f3n sutil y c\u00f3moda, y a su vez, su material llamado jelly colabora con la suavidad y la flexibilidad del juguete. Cuenta con una base que hace tope para mayor seguridad. Su tama\u00f1o y color llevar\u00e1n tu experiencia hacia otra galaxia.<br>\nSu medida es de 12 cm y 3 cm de di\u00e1metro.<\/p>\n<blockquote><p>Tipo: Anal sin Vibro.<\/p><\/blockquote>\n<blockquote><p>Medida: 12 cm x 3 \u00d8.<\/p><\/blockquote>\n<blockquote><p>Phthalate Free \/ Libre de Ftalato.<\/p><\/blockquote>\n<blockquote><p>Industria Argentina.<\/p><\/blockquote>\n<\/body>","protected":false},"excerpt":{"rendered":"<p>\u00a0 Plug Anal Elixir ML Color Azul.\u00a0Este plug en forma de l\u00e1grima es un estimulador anal que se ajusta a los contornos del cuerpo ofreci\u00e9ndote la estimulaci\u00f3n m\u00e1s intensa que jam\u00e1s imaginaste. Su forma permite una inserci\u00f3n sutil y c\u00f3moda, y a su vez, su material llamado jelly colabora con&hellip; <\/p>\n","protected":false},"featured_media":6385,"comment_status":"open","ping_status":"closed","template":"","meta":{"om_disable_all_campaigns":false},"product_brand":[],"product_cat":[57],"product_tag":[],"class_list":{"0":"post-1968","1":"product","2":"type-product","3":"status-publish","4":"has-post-thumbnail","6":"product_cat-anales","8":"first","9":"outofstock","10":"shipping-taxable","11":"purchasable","12":"product-type-simple"},"jetpack_sharing_enabled":true,"_links":{"self":[{"href":"https:\/\/anysexshop.com.ar\/shop\/wp-json\/wp\/v2\/product\/1968","targetHints":{"allow":["GET"]}}],"collection":[{"href":"https:\/\/anysexshop.com.ar\/shop\/wp-json\/wp\/v2\/product"}],"about":[{"href":"https:\/\/anysexshop.com.ar\/shop\/wp-json\/wp\/v2\/types\/product"}],"replies":[{"embeddable":true,"href":"https:\/\/anysexshop.com.ar\/shop\/wp-json\/wp\/v2\/comments?post=1968"}],"wp:featuredmedia":[{"embeddable":true,"href":"https:\/\/anysexshop.com.ar\/shop\/wp-json\/wp\/v2\/media\/6385"}],"wp:attachment":[{"href":"https:\/\/anysexshop.com.ar\/shop\/wp-json\/wp\/v2\/media?parent=1968"}],"wp:term":[{"taxonomy":"product_brand","embeddable":true,"href":"https:\/\/anysexshop.com.ar\/shop\/wp-json\/wp\/v2\/product_brand?post=1968"},{"taxonomy":"product_cat","embeddable":true,"href":"https:\/\/anysexshop.com.ar\/shop\/wp-json\/wp\/v2\/product_cat?post=1968"},{"taxonomy":"product_tag","embeddable":true,"href":"https:\/\/anysexshop.com.ar\/shop\/wp-json\/wp\/v2\/product_tag?post=1968"}],"curies":[{"name":"wp","href":"https:\/\/api.w.org\/{rel}","templated":true}]}}