{"id":1998,"date":"2022-06-25T17:09:36","date_gmt":"2022-06-25T20:09:36","guid":{"rendered":"https:\/\/anysexshop.com.ar\/shop\/?post_type=product&#038;p=1998"},"modified":"2026-02-27T11:38:23","modified_gmt":"2026-02-27T14:38:23","slug":"consolador-ciber-suck-banana-piel-23-x-4cm","status":"publish","type":"product","link":"https:\/\/anysexshop.com.ar\/shop\/product\/consolador-ciber-suck-banana-piel-23-x-4cm\/","title":{"rendered":"CONSOLADOR CIBER SUCK BANANA PIEL 23 X 4CM"},"content":{"rendered":"<body><p>Cyber Suck Banana. Para los que buscan realismo y satisfacci\u00f3n, la l\u00ednea cyber es s\u00faper real\u00edstica, s\u00edmil a la piel y suave al tacto. Para vivir una experiencia de placer puro, el dildo ofrece una sensaci\u00f3n real de un pene. El suck posee sopapa, lo que permite su adhesi\u00f3n a la superficie y es compatible con el uso de arn\u00e9s. Se recomienda el uso de lubricantes<\/p>\n<p>Tipo: Dildo con sopapa.<br>\nMedida: 23 cm x 4 \u00d8.<br>\nModelo Water Proof \/ Prueba de agua.<br>\nPhthalate Free \/ Libre Ftalato.<br>\nIndustria Argentina.<\/p>\n<\/body>","protected":false},"excerpt":{"rendered":"<p>Cyber Suck Banana. Para los que buscan realismo y satisfacci\u00f3n, la l\u00ednea cyber es s\u00faper real\u00edstica, s\u00edmil a la piel y suave al tacto. Para vivir una experiencia de placer puro, el dildo ofrece una sensaci\u00f3n real de un pene. El suck posee sopapa, lo que permite su adhesi\u00f3n a&hellip; <\/p>\n","protected":false},"featured_media":1999,"comment_status":"open","ping_status":"closed","template":"","meta":{"om_disable_all_campaigns":false},"product_brand":[],"product_cat":[62],"product_tag":[],"class_list":{"0":"post-1998","1":"product","2":"type-product","3":"status-publish","4":"has-post-thumbnail","6":"product_cat-consoladores","8":"first","9":"instock","10":"shipping-taxable","11":"purchasable","12":"product-type-simple"},"jetpack_sharing_enabled":true,"_links":{"self":[{"href":"https:\/\/anysexshop.com.ar\/shop\/wp-json\/wp\/v2\/product\/1998","targetHints":{"allow":["GET"]}}],"collection":[{"href":"https:\/\/anysexshop.com.ar\/shop\/wp-json\/wp\/v2\/product"}],"about":[{"href":"https:\/\/anysexshop.com.ar\/shop\/wp-json\/wp\/v2\/types\/product"}],"replies":[{"embeddable":true,"href":"https:\/\/anysexshop.com.ar\/shop\/wp-json\/wp\/v2\/comments?post=1998"}],"wp:featuredmedia":[{"embeddable":true,"href":"https:\/\/anysexshop.com.ar\/shop\/wp-json\/wp\/v2\/media\/1999"}],"wp:attachment":[{"href":"https:\/\/anysexshop.com.ar\/shop\/wp-json\/wp\/v2\/media?parent=1998"}],"wp:term":[{"taxonomy":"product_brand","embeddable":true,"href":"https:\/\/anysexshop.com.ar\/shop\/wp-json\/wp\/v2\/product_brand?post=1998"},{"taxonomy":"product_cat","embeddable":true,"href":"https:\/\/anysexshop.com.ar\/shop\/wp-json\/wp\/v2\/product_cat?post=1998"},{"taxonomy":"product_tag","embeddable":true,"href":"https:\/\/anysexshop.com.ar\/shop\/wp-json\/wp\/v2\/product_tag?post=1998"}],"curies":[{"name":"wp","href":"https:\/\/api.w.org\/{rel}","templated":true}]}}