{"id":2025,"date":"2022-06-25T18:27:39","date_gmt":"2022-06-25T21:27:39","guid":{"rendered":"https:\/\/anysexshop.com.ar\/shop\/?post_type=product&#038;p=2025"},"modified":"2026-01-12T18:53:58","modified_gmt":"2026-01-12T21:53:58","slug":"arnes-americano-piel-20-x-4-cm","status":"publish","type":"product","link":"https:\/\/anysexshop.com.ar\/shop\/product\/arnes-americano-piel-20-x-4-cm\/","title":{"rendered":"ARNES +AMERICANO PIEL 21 X 4 CM"},"content":{"rendered":"<body><p><b>Arnes americano piel.\u00a0<\/b>Juguete ideal para cambio de roles. El arn\u00e9s\u00a0es ajustable a cada cuerpo, con un dildo totalmente real\u00edstico. Encontr\u00e1 tambi\u00e9n\u00a0este art\u00edculo en una medida m\u00e1s peque\u00f1a.<b><br>\n<\/b><\/p>\n<blockquote><p>Tipo: Arn\u00e9s.<\/p><\/blockquote>\n<blockquote><p>Medida: 21 cm x 4 \u00d8.<\/p><\/blockquote>\n<blockquote><p>Color: Carne.<\/p><\/blockquote>\n<blockquote><p>Phthalate free \/ Libre de Ftalato.<\/p><\/blockquote>\n<blockquote><p>Industria Argentina.<\/p><\/blockquote>\n<\/body>","protected":false},"excerpt":{"rendered":"<p>Arnes americano piel.\u00a0Juguete ideal para cambio de roles. El arn\u00e9s\u00a0es ajustable a cada cuerpo, con un dildo totalmente real\u00edstico. Encontr\u00e1 tambi\u00e9n\u00a0este art\u00edculo en una medida m\u00e1s peque\u00f1a. Tipo: Arn\u00e9s. Medida: 21 cm x 4 \u00d8. Color: Carne. Phthalate free \/ Libre de Ftalato. Industria Argentina.<\/p>\n","protected":false},"featured_media":2027,"comment_status":"open","ping_status":"closed","template":"","meta":{"om_disable_all_campaigns":false},"product_brand":[],"product_cat":[59],"product_tag":[],"class_list":{"0":"post-2025","1":"product","2":"type-product","3":"status-publish","4":"has-post-thumbnail","6":"product_cat-arnes-strapon-cambio-de-roles-protesis","8":"first","9":"outofstock","10":"shipping-taxable","11":"product-type-simple"},"jetpack_sharing_enabled":true,"_links":{"self":[{"href":"https:\/\/anysexshop.com.ar\/shop\/wp-json\/wp\/v2\/product\/2025","targetHints":{"allow":["GET"]}}],"collection":[{"href":"https:\/\/anysexshop.com.ar\/shop\/wp-json\/wp\/v2\/product"}],"about":[{"href":"https:\/\/anysexshop.com.ar\/shop\/wp-json\/wp\/v2\/types\/product"}],"replies":[{"embeddable":true,"href":"https:\/\/anysexshop.com.ar\/shop\/wp-json\/wp\/v2\/comments?post=2025"}],"wp:featuredmedia":[{"embeddable":true,"href":"https:\/\/anysexshop.com.ar\/shop\/wp-json\/wp\/v2\/media\/2027"}],"wp:attachment":[{"href":"https:\/\/anysexshop.com.ar\/shop\/wp-json\/wp\/v2\/media?parent=2025"}],"wp:term":[{"taxonomy":"product_brand","embeddable":true,"href":"https:\/\/anysexshop.com.ar\/shop\/wp-json\/wp\/v2\/product_brand?post=2025"},{"taxonomy":"product_cat","embeddable":true,"href":"https:\/\/anysexshop.com.ar\/shop\/wp-json\/wp\/v2\/product_cat?post=2025"},{"taxonomy":"product_tag","embeddable":true,"href":"https:\/\/anysexshop.com.ar\/shop\/wp-json\/wp\/v2\/product_tag?post=2025"}],"curies":[{"name":"wp","href":"https:\/\/api.w.org\/{rel}","templated":true}]}}