{"id":2232,"date":"2022-07-30T15:14:53","date_gmt":"2022-07-30T18:14:53","guid":{"rendered":"https:\/\/anysexshop.com.ar\/shop\/?post_type=product&#038;p=2232"},"modified":"2026-01-31T16:15:37","modified_gmt":"2026-01-31T19:15:37","slug":"aceite-comestible-love-potion-champagne","status":"publish","type":"product","link":"https:\/\/anysexshop.com.ar\/shop\/product\/aceite-comestible-love-potion-champagne\/","title":{"rendered":"ACEITE COMESTIBLE LOVE POTION CHAMPAG\u00d1E"},"content":{"rendered":"<body><h2>Mini Love Potion | Champagne<\/h2>\n<p>Besos \u00edntimos. Este es tu momento. Descubr\u00ed la pasi\u00f3n con los aceites comestibles, c\u00e1lidos y sedosos Love Potion, har\u00e1n de tus besos los m\u00e1s sensuales.<\/p>\n<h1>Jug\u00e1 con tus labios!<\/h1>\n<p>SexyTips: Comienza el viaje para descubrir las partes m\u00e1s secretas del cuerpo!<\/p>\n<ul>\n<li>Descubrir\u2026\u00a0Descubr\u00ed la calidez y el deseo invitando a besar.<\/li>\n<li>Besar\u2026 Dej\u00e1 volar la imaginaci\u00f3n a\u00f1adiendo un c\u00e1lido dulzor a cada beso.<\/li>\n<li>Apasionar\u2026 Jug\u00e1 con tu boca saboreando los lujosos y sedosos aceites y derretilo de placer!<\/li>\n<\/ul>\n<p>Contenido: 30grs<\/p>\n<\/body>","protected":false},"excerpt":{"rendered":"<p>Mini Love Potion | Champagne Besos \u00edntimos. Este es tu momento. Descubr\u00ed la pasi\u00f3n con los aceites comestibles, c\u00e1lidos y sedosos Love Potion, har\u00e1n de tus besos los m\u00e1s sensuales. Jug\u00e1 con tus labios! SexyTips: Comienza el viaje para descubrir las partes m\u00e1s secretas del cuerpo! Descubrir\u2026\u00a0Descubr\u00ed la calidez y&hellip; <\/p>\n","protected":false},"featured_media":2233,"comment_status":"open","ping_status":"closed","template":"","meta":{"om_disable_all_campaigns":false},"product_brand":[],"product_cat":[54],"product_tag":[],"class_list":{"0":"post-2232","1":"product","2":"type-product","3":"status-publish","4":"has-post-thumbnail","6":"product_cat-geles-lubricantes-y-aceites","8":"first","9":"instock","10":"sale","11":"shipping-taxable","12":"purchasable","13":"product-type-simple"},"jetpack_sharing_enabled":true,"_links":{"self":[{"href":"https:\/\/anysexshop.com.ar\/shop\/wp-json\/wp\/v2\/product\/2232","targetHints":{"allow":["GET"]}}],"collection":[{"href":"https:\/\/anysexshop.com.ar\/shop\/wp-json\/wp\/v2\/product"}],"about":[{"href":"https:\/\/anysexshop.com.ar\/shop\/wp-json\/wp\/v2\/types\/product"}],"replies":[{"embeddable":true,"href":"https:\/\/anysexshop.com.ar\/shop\/wp-json\/wp\/v2\/comments?post=2232"}],"wp:featuredmedia":[{"embeddable":true,"href":"https:\/\/anysexshop.com.ar\/shop\/wp-json\/wp\/v2\/media\/2233"}],"wp:attachment":[{"href":"https:\/\/anysexshop.com.ar\/shop\/wp-json\/wp\/v2\/media?parent=2232"}],"wp:term":[{"taxonomy":"product_brand","embeddable":true,"href":"https:\/\/anysexshop.com.ar\/shop\/wp-json\/wp\/v2\/product_brand?post=2232"},{"taxonomy":"product_cat","embeddable":true,"href":"https:\/\/anysexshop.com.ar\/shop\/wp-json\/wp\/v2\/product_cat?post=2232"},{"taxonomy":"product_tag","embeddable":true,"href":"https:\/\/anysexshop.com.ar\/shop\/wp-json\/wp\/v2\/product_tag?post=2232"}],"curies":[{"name":"wp","href":"https:\/\/api.w.org\/{rel}","templated":true}]}}