{"id":2238,"date":"2022-07-30T15:22:16","date_gmt":"2022-07-30T18:22:16","guid":{"rendered":"https:\/\/anysexshop.com.ar\/shop\/?post_type=product&#038;p=2238"},"modified":"2026-01-12T18:52:49","modified_gmt":"2026-01-12T21:52:49","slug":"vela-para-masajes-desire-coconut-30g","status":"publish","type":"product","link":"https:\/\/anysexshop.com.ar\/shop\/product\/vela-para-masajes-desire-coconut-30g\/","title":{"rendered":"VELA PARA MASAJES DESIRE COCONUT-30 gr"},"content":{"rendered":"<body><p>Scented candle<\/p>\n<p>La vela se derrite convirti\u00e9ndose en un tibio aceite para masajes sedosos. Una rica combinaci\u00f3n de aceites naturales.<\/p>\n<p>1\u2665\ufe0f Encend\u00e9 la vela y dej\u00e1 que unos minutos para que se derrita el aceite.<\/p>\n<p>2 \u2665\ufe0f Aplic\u00e1 unas gotas sobre tu cuerpo o el de tu pareja.<\/p>\n<p>3 \u2665\ufe0f Dej\u00e1 volar la imaginaci\u00f3n y masaje\u00e1 sensualmente. Voil\u00e1!<\/p>\n<p>\u00a0<\/p>\n<p>Contenido neto: 15grs<\/p>\n<\/body>","protected":false},"excerpt":{"rendered":"<p>Scented candle La vela se derrite convirti\u00e9ndose en un tibio aceite para masajes sedosos. Una rica combinaci\u00f3n de aceites naturales. 1\u2665\ufe0f Encend\u00e9 la vela y dej\u00e1 que unos minutos para que se derrita el aceite. 2 \u2665\ufe0f Aplic\u00e1 unas gotas sobre tu cuerpo o el de tu pareja. 3 \u2665\ufe0f&hellip; <\/p>\n","protected":false},"featured_media":2239,"comment_status":"open","ping_status":"closed","template":"","meta":{"om_disable_all_campaigns":false},"product_brand":[],"product_cat":[54],"product_tag":[],"class_list":{"0":"post-2238","1":"product","2":"type-product","3":"status-publish","4":"has-post-thumbnail","6":"product_cat-geles-lubricantes-y-aceites","8":"first","9":"instock","10":"sale","11":"shipping-taxable","12":"purchasable","13":"product-type-simple"},"jetpack_sharing_enabled":true,"_links":{"self":[{"href":"https:\/\/anysexshop.com.ar\/shop\/wp-json\/wp\/v2\/product\/2238","targetHints":{"allow":["GET"]}}],"collection":[{"href":"https:\/\/anysexshop.com.ar\/shop\/wp-json\/wp\/v2\/product"}],"about":[{"href":"https:\/\/anysexshop.com.ar\/shop\/wp-json\/wp\/v2\/types\/product"}],"replies":[{"embeddable":true,"href":"https:\/\/anysexshop.com.ar\/shop\/wp-json\/wp\/v2\/comments?post=2238"}],"wp:featuredmedia":[{"embeddable":true,"href":"https:\/\/anysexshop.com.ar\/shop\/wp-json\/wp\/v2\/media\/2239"}],"wp:attachment":[{"href":"https:\/\/anysexshop.com.ar\/shop\/wp-json\/wp\/v2\/media?parent=2238"}],"wp:term":[{"taxonomy":"product_brand","embeddable":true,"href":"https:\/\/anysexshop.com.ar\/shop\/wp-json\/wp\/v2\/product_brand?post=2238"},{"taxonomy":"product_cat","embeddable":true,"href":"https:\/\/anysexshop.com.ar\/shop\/wp-json\/wp\/v2\/product_cat?post=2238"},{"taxonomy":"product_tag","embeddable":true,"href":"https:\/\/anysexshop.com.ar\/shop\/wp-json\/wp\/v2\/product_tag?post=2238"}],"curies":[{"name":"wp","href":"https:\/\/api.w.org\/{rel}","templated":true}]}}