{"id":2242,"date":"2022-07-30T15:30:08","date_gmt":"2022-07-30T18:30:08","guid":{"rendered":"https:\/\/anysexshop.com.ar\/shop\/?post_type=product&#038;p=2242"},"modified":"2026-01-12T18:52:14","modified_gmt":"2026-01-12T21:52:14","slug":"perfume-it-femme-para-mujer-afrodisiaco-50-ml","status":"publish","type":"product","link":"https:\/\/anysexshop.com.ar\/shop\/product\/perfume-it-femme-para-mujer-afrodisiaco-50-ml\/","title":{"rendered":"PERFUME PETIT MORT X 100 ML PARA MUJER CON FEROMONAS"},"content":{"rendered":"<body><p>Definida como una fragancia Floral Frutal oriental.<br>\n<strong>Notas de salida:<\/strong><br>\nBergamota, c\u00edtricos confitados<br>\ny mandarina verde<\/p>\n<p><strong>Notas de coraz\u00f3n:<\/strong><br>\nMezcla de chicle, canela, ar\u00e1ndanos, jengibre, rosa de Bulgaria, melocot\u00f3n jugoso y flor de cerezo.<\/p>\n<p><strong>Notas de fondo:<\/strong><br>\nMadera de cedro y c\u00f3ctel de almizcles sedosos<\/p>\n<p>\u00a0<\/p>\n<p>Contenido Neto: 100ml<\/p>\n<\/body>","protected":false},"excerpt":{"rendered":"<p>Definida como una fragancia Floral Frutal oriental. Notas de salida: Bergamota, c\u00edtricos confitados y mandarina verde Notas de coraz\u00f3n: Mezcla de chicle, canela, ar\u00e1ndanos, jengibre, rosa de Bulgaria, melocot\u00f3n jugoso y flor de cerezo. Notas de fondo: Madera de cedro y c\u00f3ctel de almizcles sedosos \u00a0 Contenido Neto: 100ml<\/p>\n","protected":false},"featured_media":3437,"comment_status":"open","ping_status":"closed","template":"","meta":{"om_disable_all_campaigns":false},"product_brand":[],"product_cat":[53],"product_tag":[],"class_list":{"0":"post-2242","1":"product","2":"type-product","3":"status-publish","4":"has-post-thumbnail","6":"product_cat-feromonas","8":"first","9":"instock","10":"sale","11":"shipping-taxable","12":"purchasable","13":"product-type-simple"},"jetpack_sharing_enabled":true,"_links":{"self":[{"href":"https:\/\/anysexshop.com.ar\/shop\/wp-json\/wp\/v2\/product\/2242","targetHints":{"allow":["GET"]}}],"collection":[{"href":"https:\/\/anysexshop.com.ar\/shop\/wp-json\/wp\/v2\/product"}],"about":[{"href":"https:\/\/anysexshop.com.ar\/shop\/wp-json\/wp\/v2\/types\/product"}],"replies":[{"embeddable":true,"href":"https:\/\/anysexshop.com.ar\/shop\/wp-json\/wp\/v2\/comments?post=2242"}],"wp:featuredmedia":[{"embeddable":true,"href":"https:\/\/anysexshop.com.ar\/shop\/wp-json\/wp\/v2\/media\/3437"}],"wp:attachment":[{"href":"https:\/\/anysexshop.com.ar\/shop\/wp-json\/wp\/v2\/media?parent=2242"}],"wp:term":[{"taxonomy":"product_brand","embeddable":true,"href":"https:\/\/anysexshop.com.ar\/shop\/wp-json\/wp\/v2\/product_brand?post=2242"},{"taxonomy":"product_cat","embeddable":true,"href":"https:\/\/anysexshop.com.ar\/shop\/wp-json\/wp\/v2\/product_cat?post=2242"},{"taxonomy":"product_tag","embeddable":true,"href":"https:\/\/anysexshop.com.ar\/shop\/wp-json\/wp\/v2\/product_tag?post=2242"}],"curies":[{"name":"wp","href":"https:\/\/api.w.org\/{rel}","templated":true}]}}