{"id":2638,"date":"2022-10-06T13:58:06","date_gmt":"2022-10-06T16:58:06","guid":{"rendered":"https:\/\/anysexshop.com.ar\/shop\/?post_type=product&#038;p=2638"},"modified":"2025-08-01T15:27:57","modified_gmt":"2025-08-01T18:27:57","slug":"2638","status":"publish","type":"product","link":"https:\/\/anysexshop.com.ar\/shop\/product\/2638\/","title":{"rendered":"ANILLO PENEANO RECARGABLE USB RING 5"},"content":{"rendered":"<body><p class=\"p1\"><span class=\"s1\">este anillo ofrece doble estimulaci\u00f3n, por un lado mantiene la erecci\u00f3n del pene, logrando la firmeza en la misma y retardando la eyaculaci\u00f3n y por el otro la estimulaci\u00f3n del cl\u00edtoris con el roce por medio de la penetraci\u00f3n. Posee bullet extra\u00edble. Su dise\u00f1o har\u00e1 que sus orejas rocen perfectamente con el cl\u00edtoris.<\/span><\/p>\n<p class=\"p2\"><span class=\"s1\"><strong>Caracter\u00edsticas<\/strong><\/span><\/p>\n<p class=\"p2\"><span class=\"s1\">\u2022 Silicona 100% pura + ABS.<\/span><\/p>\n<p class=\"p2\"><span class=\"s1\">\u2022 100% Libre de Fthalatos.<\/span><\/p>\n<p class=\"p2\"><span class=\"s1\">\u2022 3 modos de vibraci\u00f3n lineal.<\/span><\/p>\n<p class=\"p2\"><span class=\"s1\">\u2022 7 ritmos diferentes.<\/span><\/p>\n<p class=\"p2\"><span class=\"s1\">\u2022 Adaptable a todos los tama\u00f1os de Pene.<\/span><\/p>\n<p class=\"p2\"><span class=\"s1\">\u2022 Recargable. Incluye cable de carga.<\/span><\/p>\n<p class=\"p2\"><span class=\"s1\">\u2022 Tiempo de carga: 50 m.<\/span><\/p>\n<p class=\"p2\"><span class=\"s1\">\u2022 Duraci\u00f3n de la carga: 50 m.<\/span><\/p>\n<p class=\"p2\"><span class=\"s1\">\u2022 Teclas de f\u00e1cil manejo con un solo bot\u00f3n.<\/span><\/p>\n<p class=\"p2\"><span class=\"s1\">\u2022 Impermeable. No sumergible.<\/span><\/p>\n<\/body>","protected":false},"excerpt":{"rendered":"<p>este anillo ofrece doble estimulaci\u00f3n, por un lado mantiene la erecci\u00f3n del pene, logrando la firmeza en la misma y retardando la eyaculaci\u00f3n y por el otro la estimulaci\u00f3n del cl\u00edtoris con el roce por medio de la penetraci\u00f3n. Posee bullet extra\u00edble. Su dise\u00f1o har\u00e1 que sus orejas rocen perfectamente&hellip; <\/p>\n","protected":false},"featured_media":2639,"comment_status":"open","ping_status":"closed","template":"","meta":{"om_disable_all_campaigns":false},"product_brand":[],"product_cat":[58],"product_tag":[],"class_list":{"0":"post-2638","1":"product","2":"type-product","3":"status-publish","4":"has-post-thumbnail","6":"product_cat-anillos","8":"first","9":"outofstock","10":"shipping-taxable","11":"product-type-simple"},"jetpack_sharing_enabled":true,"_links":{"self":[{"href":"https:\/\/anysexshop.com.ar\/shop\/wp-json\/wp\/v2\/product\/2638","targetHints":{"allow":["GET"]}}],"collection":[{"href":"https:\/\/anysexshop.com.ar\/shop\/wp-json\/wp\/v2\/product"}],"about":[{"href":"https:\/\/anysexshop.com.ar\/shop\/wp-json\/wp\/v2\/types\/product"}],"replies":[{"embeddable":true,"href":"https:\/\/anysexshop.com.ar\/shop\/wp-json\/wp\/v2\/comments?post=2638"}],"wp:featuredmedia":[{"embeddable":true,"href":"https:\/\/anysexshop.com.ar\/shop\/wp-json\/wp\/v2\/media\/2639"}],"wp:attachment":[{"href":"https:\/\/anysexshop.com.ar\/shop\/wp-json\/wp\/v2\/media?parent=2638"}],"wp:term":[{"taxonomy":"product_brand","embeddable":true,"href":"https:\/\/anysexshop.com.ar\/shop\/wp-json\/wp\/v2\/product_brand?post=2638"},{"taxonomy":"product_cat","embeddable":true,"href":"https:\/\/anysexshop.com.ar\/shop\/wp-json\/wp\/v2\/product_cat?post=2638"},{"taxonomy":"product_tag","embeddable":true,"href":"https:\/\/anysexshop.com.ar\/shop\/wp-json\/wp\/v2\/product_tag?post=2638"}],"curies":[{"name":"wp","href":"https:\/\/api.w.org\/{rel}","templated":true}]}}