{"id":2789,"date":"2022-12-05T14:36:28","date_gmt":"2022-12-05T17:36:28","guid":{"rendered":"https:\/\/anysexshop.com.ar\/shop\/?post_type=product&#038;p=2789"},"modified":"2026-03-02T21:59:04","modified_gmt":"2026-03-03T00:59:04","slug":"vibrador-a-pilas-katy-1","status":"publish","type":"product","link":"https:\/\/anysexshop.com.ar\/shop\/product\/vibrador-a-pilas-katy-1\/","title":{"rendered":"VIBRADOR A PILAS KATY 2 CON ESTIMULADOR PUNTO G Y CLITORIS"},"content":{"rendered":"<body><p class=\"p1\"><span class=\"s1\">\u00bfBuscas un juguete para descubrirte y conocerte mejor? Este vibrador de doble estimulaci\u00f3n con glande en su extremo, te llevar\u00e1 a otro universo con su hermoso dise\u00f1o e intensidad. Su material de silicona aterciopelada te garantizar\u00e1 un \u00f3ptimo placer.<span class=\"Apple-converted-space\">\u00a0\u00a0<\/span>Su estimulador Clitorial uniforme har\u00e1 que puedas sensiblemente llegar a una gran excitaci\u00f3n. Ideal mujeres sensibles que quieren sentirse plenas. Su vaginal curvo har\u00e1 que puedas disfrutar del apoyo perfecto en Punto G. Totalmente silencioso y discreto. Manten\u00e9 pulsado durante 3 segundos para encender y apagar.<\/span><\/p>\n<p class=\"p2\"><span class=\"s1\"><strong>Caracter\u00edsticas<\/strong><\/span><\/p>\n<p class=\"p2\"><span class=\"s1\">\u2022 Silicona 100% pura +ABS.<\/span><\/p>\n<p class=\"p2\"><span class=\"s1\">\u2022 100% Libre de Fthalatos.<\/span><\/p>\n<p class=\"p2\"><span class=\"s1\">\u2022 Libre de l\u00e1tex.<\/span><\/p>\n<p class=\"p2\"><span class=\"s1\">\u2022 Dise\u00f1o Ergon\u00f3mico vaginal + punto G. + cl\u00edtoris.<\/span><\/p>\n<p class=\"p2\"><span class=\"s1\">\u2022 3 modos de vibraci\u00f3n lineal.<\/span><\/p>\n<p class=\"p2\"><span class=\"s1\">\u2022 7 ritmos diferentes.<\/span><\/p>\n<p class=\"p2\"><span class=\"s1\">\u2022 2 motores.<\/span><\/p>\n<p class=\"p2\"><span class=\"s1\">\u2022 Di\u00e1metro: 3.3 cm. Longitud total: 18.5 cm.<\/span><\/p>\n<p class=\"p2\"><span class=\"s1\">\u2022 2 pilas AAA<\/span><\/p>\n<p class=\"p2\"><span class=\"s1\">\u2022 Teclas de f\u00e1cil manejo.<\/span><\/p>\n<p class=\"p2\"><span class=\"s1\">\u2022\u00a0 Impermeable. No sumergible.<\/span><\/p>\n<\/body>","protected":false},"excerpt":{"rendered":"<p>\u00bfBuscas un juguete para descubrirte y conocerte mejor? Este vibrador de doble estimulaci\u00f3n con glande en su extremo, te llevar\u00e1 a otro universo con su hermoso dise\u00f1o e intensidad. Su material de silicona aterciopelada te garantizar\u00e1 un \u00f3ptimo placer.\u00a0\u00a0Su estimulador Clitorial uniforme har\u00e1 que puedas sensiblemente llegar a una gran&hellip; <\/p>\n","protected":false},"featured_media":5838,"comment_status":"open","ping_status":"closed","template":"","meta":{"om_disable_all_campaigns":false},"product_brand":[],"product_cat":[15,69],"product_tag":[],"class_list":{"0":"post-2789","1":"product","2":"type-product","3":"status-publish","4":"has-post-thumbnail","6":"product_cat-combos","7":"product_cat-vibradores","9":"first","10":"instock","11":"shipping-taxable","12":"purchasable","13":"product-type-simple"},"jetpack_sharing_enabled":true,"_links":{"self":[{"href":"https:\/\/anysexshop.com.ar\/shop\/wp-json\/wp\/v2\/product\/2789","targetHints":{"allow":["GET"]}}],"collection":[{"href":"https:\/\/anysexshop.com.ar\/shop\/wp-json\/wp\/v2\/product"}],"about":[{"href":"https:\/\/anysexshop.com.ar\/shop\/wp-json\/wp\/v2\/types\/product"}],"replies":[{"embeddable":true,"href":"https:\/\/anysexshop.com.ar\/shop\/wp-json\/wp\/v2\/comments?post=2789"}],"wp:featuredmedia":[{"embeddable":true,"href":"https:\/\/anysexshop.com.ar\/shop\/wp-json\/wp\/v2\/media\/5838"}],"wp:attachment":[{"href":"https:\/\/anysexshop.com.ar\/shop\/wp-json\/wp\/v2\/media?parent=2789"}],"wp:term":[{"taxonomy":"product_brand","embeddable":true,"href":"https:\/\/anysexshop.com.ar\/shop\/wp-json\/wp\/v2\/product_brand?post=2789"},{"taxonomy":"product_cat","embeddable":true,"href":"https:\/\/anysexshop.com.ar\/shop\/wp-json\/wp\/v2\/product_cat?post=2789"},{"taxonomy":"product_tag","embeddable":true,"href":"https:\/\/anysexshop.com.ar\/shop\/wp-json\/wp\/v2\/product_tag?post=2789"}],"curies":[{"name":"wp","href":"https:\/\/api.w.org\/{rel}","templated":true}]}}