{"id":2968,"date":"2023-01-16T14:51:03","date_gmt":"2023-01-16T17:51:03","guid":{"rendered":"https:\/\/anysexshop.com.ar\/shop\/?post_type=product&#038;p=2968"},"modified":"2026-03-04T20:40:56","modified_gmt":"2026-03-04T23:40:56","slug":"plug-dilatador-anal-de-metal-small-7-x-2-7-cm","status":"publish","type":"product","link":"https:\/\/anysexshop.com.ar\/shop\/product\/plug-dilatador-anal-de-metal-small-7-x-2-7-cm\/","title":{"rendered":"PLUG DILATADOR ANAL DE METAL SMALL 7 X 2.7 CM"},"content":{"rendered":"<body><p>Este plug anal de metal est\u00e1 dise\u00f1ado para ofrecerte un sinf\u00edn de sensaciones placenteras. Su forma c\u00f3nica es ideal para estimularte y ofrecerte orgasmos incre\u00edbles.<\/p>\n<p>Adem\u00e1s, su textura lisa extra suave te encantar\u00e1. Puedes jugar con la temperatura calent\u00e1ndolo o enfri\u00e1ndolo. Esto a\u00f1adir\u00e1 excitaci\u00f3n en tus fantas\u00edas er\u00f3ticas. La punta delgada facilita la inserci\u00f3n del producto ayudando a los que no tienen tanta experiencia.<\/p>\n<p>Un plug anal es una gran manera de introducir los juegos anales en su vida sexual. Estos juguetes sexuales anales vienen en una gran variedad de tama\u00f1os para adaptarse a cualquier nivel de experiencia anal. Los plug anales son perfectos para la doble penetraci\u00f3n y la doble estimulaci\u00f3n.<\/p>\n<p>Caracter\u00edsticas<\/p>\n<p>\u2022 Dilatador anal.<\/p>\n<p>\u2022 Base ancha para un uso seguro.<\/p>\n<p>\u2022 Engarce en la base emulando 1 gema en ABS.<\/p>\n<p>\u2022 Aluminio ultra-liso.<\/p>\n<p>\u2022 No contiene N\u00edquel.<\/p>\n<p>\u2022 Impermeable.<\/p>\n<p>\u2022 Utilizar lubricante anal a base de agua.<\/p>\n<p>\u2022 Higienizar con agua tibia y jab\u00f3n antibacteriano para Toys o neutro.<\/p>\n<\/body>","protected":false},"excerpt":{"rendered":"<p>Este plug anal de metal est\u00e1 dise\u00f1ado para ofrecerte un sinf\u00edn de sensaciones placenteras. Su forma c\u00f3nica es ideal para estimularte y ofrecerte orgasmos incre\u00edbles. Adem\u00e1s, su textura lisa extra suave te encantar\u00e1. Puedes jugar con la temperatura calent\u00e1ndolo o enfri\u00e1ndolo. Esto a\u00f1adir\u00e1 excitaci\u00f3n en tus fantas\u00edas er\u00f3ticas. La punta&hellip; <\/p>\n","protected":false},"featured_media":1188,"comment_status":"open","ping_status":"closed","template":"","meta":{"om_disable_all_campaigns":false},"product_brand":[],"product_cat":[57],"product_tag":[],"class_list":{"0":"post-2968","1":"product","2":"type-product","3":"status-publish","4":"has-post-thumbnail","6":"product_cat-anales","8":"first","9":"instock","10":"shipping-taxable","11":"purchasable","12":"product-type-simple"},"jetpack_sharing_enabled":true,"_links":{"self":[{"href":"https:\/\/anysexshop.com.ar\/shop\/wp-json\/wp\/v2\/product\/2968","targetHints":{"allow":["GET"]}}],"collection":[{"href":"https:\/\/anysexshop.com.ar\/shop\/wp-json\/wp\/v2\/product"}],"about":[{"href":"https:\/\/anysexshop.com.ar\/shop\/wp-json\/wp\/v2\/types\/product"}],"replies":[{"embeddable":true,"href":"https:\/\/anysexshop.com.ar\/shop\/wp-json\/wp\/v2\/comments?post=2968"}],"wp:featuredmedia":[{"embeddable":true,"href":"https:\/\/anysexshop.com.ar\/shop\/wp-json\/wp\/v2\/media\/1188"}],"wp:attachment":[{"href":"https:\/\/anysexshop.com.ar\/shop\/wp-json\/wp\/v2\/media?parent=2968"}],"wp:term":[{"taxonomy":"product_brand","embeddable":true,"href":"https:\/\/anysexshop.com.ar\/shop\/wp-json\/wp\/v2\/product_brand?post=2968"},{"taxonomy":"product_cat","embeddable":true,"href":"https:\/\/anysexshop.com.ar\/shop\/wp-json\/wp\/v2\/product_cat?post=2968"},{"taxonomy":"product_tag","embeddable":true,"href":"https:\/\/anysexshop.com.ar\/shop\/wp-json\/wp\/v2\/product_tag?post=2968"}],"curies":[{"name":"wp","href":"https:\/\/api.w.org\/{rel}","templated":true}]}}