{"id":2969,"date":"2023-01-16T14:53:20","date_gmt":"2023-01-16T17:53:20","guid":{"rendered":"https:\/\/anysexshop.com.ar\/shop\/?post_type=product&#038;p=2969"},"modified":"2026-03-04T20:40:47","modified_gmt":"2026-03-04T23:40:47","slug":"dilatador-anal-rojo-13-x-2-cm-ideal-para-iniciados","status":"publish","type":"product","link":"https:\/\/anysexshop.com.ar\/shop\/product\/dilatador-anal-rojo-13-x-2-cm-ideal-para-iniciados\/","title":{"rendered":"DILATADOR ANAL  13 X 2 CM IDEAL PARA INICIADOS"},"content":{"rendered":"<body><p><b>Pene Anal\u00a0Rojo.<\/b>\u00a0Dilatador anal en forma de pene. Su punta delgada permite una mejor dilataci\u00f3n y la textura suave en su contorno favorece la estimulaci\u00f3n. Se puede usar en ambos sexos, es mejor estar en pareja ya que quien recibe la penetraci\u00f3n debe estar relajado\/a para favorecer la dilataci\u00f3n.<br>\nSu medida es 13 cm y 2 cm de di\u00e1metro. Encontra tambi\u00e9n este consolador en color piel y negro. Se recomienda el uso de lubricante anal<\/p>\n<\/body>","protected":false},"excerpt":{"rendered":"<p>Pene Anal\u00a0Rojo.\u00a0Dilatador anal en forma de pene. Su punta delgada permite una mejor dilataci\u00f3n y la textura suave en su contorno favorece la estimulaci\u00f3n. Se puede usar en ambos sexos, es mejor estar en pareja ya que quien recibe la penetraci\u00f3n debe estar relajado\/a para favorecer la dilataci\u00f3n. Su medida&hellip; <\/p>\n","protected":false},"featured_media":2970,"comment_status":"open","ping_status":"closed","template":"","meta":{"om_disable_all_campaigns":false},"product_brand":[],"product_cat":[57],"product_tag":[],"class_list":{"0":"post-2969","1":"product","2":"type-product","3":"status-publish","4":"has-post-thumbnail","6":"product_cat-anales","8":"first","9":"instock","10":"shipping-taxable","11":"purchasable","12":"product-type-simple"},"jetpack_sharing_enabled":true,"_links":{"self":[{"href":"https:\/\/anysexshop.com.ar\/shop\/wp-json\/wp\/v2\/product\/2969","targetHints":{"allow":["GET"]}}],"collection":[{"href":"https:\/\/anysexshop.com.ar\/shop\/wp-json\/wp\/v2\/product"}],"about":[{"href":"https:\/\/anysexshop.com.ar\/shop\/wp-json\/wp\/v2\/types\/product"}],"replies":[{"embeddable":true,"href":"https:\/\/anysexshop.com.ar\/shop\/wp-json\/wp\/v2\/comments?post=2969"}],"wp:featuredmedia":[{"embeddable":true,"href":"https:\/\/anysexshop.com.ar\/shop\/wp-json\/wp\/v2\/media\/2970"}],"wp:attachment":[{"href":"https:\/\/anysexshop.com.ar\/shop\/wp-json\/wp\/v2\/media?parent=2969"}],"wp:term":[{"taxonomy":"product_brand","embeddable":true,"href":"https:\/\/anysexshop.com.ar\/shop\/wp-json\/wp\/v2\/product_brand?post=2969"},{"taxonomy":"product_cat","embeddable":true,"href":"https:\/\/anysexshop.com.ar\/shop\/wp-json\/wp\/v2\/product_cat?post=2969"},{"taxonomy":"product_tag","embeddable":true,"href":"https:\/\/anysexshop.com.ar\/shop\/wp-json\/wp\/v2\/product_tag?post=2969"}],"curies":[{"name":"wp","href":"https:\/\/api.w.org\/{rel}","templated":true}]}}