{"id":2973,"date":"2023-01-16T15:13:49","date_gmt":"2023-01-16T18:13:49","guid":{"rendered":"https:\/\/anysexshop.com.ar\/shop\/?post_type=product&#038;p=2973"},"modified":"2026-03-04T20:40:40","modified_gmt":"2026-03-04T23:40:40","slug":"plug-dilatador-anal-ripley-negro-17-x-5-5-cm","status":"publish","type":"product","link":"https:\/\/anysexshop.com.ar\/shop\/product\/plug-dilatador-anal-ripley-negro-17-x-5-5-cm\/","title":{"rendered":"PLUG DILATADOR ANAL RIPLEY NEGRO 17 X 5.5 CM"},"content":{"rendered":"<body><p><b>Plug Ripley Negro.\u00a0<\/b>Plug dise\u00f1ado para la penetraci\u00f3n anal. Su forma escalonada facilita la inserci\u00f3n y la dilataci\u00f3n progresiva, y su base ancha sirve como tope de seguridad para usarse sin temor de inserci\u00f3n total.<br>\nSu medida es de 17 cm, insertable 15 cm x 5,5 cm de di\u00e1metro. Encontra este modelo tambi\u00e9n con vibro. Se recomienda el uso de lubricante anal para facilitar la inserci\u00f3n y alcanzar niveles de satisfacci\u00f3n supremos.<br>\n<b>** Informamos que las medidas y color del art\u00edculo pueden diferir dependiendo la partida.\u00a0<\/b><\/p>\n<blockquote><p>Tipo: Anal Sin Vibro.<\/p><\/blockquote>\n<blockquote><p>Medida: 17 cm.<\/p><\/blockquote>\n<blockquote><p>Medida insertable: 15 cm x 5,5 \u00d8.<\/p><\/blockquote>\n<blockquote><p>Material PVC<\/p><\/blockquote>\n<blockquote><p>Phthalate Free \/ Libre Ftalato.<\/p><\/blockquote>\n<blockquote><p>Industria Argentina.<\/p><\/blockquote>\n<\/body>","protected":false},"excerpt":{"rendered":"<p>Plug Ripley Negro.\u00a0Plug dise\u00f1ado para la penetraci\u00f3n anal. Su forma escalonada facilita la inserci\u00f3n y la dilataci\u00f3n progresiva, y su base ancha sirve como tope de seguridad para usarse sin temor de inserci\u00f3n total. Su medida es de 17 cm, insertable 15 cm x 5,5 cm de di\u00e1metro. Encontra este&hellip; <\/p>\n","protected":false},"featured_media":2974,"comment_status":"open","ping_status":"closed","template":"","meta":{"om_disable_all_campaigns":false},"product_brand":[],"product_cat":[57],"product_tag":[],"class_list":{"0":"post-2973","1":"product","2":"type-product","3":"status-publish","4":"has-post-thumbnail","6":"product_cat-anales","8":"first","9":"instock","10":"shipping-taxable","11":"purchasable","12":"product-type-simple"},"jetpack_sharing_enabled":true,"_links":{"self":[{"href":"https:\/\/anysexshop.com.ar\/shop\/wp-json\/wp\/v2\/product\/2973","targetHints":{"allow":["GET"]}}],"collection":[{"href":"https:\/\/anysexshop.com.ar\/shop\/wp-json\/wp\/v2\/product"}],"about":[{"href":"https:\/\/anysexshop.com.ar\/shop\/wp-json\/wp\/v2\/types\/product"}],"replies":[{"embeddable":true,"href":"https:\/\/anysexshop.com.ar\/shop\/wp-json\/wp\/v2\/comments?post=2973"}],"wp:featuredmedia":[{"embeddable":true,"href":"https:\/\/anysexshop.com.ar\/shop\/wp-json\/wp\/v2\/media\/2974"}],"wp:attachment":[{"href":"https:\/\/anysexshop.com.ar\/shop\/wp-json\/wp\/v2\/media?parent=2973"}],"wp:term":[{"taxonomy":"product_brand","embeddable":true,"href":"https:\/\/anysexshop.com.ar\/shop\/wp-json\/wp\/v2\/product_brand?post=2973"},{"taxonomy":"product_cat","embeddable":true,"href":"https:\/\/anysexshop.com.ar\/shop\/wp-json\/wp\/v2\/product_cat?post=2973"},{"taxonomy":"product_tag","embeddable":true,"href":"https:\/\/anysexshop.com.ar\/shop\/wp-json\/wp\/v2\/product_tag?post=2973"}],"curies":[{"name":"wp","href":"https:\/\/api.w.org\/{rel}","templated":true}]}}