{"id":2975,"date":"2023-01-16T15:15:57","date_gmt":"2023-01-16T18:15:57","guid":{"rendered":"https:\/\/anysexshop.com.ar\/shop\/?post_type=product&#038;p=2975"},"modified":"2026-01-12T18:46:51","modified_gmt":"2026-01-12T21:46:51","slug":"masajeador-prostatico-monster-plug-negro-15-x-3-5-cm","status":"publish","type":"product","link":"https:\/\/anysexshop.com.ar\/shop\/product\/masajeador-prostatico-monster-plug-negro-15-x-3-5-cm\/","title":{"rendered":"MASAJEADOR PROSTATICO MONSTER PLUG NEGRO 15 X 3.5 CM"},"content":{"rendered":"<body><p><b>Prost\u00e1tico XL Monster Plug Negro.\u00a0<\/b>Este plug fue dise\u00f1ado para estimular y masajear la pr\u00f3stata. Adem\u00e1s de reducir el riesgo a enfermedades, el prost\u00e1tico mejora la funci\u00f3n er\u00e9ctil y la circulaci\u00f3n del l\u00edquido seminal. \u00a0Se ajusta perfectamente a los contornos del cuerpo, y su material de PVC hace que este dise\u00f1o sea flexible.<br>\nSu medida es de 15 cm y 3,5 cm de di\u00e1metro. Encontra este modelo tambi\u00e9n en color piel y viv\u00ed una experiencia incre\u00edblemente realista. Se recomienda el uso de lubricantes , ya que el ano no se lubrica por s\u00ed solo.<br>\n<b>** Informamos que las medidas y color del art\u00edculo pueden diferir dependiendo la partida.\u00a0<\/b><\/p>\n<blockquote><p>Tipo: Prost\u00e1tico.<\/p><\/blockquote>\n<blockquote><p>Medida: 15 cm x 3,5 \u00d8.<\/p><\/blockquote>\n<blockquote><p>Material PVC.<\/p><\/blockquote>\n<blockquote><p>Phthalate\u00a0free\/ Libre de Ftalato.<\/p><\/blockquote>\n<blockquote><p>Industria Argentina.<\/p><\/blockquote>\n<\/body>","protected":false},"excerpt":{"rendered":"<p>Prost\u00e1tico XL Monster Plug Negro.\u00a0Este plug fue dise\u00f1ado para estimular y masajear la pr\u00f3stata. Adem\u00e1s de reducir el riesgo a enfermedades, el prost\u00e1tico mejora la funci\u00f3n er\u00e9ctil y la circulaci\u00f3n del l\u00edquido seminal. \u00a0Se ajusta perfectamente a los contornos del cuerpo, y su material de PVC hace que este dise\u00f1o&hellip; <\/p>\n","protected":false},"featured_media":2976,"comment_status":"open","ping_status":"closed","template":"","meta":{"om_disable_all_campaigns":false},"product_brand":[],"product_cat":[57],"product_tag":[],"class_list":{"0":"post-2975","1":"product","2":"type-product","3":"status-publish","4":"has-post-thumbnail","6":"product_cat-anales","8":"first","9":"outofstock","10":"shipping-taxable","11":"product-type-simple"},"jetpack_sharing_enabled":true,"_links":{"self":[{"href":"https:\/\/anysexshop.com.ar\/shop\/wp-json\/wp\/v2\/product\/2975","targetHints":{"allow":["GET"]}}],"collection":[{"href":"https:\/\/anysexshop.com.ar\/shop\/wp-json\/wp\/v2\/product"}],"about":[{"href":"https:\/\/anysexshop.com.ar\/shop\/wp-json\/wp\/v2\/types\/product"}],"replies":[{"embeddable":true,"href":"https:\/\/anysexshop.com.ar\/shop\/wp-json\/wp\/v2\/comments?post=2975"}],"wp:featuredmedia":[{"embeddable":true,"href":"https:\/\/anysexshop.com.ar\/shop\/wp-json\/wp\/v2\/media\/2976"}],"wp:attachment":[{"href":"https:\/\/anysexshop.com.ar\/shop\/wp-json\/wp\/v2\/media?parent=2975"}],"wp:term":[{"taxonomy":"product_brand","embeddable":true,"href":"https:\/\/anysexshop.com.ar\/shop\/wp-json\/wp\/v2\/product_brand?post=2975"},{"taxonomy":"product_cat","embeddable":true,"href":"https:\/\/anysexshop.com.ar\/shop\/wp-json\/wp\/v2\/product_cat?post=2975"},{"taxonomy":"product_tag","embeddable":true,"href":"https:\/\/anysexshop.com.ar\/shop\/wp-json\/wp\/v2\/product_tag?post=2975"}],"curies":[{"name":"wp","href":"https:\/\/api.w.org\/{rel}","templated":true}]}}