{"id":2983,"date":"2023-01-16T15:37:24","date_gmt":"2023-01-16T18:37:24","guid":{"rendered":"https:\/\/anysexshop.com.ar\/shop\/?post_type=product&#038;p=2983"},"modified":"2026-01-06T18:26:24","modified_gmt":"2026-01-06T21:26:24","slug":"macizo-super-piel-18-x-45-cm","status":"publish","type":"product","link":"https:\/\/anysexshop.com.ar\/shop\/product\/macizo-super-piel-18-x-45-cm\/","title":{"rendered":"MACIZO SUPER PIEL 18 X 45 CM"},"content":{"rendered":"<body><p><b>Macizo Super\u00a0Piel.\u00a0<\/b>De textura suave y sin perder rigidez, este consolador macizo\u00a0se adapta a la temperatura corporal brindando placer a la pareja. El macizo es\u00a0compatible con arn\u00e9s y viene en diferentes tama\u00f1os.\u00a0Este tama\u00f1o podes encontrarlo tambi\u00e9n en color negro y un tama\u00f1o m\u00e1s grande, para llevar tu placer hacia otro l\u00edmite.Se recomienda el uso de lubricantes<\/p>\n<blockquote><p>Tipo: Dildo sin vibro.<\/p><\/blockquote>\n<blockquote><p>Medida: 18 cm x 4,5 \u00d8.<\/p><\/blockquote>\n<blockquote><p>Phthalate Free \/ Libre Ftalato.<\/p><\/blockquote>\n<blockquote><p>Industria Argentina.<\/p><\/blockquote>\n<\/body>","protected":false},"excerpt":{"rendered":"<p>Macizo Super\u00a0Piel.\u00a0De textura suave y sin perder rigidez, este consolador macizo\u00a0se adapta a la temperatura corporal brindando placer a la pareja. El macizo es\u00a0compatible con arn\u00e9s y viene en diferentes tama\u00f1os.\u00a0Este tama\u00f1o podes encontrarlo tambi\u00e9n en color negro y un tama\u00f1o m\u00e1s grande, para llevar tu placer hacia otro l\u00edmite.Se&hellip; <\/p>\n","protected":false},"featured_media":2984,"comment_status":"open","ping_status":"closed","template":"","meta":{"om_disable_all_campaigns":false},"product_brand":[],"product_cat":[62],"product_tag":[],"class_list":{"0":"post-2983","1":"product","2":"type-product","3":"status-publish","4":"has-post-thumbnail","6":"product_cat-consoladores","8":"first","9":"outofstock","10":"shipping-taxable","11":"product-type-simple"},"jetpack_sharing_enabled":true,"_links":{"self":[{"href":"https:\/\/anysexshop.com.ar\/shop\/wp-json\/wp\/v2\/product\/2983","targetHints":{"allow":["GET"]}}],"collection":[{"href":"https:\/\/anysexshop.com.ar\/shop\/wp-json\/wp\/v2\/product"}],"about":[{"href":"https:\/\/anysexshop.com.ar\/shop\/wp-json\/wp\/v2\/types\/product"}],"replies":[{"embeddable":true,"href":"https:\/\/anysexshop.com.ar\/shop\/wp-json\/wp\/v2\/comments?post=2983"}],"wp:featuredmedia":[{"embeddable":true,"href":"https:\/\/anysexshop.com.ar\/shop\/wp-json\/wp\/v2\/media\/2984"}],"wp:attachment":[{"href":"https:\/\/anysexshop.com.ar\/shop\/wp-json\/wp\/v2\/media?parent=2983"}],"wp:term":[{"taxonomy":"product_brand","embeddable":true,"href":"https:\/\/anysexshop.com.ar\/shop\/wp-json\/wp\/v2\/product_brand?post=2983"},{"taxonomy":"product_cat","embeddable":true,"href":"https:\/\/anysexshop.com.ar\/shop\/wp-json\/wp\/v2\/product_cat?post=2983"},{"taxonomy":"product_tag","embeddable":true,"href":"https:\/\/anysexshop.com.ar\/shop\/wp-json\/wp\/v2\/product_tag?post=2983"}],"curies":[{"name":"wp","href":"https:\/\/api.w.org\/{rel}","templated":true}]}}