{"id":2985,"date":"2023-01-16T15:39:52","date_gmt":"2023-01-16T18:39:52","guid":{"rendered":"https:\/\/anysexshop.com.ar\/shop\/?post_type=product&#038;p=2985"},"modified":"2026-02-27T11:36:53","modified_gmt":"2026-02-27T14:36:53","slug":"macizo-super-super-piel-21-x-5-cm","status":"publish","type":"product","link":"https:\/\/anysexshop.com.ar\/shop\/product\/macizo-super-super-piel-21-x-5-cm\/","title":{"rendered":"MACIZO SUPER SUPER PIEL 21 X 5 CM"},"content":{"rendered":"<body><p><b>Macizo Super Super Piel.\u00a0<\/b>De textura suave y sin perder rigidez, este consolador macizo\u00a0se adapta a la temperatura corporal brindando placer a la pareja. El macizo es\u00a0compatible con arn\u00e9s y viene en diferentes tama\u00f1os. Este macizo podes encontrarlo tambi\u00e9n\u00a0en color negro para llevar tu placer hacia otro l\u00edmite.\u00a0Se recomienda el uso de lubricantes<\/p>\n<blockquote><p>Tipo: Dildo sin vibro.<\/p><\/blockquote>\n<blockquote><p>Medida: 21 cm x 5 \u00d8.<\/p><\/blockquote>\n<blockquote><p>Phthalate Free \/ Libre Ftalato.<\/p><\/blockquote>\n<blockquote><p>Industria Argentina.<\/p><\/blockquote>\n<p>\u00a0<\/p>\n<\/body>","protected":false},"excerpt":{"rendered":"<p>Macizo Super Super Piel.\u00a0De textura suave y sin perder rigidez, este consolador macizo\u00a0se adapta a la temperatura corporal brindando placer a la pareja. El macizo es\u00a0compatible con arn\u00e9s y viene en diferentes tama\u00f1os. Este macizo podes encontrarlo tambi\u00e9n\u00a0en color negro para llevar tu placer hacia otro l\u00edmite.\u00a0Se recomienda el uso&hellip; <\/p>\n","protected":false},"featured_media":3086,"comment_status":"open","ping_status":"closed","template":"","meta":{"om_disable_all_campaigns":false},"product_brand":[],"product_cat":[62],"product_tag":[],"class_list":{"0":"post-2985","1":"product","2":"type-product","3":"status-publish","4":"has-post-thumbnail","6":"product_cat-consoladores","8":"first","9":"instock","10":"shipping-taxable","11":"purchasable","12":"product-type-simple"},"jetpack_sharing_enabled":true,"_links":{"self":[{"href":"https:\/\/anysexshop.com.ar\/shop\/wp-json\/wp\/v2\/product\/2985","targetHints":{"allow":["GET"]}}],"collection":[{"href":"https:\/\/anysexshop.com.ar\/shop\/wp-json\/wp\/v2\/product"}],"about":[{"href":"https:\/\/anysexshop.com.ar\/shop\/wp-json\/wp\/v2\/types\/product"}],"replies":[{"embeddable":true,"href":"https:\/\/anysexshop.com.ar\/shop\/wp-json\/wp\/v2\/comments?post=2985"}],"wp:featuredmedia":[{"embeddable":true,"href":"https:\/\/anysexshop.com.ar\/shop\/wp-json\/wp\/v2\/media\/3086"}],"wp:attachment":[{"href":"https:\/\/anysexshop.com.ar\/shop\/wp-json\/wp\/v2\/media?parent=2985"}],"wp:term":[{"taxonomy":"product_brand","embeddable":true,"href":"https:\/\/anysexshop.com.ar\/shop\/wp-json\/wp\/v2\/product_brand?post=2985"},{"taxonomy":"product_cat","embeddable":true,"href":"https:\/\/anysexshop.com.ar\/shop\/wp-json\/wp\/v2\/product_cat?post=2985"},{"taxonomy":"product_tag","embeddable":true,"href":"https:\/\/anysexshop.com.ar\/shop\/wp-json\/wp\/v2\/product_tag?post=2985"}],"curies":[{"name":"wp","href":"https:\/\/api.w.org\/{rel}","templated":true}]}}