{"id":3002,"date":"2023-01-16T16:36:46","date_gmt":"2023-01-16T19:36:46","guid":{"rendered":"https:\/\/anysexshop.com.ar\/shop\/?post_type=product&#038;p=3002"},"modified":"2026-03-02T21:58:00","modified_gmt":"2026-03-03T00:58:00","slug":"vibrador-americano-grande-perlado-rosa-20-x-4-cm","status":"publish","type":"product","link":"https:\/\/anysexshop.com.ar\/shop\/product\/vibrador-americano-grande-perlado-rosa-20-x-4-cm\/","title":{"rendered":"VIBRADOR AMERICANO GRANDE PERLADO ROSA 20 X 4 CM"},"content":{"rendered":"<body><blockquote><p><b>Vibe Americano Grande Perlado Rosa.<\/b>\u00a0Este vibrador perteneciente a la l\u00ednea shine\u00a0posee una textura siliconada que se\u00a0adapta a la temperatura corporal brindando placer a la pareja.\u00a0Su forma anat\u00f3mica\u00a0y sus venas intensificar\u00e1n el momento de pasi\u00f3n. Para mayor satisfacci\u00f3n el juguete viene con un vibrador multi speed que regula la intensidad.\u00a0Se recomienda el uso de lubricantesTipo: Dildo con Vibro.<\/p><\/blockquote>\n<blockquote><p>Medida:\u00a020 cm x 4 \u00d8.<\/p><\/blockquote>\n<blockquote><p>Pilas: 2 Pilas AA (no incluidas).<\/p><\/blockquote>\n<blockquote><p>Phthalate Free \/ Libre Ftalato.<\/p><\/blockquote>\n<blockquote><p>Industria Argentina.<\/p><\/blockquote>\n<\/body>","protected":false},"excerpt":{"rendered":"<p>Vibe Americano Grande Perlado Rosa.\u00a0Este vibrador perteneciente a la l\u00ednea shine\u00a0posee una textura siliconada que se\u00a0adapta a la temperatura corporal brindando placer a la pareja.\u00a0Su forma anat\u00f3mica\u00a0y sus venas intensificar\u00e1n el momento de pasi\u00f3n. Para mayor satisfacci\u00f3n el juguete viene con un vibrador multi speed que regula la intensidad.\u00a0Se recomienda&hellip; <\/p>\n","protected":false},"featured_media":3003,"comment_status":"open","ping_status":"closed","template":"","meta":{"om_disable_all_campaigns":false},"product_brand":[],"product_cat":[69],"product_tag":[],"class_list":{"0":"post-3002","1":"product","2":"type-product","3":"status-publish","4":"has-post-thumbnail","6":"product_cat-vibradores","8":"first","9":"instock","10":"shipping-taxable","11":"purchasable","12":"product-type-simple"},"jetpack_sharing_enabled":true,"_links":{"self":[{"href":"https:\/\/anysexshop.com.ar\/shop\/wp-json\/wp\/v2\/product\/3002","targetHints":{"allow":["GET"]}}],"collection":[{"href":"https:\/\/anysexshop.com.ar\/shop\/wp-json\/wp\/v2\/product"}],"about":[{"href":"https:\/\/anysexshop.com.ar\/shop\/wp-json\/wp\/v2\/types\/product"}],"replies":[{"embeddable":true,"href":"https:\/\/anysexshop.com.ar\/shop\/wp-json\/wp\/v2\/comments?post=3002"}],"wp:featuredmedia":[{"embeddable":true,"href":"https:\/\/anysexshop.com.ar\/shop\/wp-json\/wp\/v2\/media\/3003"}],"wp:attachment":[{"href":"https:\/\/anysexshop.com.ar\/shop\/wp-json\/wp\/v2\/media?parent=3002"}],"wp:term":[{"taxonomy":"product_brand","embeddable":true,"href":"https:\/\/anysexshop.com.ar\/shop\/wp-json\/wp\/v2\/product_brand?post=3002"},{"taxonomy":"product_cat","embeddable":true,"href":"https:\/\/anysexshop.com.ar\/shop\/wp-json\/wp\/v2\/product_cat?post=3002"},{"taxonomy":"product_tag","embeddable":true,"href":"https:\/\/anysexshop.com.ar\/shop\/wp-json\/wp\/v2\/product_tag?post=3002"}],"curies":[{"name":"wp","href":"https:\/\/api.w.org\/{rel}","templated":true}]}}