{"id":3016,"date":"2023-01-16T17:10:49","date_gmt":"2023-01-16T20:10:49","guid":{"rendered":"https:\/\/anysexshop.com.ar\/shop\/?post_type=product&#038;p=3016"},"modified":"2026-02-27T11:36:43","modified_gmt":"2026-02-27T14:36:43","slug":"consolador-suck-americano-bananin-piel-18-x-3-5-cm","status":"publish","type":"product","link":"https:\/\/anysexshop.com.ar\/shop\/product\/consolador-suck-americano-bananin-piel-18-x-3-5-cm\/","title":{"rendered":"CONSOLADOR SUCK AMERICANO BANANIN PIEL  18 X 3.5 CM"},"content":{"rendered":"<body><p><b>Suck Americano Bananin Piel.<\/b>\u00a0Este\u00a0suck americano posee una textura siliconada que se\u00a0adapta a la temperatura corporal brindando placer a la pareja. Su forma anat\u00f3mica\u00a0y sus venas intensificar\u00e1n el momento de pasi\u00f3n. Adem\u00e1s, posee sopapa\u00a0para poder adherirlo a distintas superficies, y es compatible con arn\u00e9s. Se recomienda el uso de lubricantes<\/p>\n<blockquote><p>Tipo: Dildo con sopapa.<\/p><\/blockquote>\n<blockquote><p>Medida: 21 cm x 3,5 \u00d8.<\/p><\/blockquote>\n<blockquote><p>Modelo Water Proof \/ Prueba de agua.<\/p><\/blockquote>\n<blockquote><p>Phthalate Free \/ Libre Ftalato.<\/p><\/blockquote>\n<blockquote><p>Industria Argentina.<\/p><\/blockquote>\n<\/body>","protected":false},"excerpt":{"rendered":"<p>Suck Americano Bananin Piel.\u00a0Este\u00a0suck americano posee una textura siliconada que se\u00a0adapta a la temperatura corporal brindando placer a la pareja. Su forma anat\u00f3mica\u00a0y sus venas intensificar\u00e1n el momento de pasi\u00f3n. Adem\u00e1s, posee sopapa\u00a0para poder adherirlo a distintas superficies, y es compatible con arn\u00e9s. Se recomienda el uso de lubricantes Tipo:&hellip; <\/p>\n","protected":false},"featured_media":3017,"comment_status":"open","ping_status":"closed","template":"","meta":{"om_disable_all_campaigns":false},"product_brand":[],"product_cat":[62],"product_tag":[],"class_list":{"0":"post-3016","1":"product","2":"type-product","3":"status-publish","4":"has-post-thumbnail","6":"product_cat-consoladores","8":"first","9":"instock","10":"shipping-taxable","11":"purchasable","12":"product-type-simple"},"jetpack_sharing_enabled":true,"_links":{"self":[{"href":"https:\/\/anysexshop.com.ar\/shop\/wp-json\/wp\/v2\/product\/3016","targetHints":{"allow":["GET"]}}],"collection":[{"href":"https:\/\/anysexshop.com.ar\/shop\/wp-json\/wp\/v2\/product"}],"about":[{"href":"https:\/\/anysexshop.com.ar\/shop\/wp-json\/wp\/v2\/types\/product"}],"replies":[{"embeddable":true,"href":"https:\/\/anysexshop.com.ar\/shop\/wp-json\/wp\/v2\/comments?post=3016"}],"wp:featuredmedia":[{"embeddable":true,"href":"https:\/\/anysexshop.com.ar\/shop\/wp-json\/wp\/v2\/media\/3017"}],"wp:attachment":[{"href":"https:\/\/anysexshop.com.ar\/shop\/wp-json\/wp\/v2\/media?parent=3016"}],"wp:term":[{"taxonomy":"product_brand","embeddable":true,"href":"https:\/\/anysexshop.com.ar\/shop\/wp-json\/wp\/v2\/product_brand?post=3016"},{"taxonomy":"product_cat","embeddable":true,"href":"https:\/\/anysexshop.com.ar\/shop\/wp-json\/wp\/v2\/product_cat?post=3016"},{"taxonomy":"product_tag","embeddable":true,"href":"https:\/\/anysexshop.com.ar\/shop\/wp-json\/wp\/v2\/product_tag?post=3016"}],"curies":[{"name":"wp","href":"https:\/\/api.w.org\/{rel}","templated":true}]}}