{"id":3024,"date":"2023-01-16T17:21:31","date_gmt":"2023-01-16T20:21:31","guid":{"rendered":"https:\/\/anysexshop.com.ar\/shop\/?post_type=product&#038;p=3024"},"modified":"2026-02-27T11:36:25","modified_gmt":"2026-02-27T14:36:25","slug":"consolador-con-sopapa-suck-americano-grande-piel-20-x-4-cm","status":"publish","type":"product","link":"https:\/\/anysexshop.com.ar\/shop\/product\/consolador-con-sopapa-suck-americano-grande-piel-20-x-4-cm\/","title":{"rendered":"CONSOLADOR CON SOPAPA SUCK AMERICANO GRANDE PIEL 20 X 4 CM"},"content":{"rendered":"<body><p><b>Suck Americano Grande Piel.\u00a0<\/b>Este\u00a0suck americano color piel perteneciente a la l\u00ednea classic posee una textura siliconada y suave que se\u00a0adapta a la temperatura corporal brindando placer a la pareja. Su forma anat\u00f3mica\u00a0y sus venas intensificar\u00e1n el momento de pasi\u00f3n. Adem\u00e1s, posee sopapa\u00a0para poder adherirlo a distintas superficies, y es compatible con arn\u00e9s.\u00a0 Se recomienda el uso de lubricantes<\/p>\n<blockquote><p>Tipo: Dildo con sopapa.<\/p><\/blockquote>\n<blockquote><p>Medida: 20 cm x 4 \u00d8.<\/p><\/blockquote>\n<blockquote><p>Modelo Water Proof \/ Prueba de agua.<\/p><\/blockquote>\n<blockquote><p>Phthalate Free \/ Libre Ftalato.<\/p><\/blockquote>\n<blockquote><p>Industria Argentin<\/p><\/blockquote>\n<\/body>","protected":false},"excerpt":{"rendered":"<p>Suck Americano Grande Piel.\u00a0Este\u00a0suck americano color piel perteneciente a la l\u00ednea classic posee una textura siliconada y suave que se\u00a0adapta a la temperatura corporal brindando placer a la pareja. Su forma anat\u00f3mica\u00a0y sus venas intensificar\u00e1n el momento de pasi\u00f3n. Adem\u00e1s, posee sopapa\u00a0para poder adherirlo a distintas superficies, y es compatible&hellip; <\/p>\n","protected":false},"featured_media":3025,"comment_status":"open","ping_status":"closed","template":"","meta":{"om_disable_all_campaigns":false},"product_brand":[],"product_cat":[62],"product_tag":[],"class_list":{"0":"post-3024","1":"product","2":"type-product","3":"status-publish","4":"has-post-thumbnail","6":"product_cat-consoladores","8":"first","9":"instock","10":"shipping-taxable","11":"purchasable","12":"product-type-simple"},"jetpack_sharing_enabled":true,"_links":{"self":[{"href":"https:\/\/anysexshop.com.ar\/shop\/wp-json\/wp\/v2\/product\/3024","targetHints":{"allow":["GET"]}}],"collection":[{"href":"https:\/\/anysexshop.com.ar\/shop\/wp-json\/wp\/v2\/product"}],"about":[{"href":"https:\/\/anysexshop.com.ar\/shop\/wp-json\/wp\/v2\/types\/product"}],"replies":[{"embeddable":true,"href":"https:\/\/anysexshop.com.ar\/shop\/wp-json\/wp\/v2\/comments?post=3024"}],"wp:featuredmedia":[{"embeddable":true,"href":"https:\/\/anysexshop.com.ar\/shop\/wp-json\/wp\/v2\/media\/3025"}],"wp:attachment":[{"href":"https:\/\/anysexshop.com.ar\/shop\/wp-json\/wp\/v2\/media?parent=3024"}],"wp:term":[{"taxonomy":"product_brand","embeddable":true,"href":"https:\/\/anysexshop.com.ar\/shop\/wp-json\/wp\/v2\/product_brand?post=3024"},{"taxonomy":"product_cat","embeddable":true,"href":"https:\/\/anysexshop.com.ar\/shop\/wp-json\/wp\/v2\/product_cat?post=3024"},{"taxonomy":"product_tag","embeddable":true,"href":"https:\/\/anysexshop.com.ar\/shop\/wp-json\/wp\/v2\/product_tag?post=3024"}],"curies":[{"name":"wp","href":"https:\/\/api.w.org\/{rel}","templated":true}]}}