{"id":3148,"date":"2023-02-17T20:37:42","date_gmt":"2023-02-17T23:37:42","guid":{"rendered":"https:\/\/anysexshop.com.ar\/shop\/?post_type=product&#038;p=3148"},"modified":"2025-07-29T16:16:05","modified_gmt":"2025-07-29T19:16:05","slug":"gel-saborizado-chicle-en-base-a-agua-x-200-cc","status":"publish","type":"product","link":"https:\/\/anysexshop.com.ar\/shop\/product\/gel-saborizado-chicle-en-base-a-agua-x-200-cc\/","title":{"rendered":"GEL SABORIZADO CHICLE EN BASE A AGUA X 200 CC"},"content":{"rendered":"<body><p><strong>IRRESISTIBLE AROMA Y SABOR. TENTATE.<\/strong><\/p>\n<p>Gel lubricante de base acuosa, hidrosoluble.<\/p>\n<p>Con alto poder de lubricaci\u00f3n.<\/p>\n<p>Explora tus m\u00e1s osadas fantas\u00edas.\u00a0\u00a1Degusta! \u00a1Proba!<\/p>\n<p>\u00a1Juga! Luego del uso deja la zona humectada y sedosa.<\/p>\n<p>No mancha y no deja residuos.<\/p>\n<p><strong>CONTIENE 200ML<\/strong>\u00a0<strong>SABOR A CHICLE<\/strong><\/p>\n<\/body>","protected":false},"excerpt":{"rendered":"<p>IRRESISTIBLE AROMA Y SABOR. TENTATE. Gel lubricante de base acuosa, hidrosoluble. Con alto poder de lubricaci\u00f3n. Explora tus m\u00e1s osadas fantas\u00edas.\u00a0\u00a1Degusta! \u00a1Proba! \u00a1Juga! Luego del uso deja la zona humectada y sedosa. No mancha y no deja residuos. CONTIENE 200ML\u00a0SABOR A CHICLE<\/p>\n","protected":false},"featured_media":3149,"comment_status":"open","ping_status":"closed","template":"","meta":{"om_disable_all_campaigns":false},"product_brand":[],"product_cat":[54],"product_tag":[],"class_list":{"0":"post-3148","1":"product","2":"type-product","3":"status-publish","4":"has-post-thumbnail","6":"product_cat-geles-lubricantes-y-aceites","8":"first","9":"instock","10":"shipping-taxable","11":"purchasable","12":"product-type-simple"},"jetpack_sharing_enabled":true,"_links":{"self":[{"href":"https:\/\/anysexshop.com.ar\/shop\/wp-json\/wp\/v2\/product\/3148","targetHints":{"allow":["GET"]}}],"collection":[{"href":"https:\/\/anysexshop.com.ar\/shop\/wp-json\/wp\/v2\/product"}],"about":[{"href":"https:\/\/anysexshop.com.ar\/shop\/wp-json\/wp\/v2\/types\/product"}],"replies":[{"embeddable":true,"href":"https:\/\/anysexshop.com.ar\/shop\/wp-json\/wp\/v2\/comments?post=3148"}],"wp:featuredmedia":[{"embeddable":true,"href":"https:\/\/anysexshop.com.ar\/shop\/wp-json\/wp\/v2\/media\/3149"}],"wp:attachment":[{"href":"https:\/\/anysexshop.com.ar\/shop\/wp-json\/wp\/v2\/media?parent=3148"}],"wp:term":[{"taxonomy":"product_brand","embeddable":true,"href":"https:\/\/anysexshop.com.ar\/shop\/wp-json\/wp\/v2\/product_brand?post=3148"},{"taxonomy":"product_cat","embeddable":true,"href":"https:\/\/anysexshop.com.ar\/shop\/wp-json\/wp\/v2\/product_cat?post=3148"},{"taxonomy":"product_tag","embeddable":true,"href":"https:\/\/anysexshop.com.ar\/shop\/wp-json\/wp\/v2\/product_tag?post=3148"}],"curies":[{"name":"wp","href":"https:\/\/api.w.org\/{rel}","templated":true}]}}