{"id":3150,"date":"2023-02-18T17:34:05","date_gmt":"2023-02-18T20:34:05","guid":{"rendered":"https:\/\/anysexshop.com.ar\/shop\/?post_type=product&#038;p=3150"},"modified":"2026-01-12T18:43:18","modified_gmt":"2026-01-12T21:43:18","slug":"crema-potenciadora-de-la-ereccion-y-sensibilizante-de-la-vaginal-x-50-cc","status":"publish","type":"product","link":"https:\/\/anysexshop.com.ar\/shop\/product\/crema-potenciadora-de-la-ereccion-y-sensibilizante-de-la-vaginal-x-50-cc\/","title":{"rendered":"CREMA POTENCIADORA DE LA ERECCION Y SENSIBILIZANTE DE LA VAGINAL X 50 CC"},"content":{"rendered":"<body><h3>Intensific\u00e1 las sensaciones y descubr\u00ed algo totalmente nuevo.<\/h3>\n<h1>Descripci\u00f3n<\/h1>\n<p>Crema potenciadora de la erecci\u00f3n que adem\u00e1s sensibiliza el \u00e1rea genital femenina para alcanzar m\u00faltiples orgasmos.<\/p>\n<p>M\u00e1s resistencia, vitalidad y erecciones m\u00e1s intensas son los efectos que la crema otorga a la pareja. La crema ideal para garantizar una relaci\u00f3n sexual de alto voltaje y gran sensibilidad en el que la satisfacci\u00f3n queda m\u00e1s que garantizada gracias a sus vitalizantes efectos.<\/p>\n<p>\u00a0<\/p>\n<h1>Principales caracter\u00edsticas<\/h1>\n<ul>\n<li>Potencia la erecci\u00f3n.<\/li>\n<li>Compuesta con una exclusiva f\u00f3rmula a base de extractos naturales.<\/li>\n<li>Efecto hielo-fuego\u00a0intenso.<\/li>\n<li>Compatible con preservativos.<\/li>\n<li>Sin parabenos<\/li>\n<\/ul>\n<div id=\"fade-container\" class=\"secciones\">\n<div id=\"fade-content\" class=\"texto-interior\">\n<div>\n<p>Cuenta la leyenda que antiguamente en Jap\u00f3n, durante las guerras del Imperio del Sol Naciente, las mujeres daban la bienvenida a sus amados guerreros untando una potente crema en su miembro que los convert\u00eda en verdaderos dragones, pudiendo satisfacerlas durante toda una noche hasta llevarlas al m\u00e1ximo de los placeres. Hoy, esta crema\u00a0es la\u00a0crema BLACK DRAGON.\u00a0Creada a partir de extractos de plantas y hierbas naturales, solo hay que poner una gota\u00a0de BLACK DRAGON en el pene, con suaves masajes sobre el glande y los laterales del tronco para empezar a disfrutar de inmediato. A\u00a0los pocos segundos la persona empezar\u00e1 a sentir\u00a0un efecto calor intenso que se apoderar\u00e1 de ella.\u00a0 Al empezar a jugar con su pareja este efecto tambi\u00e9n se transmitir\u00e1 a la otra persona, asegurando as\u00ed\u00a0los orgasmos m\u00e1s intensos e inolvidables para ambxs.<\/p>\n<p>\u00a1Dejate llevar por el fuego del drag\u00f3n!<\/p>\n<p>\u00a0<\/p>\n<\/div>\n<\/div>\n<\/div>\n<\/body>","protected":false},"excerpt":{"rendered":"<p>Intensific\u00e1 las sensaciones y descubr\u00ed algo totalmente nuevo. Descripci\u00f3n Crema potenciadora de la erecci\u00f3n que adem\u00e1s sensibiliza el \u00e1rea genital femenina para alcanzar m\u00faltiples orgasmos. M\u00e1s resistencia, vitalidad y erecciones m\u00e1s intensas son los efectos que la crema otorga a la pareja. La crema ideal para garantizar una relaci\u00f3n sexual&hellip; <\/p>\n","protected":false},"featured_media":3151,"comment_status":"open","ping_status":"closed","template":"","meta":{"om_disable_all_campaigns":false},"product_brand":[],"product_cat":[54],"product_tag":[],"class_list":{"0":"post-3150","1":"product","2":"type-product","3":"status-publish","4":"has-post-thumbnail","6":"product_cat-geles-lubricantes-y-aceites","8":"first","9":"instock","10":"sale","11":"shipping-taxable","12":"purchasable","13":"product-type-simple"},"jetpack_sharing_enabled":true,"_links":{"self":[{"href":"https:\/\/anysexshop.com.ar\/shop\/wp-json\/wp\/v2\/product\/3150","targetHints":{"allow":["GET"]}}],"collection":[{"href":"https:\/\/anysexshop.com.ar\/shop\/wp-json\/wp\/v2\/product"}],"about":[{"href":"https:\/\/anysexshop.com.ar\/shop\/wp-json\/wp\/v2\/types\/product"}],"replies":[{"embeddable":true,"href":"https:\/\/anysexshop.com.ar\/shop\/wp-json\/wp\/v2\/comments?post=3150"}],"wp:featuredmedia":[{"embeddable":true,"href":"https:\/\/anysexshop.com.ar\/shop\/wp-json\/wp\/v2\/media\/3151"}],"wp:attachment":[{"href":"https:\/\/anysexshop.com.ar\/shop\/wp-json\/wp\/v2\/media?parent=3150"}],"wp:term":[{"taxonomy":"product_brand","embeddable":true,"href":"https:\/\/anysexshop.com.ar\/shop\/wp-json\/wp\/v2\/product_brand?post=3150"},{"taxonomy":"product_cat","embeddable":true,"href":"https:\/\/anysexshop.com.ar\/shop\/wp-json\/wp\/v2\/product_cat?post=3150"},{"taxonomy":"product_tag","embeddable":true,"href":"https:\/\/anysexshop.com.ar\/shop\/wp-json\/wp\/v2\/product_tag?post=3150"}],"curies":[{"name":"wp","href":"https:\/\/api.w.org\/{rel}","templated":true}]}}