{"id":3329,"date":"2023-06-16T16:05:08","date_gmt":"2023-06-16T19:05:08","guid":{"rendered":"https:\/\/anysexshop.com.ar\/shop\/?post_type=product&#038;p=3329"},"modified":"2026-03-04T20:40:19","modified_gmt":"2026-03-04T23:40:19","slug":"plug-dilatador-anal-rose-gold-medium-82-x-34-cm","status":"publish","type":"product","link":"https:\/\/anysexshop.com.ar\/shop\/product\/plug-dilatador-anal-rose-gold-medium-82-x-34-cm\/","title":{"rendered":"PLUG DILATADOR ANAL ROSE GOLD MEDIUM 8,2 X 3,4 CM"},"content":{"rendered":"<body><p class=\"p1\"><span class=\"s1\">Este plug anal de aleaci\u00f3n de aluminio oro rosado, est\u00e1 dise\u00f1ado para ofrecerte un sinf\u00edn de sensaciones placenteras. Su forma c\u00f3nica es ideal para facilitar la inserci\u00f3n, estimularte y ofrecerte orgasmos incre\u00edbles y su gema de coraz\u00f3n negra har\u00e1 realzar las fantas\u00edas de tu pareja al verte. Puedes jugar con la temperatura calent\u00e1ndolo o enfri\u00e1ndolo, esto a\u00f1adir\u00e1 excitaci\u00f3n a tus fantas\u00edas er\u00f3ticas.<\/span><\/p>\n<p class=\"p2\"><span class=\"s1\"><strong>Caracter\u00edsticas<\/strong><\/span><\/p>\n<p class=\"p2\"><span class=\"s1\">\u2022 Dilatador anal M.<\/span><\/p>\n<p class=\"p2\"><span class=\"s1\">\u2022 Color Oro rosado.<\/span><\/p>\n<p class=\"p2\"><span class=\"s1\">\u2022 Medidas: longitud 8.2 cm di\u00e1metro 3.4 cm.<\/span><\/p>\n<p class=\"p2\"><span class=\"s1\">\u2022 Base ancha para un uso seguro.<\/span><\/p>\n<p class=\"p2\"><span class=\"s1\">\u2022 Engarce en la base emulando 1 gema de Coraz\u00f3n en ABS. Negro.<\/span><\/p>\n<p class=\"p2\"><span class=\"s1\">\u2022 Aleaci\u00f3n de Aluminio ultra-liso.<\/span><\/p>\n<p class=\"p2\"><span class=\"s1\">\u2022 No contiene N\u00edquel.<\/span><\/p>\n<p class=\"p2\"><span class=\"s1\">\u2022 Superficie no porosa.<\/span><\/p>\n<p class=\"p2\"><span class=\"s1\">\u2022 Ultra liviano.<\/span><\/p>\n<p class=\"p2\"><span class=\"s1\">\u2022 Eje delgado.<\/span><\/p>\n<p class=\"p2\"><span class=\"s1\">\u2022 Impermeable. No sumergible.<\/span><\/p>\n<\/body>","protected":false},"excerpt":{"rendered":"<p>Este plug anal de aleaci\u00f3n de aluminio oro rosado, est\u00e1 dise\u00f1ado para ofrecerte un sinf\u00edn de sensaciones placenteras. Su forma c\u00f3nica es ideal para facilitar la inserci\u00f3n, estimularte y ofrecerte orgasmos incre\u00edbles y su gema de coraz\u00f3n negra har\u00e1 realzar las fantas\u00edas de tu pareja al verte. Puedes jugar con&hellip; <\/p>\n","protected":false},"featured_media":3330,"comment_status":"open","ping_status":"closed","template":"","meta":{"om_disable_all_campaigns":false},"product_brand":[],"product_cat":[57],"product_tag":[],"class_list":{"0":"post-3329","1":"product","2":"type-product","3":"status-publish","4":"has-post-thumbnail","6":"product_cat-anales","8":"first","9":"instock","10":"shipping-taxable","11":"purchasable","12":"product-type-simple"},"jetpack_sharing_enabled":true,"_links":{"self":[{"href":"https:\/\/anysexshop.com.ar\/shop\/wp-json\/wp\/v2\/product\/3329","targetHints":{"allow":["GET"]}}],"collection":[{"href":"https:\/\/anysexshop.com.ar\/shop\/wp-json\/wp\/v2\/product"}],"about":[{"href":"https:\/\/anysexshop.com.ar\/shop\/wp-json\/wp\/v2\/types\/product"}],"replies":[{"embeddable":true,"href":"https:\/\/anysexshop.com.ar\/shop\/wp-json\/wp\/v2\/comments?post=3329"}],"wp:featuredmedia":[{"embeddable":true,"href":"https:\/\/anysexshop.com.ar\/shop\/wp-json\/wp\/v2\/media\/3330"}],"wp:attachment":[{"href":"https:\/\/anysexshop.com.ar\/shop\/wp-json\/wp\/v2\/media?parent=3329"}],"wp:term":[{"taxonomy":"product_brand","embeddable":true,"href":"https:\/\/anysexshop.com.ar\/shop\/wp-json\/wp\/v2\/product_brand?post=3329"},{"taxonomy":"product_cat","embeddable":true,"href":"https:\/\/anysexshop.com.ar\/shop\/wp-json\/wp\/v2\/product_cat?post=3329"},{"taxonomy":"product_tag","embeddable":true,"href":"https:\/\/anysexshop.com.ar\/shop\/wp-json\/wp\/v2\/product_tag?post=3329"}],"curies":[{"name":"wp","href":"https:\/\/api.w.org\/{rel}","templated":true}]}}