{"id":3391,"date":"2023-07-08T13:30:16","date_gmt":"2023-07-08T16:30:16","guid":{"rendered":"https:\/\/anysexshop.com.ar\/shop\/?post_type=product&#038;p=3391"},"modified":"2026-01-12T18:40:37","modified_gmt":"2026-01-12T21:40:37","slug":"perfume-con-feromonas-femenino-hot-inevitable-prevee","status":"publish","type":"product","link":"https:\/\/anysexshop.com.ar\/shop\/product\/perfume-con-feromonas-femenino-hot-inevitable-prevee\/","title":{"rendered":"perfume con feromonas femenino hot inevitable prevee"},"content":{"rendered":"<body><p>Exquisita fragancia afrodis\u00edaca! Las Notas de Salida son peon\u00eda, vodka con sabor a dulces de musk, pi\u00f1a, lim\u00f3n (lima \u00e1cida), durazno (melocot\u00f3n), hoja de pl\u00e1tano y violeta; las Notas de Coraz\u00f3n son lirio de los valles (muguete), azucena, jacinto, jazm\u00edn, fresia, calone, ylang-ylang y rosa; las Notas de Fondo son almizcle, cedro, s\u00e1ndalo, \u00e1mbar y styrax<\/p>\n<p>contiene 100 ml<\/p>\n<\/body>","protected":false},"excerpt":{"rendered":"<p>Exquisita fragancia afrodis\u00edaca! Las Notas de Salida son peon\u00eda, vodka con sabor a dulces de musk, pi\u00f1a, lim\u00f3n (lima \u00e1cida), durazno (melocot\u00f3n), hoja de pl\u00e1tano y violeta; las Notas de Coraz\u00f3n son lirio de los valles (muguete), azucena, jacinto, jazm\u00edn, fresia, calone, ylang-ylang y rosa; las Notas de Fondo son&hellip; <\/p>\n","protected":false},"featured_media":3392,"comment_status":"open","ping_status":"closed","template":"","meta":{"om_disable_all_campaigns":false},"product_brand":[],"product_cat":[53],"product_tag":[],"class_list":{"0":"post-3391","1":"product","2":"type-product","3":"status-publish","4":"has-post-thumbnail","6":"product_cat-feromonas","8":"first","9":"instock","10":"sale","11":"shipping-taxable","12":"purchasable","13":"product-type-simple"},"jetpack_sharing_enabled":true,"_links":{"self":[{"href":"https:\/\/anysexshop.com.ar\/shop\/wp-json\/wp\/v2\/product\/3391","targetHints":{"allow":["GET"]}}],"collection":[{"href":"https:\/\/anysexshop.com.ar\/shop\/wp-json\/wp\/v2\/product"}],"about":[{"href":"https:\/\/anysexshop.com.ar\/shop\/wp-json\/wp\/v2\/types\/product"}],"replies":[{"embeddable":true,"href":"https:\/\/anysexshop.com.ar\/shop\/wp-json\/wp\/v2\/comments?post=3391"}],"wp:featuredmedia":[{"embeddable":true,"href":"https:\/\/anysexshop.com.ar\/shop\/wp-json\/wp\/v2\/media\/3392"}],"wp:attachment":[{"href":"https:\/\/anysexshop.com.ar\/shop\/wp-json\/wp\/v2\/media?parent=3391"}],"wp:term":[{"taxonomy":"product_brand","embeddable":true,"href":"https:\/\/anysexshop.com.ar\/shop\/wp-json\/wp\/v2\/product_brand?post=3391"},{"taxonomy":"product_cat","embeddable":true,"href":"https:\/\/anysexshop.com.ar\/shop\/wp-json\/wp\/v2\/product_cat?post=3391"},{"taxonomy":"product_tag","embeddable":true,"href":"https:\/\/anysexshop.com.ar\/shop\/wp-json\/wp\/v2\/product_tag?post=3391"}],"curies":[{"name":"wp","href":"https:\/\/api.w.org\/{rel}","templated":true}]}}