{"id":3467,"date":"2023-09-01T19:18:18","date_gmt":"2023-09-01T22:18:18","guid":{"rendered":"https:\/\/anysexshop.com.ar\/shop\/?post_type=product&#038;p=3467"},"modified":"2026-01-12T18:37:55","modified_gmt":"2026-01-12T21:37:55","slug":"crema-estimulante-para-orgasmos-mas-intensos-oh-yes-en-sachet","status":"publish","type":"product","link":"https:\/\/anysexshop.com.ar\/shop\/product\/crema-estimulante-para-orgasmos-mas-intensos-oh-yes-en-sachet\/","title":{"rendered":"CREMA ESTIMULANTE PARA ORGASMOS MAS INTENSOS OH YES! EN SACHET"},"content":{"rendered":"<body><p><strong>CREMA \u00edNTIMA ORGASMICA ESTIMULANTE<\/strong><\/p>\n<p>CON FENOGRECO, GINKGO BILOBA &amp; MACA<\/p>\n<p><strong>\u00a1Disfruta de los orgasmos m\u00e1s potentes!<\/strong><\/p>\n<ul>\n<li>Intensifica los orgasmos<\/li>\n<li>Mayor Excitaci\u00f3n<\/li>\n<li>Mejora la lubricaci\u00f3n<\/li>\n<\/ul>\n<p><strong>\u00bfOrgasmos a\u00fan m\u00e1s intensos? \u00a1S\u00ed!<\/strong><\/p>\n<p>Con tan solo un poco de crema sobre tu zona genital sentir\u00e1s como se intensifica cada caricia, roce, beso y juego sexual que puedas imaginar.<\/p>\n<p>Multiplicando tu placer, lubricaci\u00f3n, deseo e incrementando el grado de goce en momentos de cl\u00edmax.<\/p>\n<p>Ya sea a solas o en pareja, sin duda esta en una crema m\u00e1gica para experiencias y juegos que no podes dejar pasar.<\/p>\n<\/body>","protected":false},"excerpt":{"rendered":"<p>CREMA \u00edNTIMA ORGASMICA ESTIMULANTE CON FENOGRECO, GINKGO BILOBA &amp; MACA \u00a1Disfruta de los orgasmos m\u00e1s potentes! Intensifica los orgasmos Mayor Excitaci\u00f3n Mejora la lubricaci\u00f3n \u00bfOrgasmos a\u00fan m\u00e1s intensos? \u00a1S\u00ed! Con tan solo un poco de crema sobre tu zona genital sentir\u00e1s como se intensifica cada caricia, roce, beso y juego&hellip; <\/p>\n","protected":false},"featured_media":3468,"comment_status":"open","ping_status":"closed","template":"","meta":{"om_disable_all_campaigns":false},"product_brand":[],"product_cat":[54],"product_tag":[],"class_list":{"0":"post-3467","1":"product","2":"type-product","3":"status-publish","4":"has-post-thumbnail","6":"product_cat-geles-lubricantes-y-aceites","8":"first","9":"instock","10":"shipping-taxable","11":"purchasable","12":"product-type-simple"},"jetpack_sharing_enabled":true,"_links":{"self":[{"href":"https:\/\/anysexshop.com.ar\/shop\/wp-json\/wp\/v2\/product\/3467","targetHints":{"allow":["GET"]}}],"collection":[{"href":"https:\/\/anysexshop.com.ar\/shop\/wp-json\/wp\/v2\/product"}],"about":[{"href":"https:\/\/anysexshop.com.ar\/shop\/wp-json\/wp\/v2\/types\/product"}],"replies":[{"embeddable":true,"href":"https:\/\/anysexshop.com.ar\/shop\/wp-json\/wp\/v2\/comments?post=3467"}],"wp:featuredmedia":[{"embeddable":true,"href":"https:\/\/anysexshop.com.ar\/shop\/wp-json\/wp\/v2\/media\/3468"}],"wp:attachment":[{"href":"https:\/\/anysexshop.com.ar\/shop\/wp-json\/wp\/v2\/media?parent=3467"}],"wp:term":[{"taxonomy":"product_brand","embeddable":true,"href":"https:\/\/anysexshop.com.ar\/shop\/wp-json\/wp\/v2\/product_brand?post=3467"},{"taxonomy":"product_cat","embeddable":true,"href":"https:\/\/anysexshop.com.ar\/shop\/wp-json\/wp\/v2\/product_cat?post=3467"},{"taxonomy":"product_tag","embeddable":true,"href":"https:\/\/anysexshop.com.ar\/shop\/wp-json\/wp\/v2\/product_tag?post=3467"}],"curies":[{"name":"wp","href":"https:\/\/api.w.org\/{rel}","templated":true}]}}