{"id":3504,"date":"2023-09-20T20:50:57","date_gmt":"2023-09-20T23:50:57","guid":{"rendered":"https:\/\/anysexshop.com.ar\/shop\/?post_type=product&#038;p=3504"},"modified":"2026-01-12T18:36:46","modified_gmt":"2026-01-12T21:36:46","slug":"preservativos-tulipan-control-retardante","status":"publish","type":"product","link":"https:\/\/anysexshop.com.ar\/shop\/product\/preservativos-tulipan-control-retardante\/","title":{"rendered":"PRESERVATIVOS TULIPAN CONTROL RETARDANTE"},"content":{"rendered":"<body><p>Preservativos tulipan control retardante x 3 unidades<\/p>\n<p>Tulip\u00e1n Control Retardante, ayuda a retrasar la eyaculaci\u00f3n y prolongar la relaci\u00f3n sexual.<\/p>\n<p>Con benzoca\u00edna<\/p>\n<p>Preservativo liso de l\u00e1tex<\/p>\n<p>Ancho nominal 52 +\/- 2mm<\/p>\n<\/body>","protected":false},"excerpt":{"rendered":"<p>Preservativos tulipan control retardante x 3 unidades Tulip\u00e1n Control Retardante, ayuda a retrasar la eyaculaci\u00f3n y prolongar la relaci\u00f3n sexual. Con benzoca\u00edna Preservativo liso de l\u00e1tex Ancho nominal 52 +\/- 2mm<\/p>\n","protected":false},"featured_media":3505,"comment_status":"open","ping_status":"closed","template":"","meta":{"om_disable_all_campaigns":false},"product_brand":[],"product_cat":[80],"product_tag":[],"class_list":{"0":"post-3504","1":"product","2":"type-product","3":"status-publish","4":"has-post-thumbnail","6":"product_cat-preservativos","8":"first","9":"instock","10":"shipping-taxable","11":"purchasable","12":"product-type-simple"},"jetpack_sharing_enabled":true,"_links":{"self":[{"href":"https:\/\/anysexshop.com.ar\/shop\/wp-json\/wp\/v2\/product\/3504","targetHints":{"allow":["GET"]}}],"collection":[{"href":"https:\/\/anysexshop.com.ar\/shop\/wp-json\/wp\/v2\/product"}],"about":[{"href":"https:\/\/anysexshop.com.ar\/shop\/wp-json\/wp\/v2\/types\/product"}],"replies":[{"embeddable":true,"href":"https:\/\/anysexshop.com.ar\/shop\/wp-json\/wp\/v2\/comments?post=3504"}],"wp:featuredmedia":[{"embeddable":true,"href":"https:\/\/anysexshop.com.ar\/shop\/wp-json\/wp\/v2\/media\/3505"}],"wp:attachment":[{"href":"https:\/\/anysexshop.com.ar\/shop\/wp-json\/wp\/v2\/media?parent=3504"}],"wp:term":[{"taxonomy":"product_brand","embeddable":true,"href":"https:\/\/anysexshop.com.ar\/shop\/wp-json\/wp\/v2\/product_brand?post=3504"},{"taxonomy":"product_cat","embeddable":true,"href":"https:\/\/anysexshop.com.ar\/shop\/wp-json\/wp\/v2\/product_cat?post=3504"},{"taxonomy":"product_tag","embeddable":true,"href":"https:\/\/anysexshop.com.ar\/shop\/wp-json\/wp\/v2\/product_tag?post=3504"}],"curies":[{"name":"wp","href":"https:\/\/api.w.org\/{rel}","templated":true}]}}