{"id":3516,"date":"2023-09-20T21:12:11","date_gmt":"2023-09-21T00:12:11","guid":{"rendered":"https:\/\/anysexshop.com.ar\/shop\/?post_type=product&#038;p=3516"},"modified":"2026-01-12T18:36:23","modified_gmt":"2026-01-12T21:36:23","slug":"preservativos-maxx-ultra-finos","status":"publish","type":"product","link":"https:\/\/anysexshop.com.ar\/shop\/product\/preservativos-maxx-ultra-finos\/","title":{"rendered":"PRESERVATIVOS TULIPAN CLASICO"},"content":{"rendered":"<body><p>caja de 3 preservativos clasicos<\/p>\n<p>Tulip\u00e1n Cl\u00e1sico, para disfrutar el placer seguro.<\/p>\n<p>Incluye 1 Gel \u00edntimo Cl\u00e1sico<\/p>\n<p>Preservativo liso de l\u00e1tex<\/p>\n<p>Ancho nominal: 52 +\/- 2mm<\/p>\n<p>\u00a0<\/p>\n<\/body>","protected":false},"excerpt":{"rendered":"<p>caja de 3 preservativos clasicos Tulip\u00e1n Cl\u00e1sico, para disfrutar el placer seguro. Incluye 1 Gel \u00edntimo Cl\u00e1sico Preservativo liso de l\u00e1tex Ancho nominal: 52 +\/- 2mm \u00a0<\/p>\n","protected":false},"featured_media":5511,"comment_status":"open","ping_status":"closed","template":"","meta":{"om_disable_all_campaigns":false},"product_brand":[],"product_cat":[80],"product_tag":[],"class_list":{"0":"post-3516","1":"product","2":"type-product","3":"status-publish","4":"has-post-thumbnail","6":"product_cat-preservativos","8":"first","9":"instock","10":"shipping-taxable","11":"purchasable","12":"product-type-simple"},"jetpack_sharing_enabled":true,"_links":{"self":[{"href":"https:\/\/anysexshop.com.ar\/shop\/wp-json\/wp\/v2\/product\/3516","targetHints":{"allow":["GET"]}}],"collection":[{"href":"https:\/\/anysexshop.com.ar\/shop\/wp-json\/wp\/v2\/product"}],"about":[{"href":"https:\/\/anysexshop.com.ar\/shop\/wp-json\/wp\/v2\/types\/product"}],"replies":[{"embeddable":true,"href":"https:\/\/anysexshop.com.ar\/shop\/wp-json\/wp\/v2\/comments?post=3516"}],"wp:featuredmedia":[{"embeddable":true,"href":"https:\/\/anysexshop.com.ar\/shop\/wp-json\/wp\/v2\/media\/5511"}],"wp:attachment":[{"href":"https:\/\/anysexshop.com.ar\/shop\/wp-json\/wp\/v2\/media?parent=3516"}],"wp:term":[{"taxonomy":"product_brand","embeddable":true,"href":"https:\/\/anysexshop.com.ar\/shop\/wp-json\/wp\/v2\/product_brand?post=3516"},{"taxonomy":"product_cat","embeddable":true,"href":"https:\/\/anysexshop.com.ar\/shop\/wp-json\/wp\/v2\/product_cat?post=3516"},{"taxonomy":"product_tag","embeddable":true,"href":"https:\/\/anysexshop.com.ar\/shop\/wp-json\/wp\/v2\/product_tag?post=3516"}],"curies":[{"name":"wp","href":"https:\/\/api.w.org\/{rel}","templated":true}]}}