{"id":3555,"date":"2023-09-28T18:31:18","date_gmt":"2023-09-28T21:31:18","guid":{"rendered":"https:\/\/anysexshop.com.ar\/shop\/?post_type=product&#038;p=3555"},"modified":"2026-03-04T20:56:25","modified_gmt":"2026-03-04T23:56:25","slug":"huevo-tenga-stepper","status":"publish","type":"product","link":"https:\/\/anysexshop.com.ar\/shop\/product\/huevo-tenga-stepper\/","title":{"rendered":"HUEVO TENGA STEPPER"},"content":{"rendered":"<body><p>La serie Tenga EGGs, puede parecer peque\u00f1a pero su material super el\u00e1stico le permite adaptarse a cualquier tama\u00f1o. Con una gran variedad de dise\u00f1os para elegir, cada uno de ellos aporta diferentes sensaciones.<\/p>\n<ul>\n<li>Dise\u00f1o innovador.<\/li>\n<li>Super el\u00e1stico, adaptable a todos los tama\u00f1os.<\/li>\n<li>El dise\u00f1o exterior del pack indica la textura interior.<\/li>\n<li>F\u00e1cil de limpiar. Descartable.<\/li>\n<li>Prof. de inserci\u00f3n: 190 mm \/ Anchura de inserci\u00f3n: 55 mm.<\/li>\n<\/ul>\n<p><strong>tenga EGG es muy f\u00e1cil de usar!<\/strong><\/p>\n<ol>\n<li>Abr\u00ed el envoltorio.<\/li>\n<li>Retir\u00e1 el sobre de gel lubricante del interior del Tenga Egg.<\/li>\n<li>Aplic\u00e1 el libricante alrededor del agujero del Tenga Egg para facilitar la inserci\u00f3n.<\/li>\n<li>Al finalizar el uso, ubic\u00e1 el Tenga Egg usado en su carcasa y desechalo<\/li>\n<\/ol>\n<\/body>","protected":false},"excerpt":{"rendered":"<p>La serie Tenga EGGs, puede parecer peque\u00f1a pero su material super el\u00e1stico le permite adaptarse a cualquier tama\u00f1o. Con una gran variedad de dise\u00f1os para elegir, cada uno de ellos aporta diferentes sensaciones. Dise\u00f1o innovador. Super el\u00e1stico, adaptable a todos los tama\u00f1os. El dise\u00f1o exterior del pack indica la textura&hellip; <\/p>\n","protected":false},"featured_media":3556,"comment_status":"open","ping_status":"closed","template":"","meta":{"om_disable_all_campaigns":false},"product_brand":[],"product_cat":[66],"product_tag":[],"class_list":{"0":"post-3555","1":"product","2":"type-product","3":"status-publish","4":"has-post-thumbnail","6":"product_cat-masturbadores","8":"first","9":"instock","10":"shipping-taxable","11":"purchasable","12":"product-type-simple"},"jetpack_sharing_enabled":true,"_links":{"self":[{"href":"https:\/\/anysexshop.com.ar\/shop\/wp-json\/wp\/v2\/product\/3555","targetHints":{"allow":["GET"]}}],"collection":[{"href":"https:\/\/anysexshop.com.ar\/shop\/wp-json\/wp\/v2\/product"}],"about":[{"href":"https:\/\/anysexshop.com.ar\/shop\/wp-json\/wp\/v2\/types\/product"}],"replies":[{"embeddable":true,"href":"https:\/\/anysexshop.com.ar\/shop\/wp-json\/wp\/v2\/comments?post=3555"}],"wp:featuredmedia":[{"embeddable":true,"href":"https:\/\/anysexshop.com.ar\/shop\/wp-json\/wp\/v2\/media\/3556"}],"wp:attachment":[{"href":"https:\/\/anysexshop.com.ar\/shop\/wp-json\/wp\/v2\/media?parent=3555"}],"wp:term":[{"taxonomy":"product_brand","embeddable":true,"href":"https:\/\/anysexshop.com.ar\/shop\/wp-json\/wp\/v2\/product_brand?post=3555"},{"taxonomy":"product_cat","embeddable":true,"href":"https:\/\/anysexshop.com.ar\/shop\/wp-json\/wp\/v2\/product_cat?post=3555"},{"taxonomy":"product_tag","embeddable":true,"href":"https:\/\/anysexshop.com.ar\/shop\/wp-json\/wp\/v2\/product_tag?post=3555"}],"curies":[{"name":"wp","href":"https:\/\/api.w.org\/{rel}","templated":true}]}}