{"id":3579,"date":"2023-10-05T17:18:50","date_gmt":"2023-10-05T20:18:50","guid":{"rendered":"https:\/\/anysexshop.com.ar\/shop\/?post_type=product&#038;p=3579"},"modified":"2026-03-04T20:56:03","modified_gmt":"2026-03-04T23:56:03","slug":"huevo-masturbador-x-unidad-vienen","status":"publish","type":"product","link":"https:\/\/anysexshop.com.ar\/shop\/product\/huevo-masturbador-x-unidad-vienen\/","title":{"rendered":"HUEVO MASTURBADOR X UNIDAD VIENEN"},"content":{"rendered":"<body><p>Huevito masturbador de glande y pene, por ser bien laxos pueden llegar hasta la base del mismo. En el interior de cada huevo existen diferentes texturas y dise\u00f1os que hacen de la masturbaci\u00f3n algo totalmente adictivo y proporcionando diferentes tipos de placer. Se adapta perfectamente a cualquier tama\u00f1o de pene. Son suaves, envolventes y permiten una masturbaci\u00f3n muy placentera, provocando sensaciones espectaculares al contacto con la piel. Este conjunto de productos se complementa perfectamente para poder estimular glande, pene y test\u00edculos agregando vibraci\u00f3n con la bullet por roce o frotaci\u00f3n.<br>\nModo de uso:<br>\nColocar abundante gel lubricante a base de agua en el borde del huevo y en su interior. Colocarlo en el glande y estirarlo hasta la base del pene y manipularlo para una mayor satisfacci\u00f3n. Lavar con abundante agua tibia y jab\u00f3n antibacterial y dejar secar. Una vez que est\u00e1 seco, colocarle talco o maicena para que se mantenga mejor. Antes de volver a utilizar volver a enjuagar.<\/p>\n<\/body>","protected":false},"excerpt":{"rendered":"<p>Huevito masturbador de glande y pene, por ser bien laxos pueden llegar hasta la base del mismo. En el interior de cada huevo existen diferentes texturas y dise\u00f1os que hacen de la masturbaci\u00f3n algo totalmente adictivo y proporcionando diferentes tipos de placer. Se adapta perfectamente a cualquier tama\u00f1o de pene.&hellip; <\/p>\n","protected":false},"featured_media":3580,"comment_status":"open","ping_status":"closed","template":"","meta":{"om_disable_all_campaigns":false},"product_brand":[],"product_cat":[66,15],"product_tag":[],"class_list":{"0":"post-3579","1":"product","2":"type-product","3":"status-publish","4":"has-post-thumbnail","6":"product_cat-masturbadores","7":"product_cat-combos","9":"first","10":"instock","11":"shipping-taxable","12":"purchasable","13":"product-type-simple"},"jetpack_sharing_enabled":true,"_links":{"self":[{"href":"https:\/\/anysexshop.com.ar\/shop\/wp-json\/wp\/v2\/product\/3579","targetHints":{"allow":["GET"]}}],"collection":[{"href":"https:\/\/anysexshop.com.ar\/shop\/wp-json\/wp\/v2\/product"}],"about":[{"href":"https:\/\/anysexshop.com.ar\/shop\/wp-json\/wp\/v2\/types\/product"}],"replies":[{"embeddable":true,"href":"https:\/\/anysexshop.com.ar\/shop\/wp-json\/wp\/v2\/comments?post=3579"}],"wp:featuredmedia":[{"embeddable":true,"href":"https:\/\/anysexshop.com.ar\/shop\/wp-json\/wp\/v2\/media\/3580"}],"wp:attachment":[{"href":"https:\/\/anysexshop.com.ar\/shop\/wp-json\/wp\/v2\/media?parent=3579"}],"wp:term":[{"taxonomy":"product_brand","embeddable":true,"href":"https:\/\/anysexshop.com.ar\/shop\/wp-json\/wp\/v2\/product_brand?post=3579"},{"taxonomy":"product_cat","embeddable":true,"href":"https:\/\/anysexshop.com.ar\/shop\/wp-json\/wp\/v2\/product_cat?post=3579"},{"taxonomy":"product_tag","embeddable":true,"href":"https:\/\/anysexshop.com.ar\/shop\/wp-json\/wp\/v2\/product_tag?post=3579"}],"curies":[{"name":"wp","href":"https:\/\/api.w.org\/{rel}","templated":true}]}}