{"id":3592,"date":"2023-10-17T15:50:39","date_gmt":"2023-10-17T18:50:39","guid":{"rendered":"https:\/\/anysexshop.com.ar\/shop\/?post_type=product&#038;p=3592"},"modified":"2026-03-02T21:57:34","modified_gmt":"2026-03-03T00:57:34","slug":"vibrador-ciber-huevo-liso-real-18x3-cm","status":"publish","type":"product","link":"https:\/\/anysexshop.com.ar\/shop\/product\/vibrador-ciber-huevo-liso-real-18x3-cm\/","title":{"rendered":"VIBRADOR CIBER HUEVO LISO REAL 18X3 CM"},"content":{"rendered":"<body><p>Ideal para los que buscan realismo y satisfacci\u00f3n, Cyber es s\u00faper real\u00edstico, s\u00edmil a la piel, suave al tacto y afelpado, su medida de 18 cm de largo y 3 \u00d8 se adapta a la temperatura corporal lo que permite sentir mejor sus vibraciones y textura, adem\u00e1s es hipoalerg\u00e9nico. Se recomienda el uso de lubricantes Real Skin. Phthalate Free<\/p>\n<\/body>","protected":false},"excerpt":{"rendered":"<p>Ideal para los que buscan realismo y satisfacci\u00f3n, Cyber es s\u00faper real\u00edstico, s\u00edmil a la piel, suave al tacto y afelpado, su medida de 18 cm de largo y 3 \u00d8 se adapta a la temperatura corporal lo que permite sentir mejor sus vibraciones y textura, adem\u00e1s es hipoalerg\u00e9nico. Se&hellip; <\/p>\n","protected":false},"featured_media":3593,"comment_status":"open","ping_status":"closed","template":"","meta":{"om_disable_all_campaigns":false},"product_brand":[],"product_cat":[69],"product_tag":[],"class_list":{"0":"post-3592","1":"product","2":"type-product","3":"status-publish","4":"has-post-thumbnail","6":"product_cat-vibradores","8":"first","9":"instock","10":"shipping-taxable","11":"purchasable","12":"product-type-simple"},"jetpack_sharing_enabled":true,"_links":{"self":[{"href":"https:\/\/anysexshop.com.ar\/shop\/wp-json\/wp\/v2\/product\/3592","targetHints":{"allow":["GET"]}}],"collection":[{"href":"https:\/\/anysexshop.com.ar\/shop\/wp-json\/wp\/v2\/product"}],"about":[{"href":"https:\/\/anysexshop.com.ar\/shop\/wp-json\/wp\/v2\/types\/product"}],"replies":[{"embeddable":true,"href":"https:\/\/anysexshop.com.ar\/shop\/wp-json\/wp\/v2\/comments?post=3592"}],"wp:featuredmedia":[{"embeddable":true,"href":"https:\/\/anysexshop.com.ar\/shop\/wp-json\/wp\/v2\/media\/3593"}],"wp:attachment":[{"href":"https:\/\/anysexshop.com.ar\/shop\/wp-json\/wp\/v2\/media?parent=3592"}],"wp:term":[{"taxonomy":"product_brand","embeddable":true,"href":"https:\/\/anysexshop.com.ar\/shop\/wp-json\/wp\/v2\/product_brand?post=3592"},{"taxonomy":"product_cat","embeddable":true,"href":"https:\/\/anysexshop.com.ar\/shop\/wp-json\/wp\/v2\/product_cat?post=3592"},{"taxonomy":"product_tag","embeddable":true,"href":"https:\/\/anysexshop.com.ar\/shop\/wp-json\/wp\/v2\/product_tag?post=3592"}],"curies":[{"name":"wp","href":"https:\/\/api.w.org\/{rel}","templated":true}]}}