{"id":3594,"date":"2023-10-17T16:16:37","date_gmt":"2023-10-17T19:16:37","guid":{"rendered":"https:\/\/anysexshop.com.ar\/shop\/?post_type=product&#038;p=3594"},"modified":"2025-11-18T18:52:14","modified_gmt":"2025-11-18T21:52:14","slug":"vibrador-huevo-liso-rojo-18-x-3-cm","status":"publish","type":"product","link":"https:\/\/anysexshop.com.ar\/shop\/product\/vibrador-huevo-liso-rojo-18-x-3-cm\/","title":{"rendered":"VIBRADOR HUEVO LISO ROJO  18 X 3 CM"},"content":{"rendered":"<body><p>Ideal para los que buscan realismo y satisfacci\u00f3n<\/p>\n<p>s\u00edmil a la piel, suave al tacto y afelpado<\/p>\n<p>su medida de 18 cm de largo y 3 \u00d8<\/p>\n<p>se adapta a la temperatura corporal lo que permite sentir mejor sus vibraciones y textura<\/p>\n<p>adem\u00e1s es hipoalerg\u00e9nico.<\/p>\n<p>Se recomienda el uso de lubricantes<\/p>\n<p>Phthalate Free<\/p>\n<\/body>","protected":false},"excerpt":{"rendered":"<p>Ideal para los que buscan realismo y satisfacci\u00f3n s\u00edmil a la piel, suave al tacto y afelpado su medida de 18 cm de largo y 3 \u00d8 se adapta a la temperatura corporal lo que permite sentir mejor sus vibraciones y textura adem\u00e1s es hipoalerg\u00e9nico. Se recomienda el uso de&hellip; <\/p>\n","protected":false},"featured_media":3595,"comment_status":"open","ping_status":"closed","template":"","meta":{"om_disable_all_campaigns":false},"product_brand":[],"product_cat":[69],"product_tag":[],"class_list":{"0":"post-3594","1":"product","2":"type-product","3":"status-publish","4":"has-post-thumbnail","6":"product_cat-vibradores","8":"first","9":"outofstock","10":"shipping-taxable","11":"product-type-simple"},"jetpack_sharing_enabled":true,"_links":{"self":[{"href":"https:\/\/anysexshop.com.ar\/shop\/wp-json\/wp\/v2\/product\/3594","targetHints":{"allow":["GET"]}}],"collection":[{"href":"https:\/\/anysexshop.com.ar\/shop\/wp-json\/wp\/v2\/product"}],"about":[{"href":"https:\/\/anysexshop.com.ar\/shop\/wp-json\/wp\/v2\/types\/product"}],"replies":[{"embeddable":true,"href":"https:\/\/anysexshop.com.ar\/shop\/wp-json\/wp\/v2\/comments?post=3594"}],"wp:featuredmedia":[{"embeddable":true,"href":"https:\/\/anysexshop.com.ar\/shop\/wp-json\/wp\/v2\/media\/3595"}],"wp:attachment":[{"href":"https:\/\/anysexshop.com.ar\/shop\/wp-json\/wp\/v2\/media?parent=3594"}],"wp:term":[{"taxonomy":"product_brand","embeddable":true,"href":"https:\/\/anysexshop.com.ar\/shop\/wp-json\/wp\/v2\/product_brand?post=3594"},{"taxonomy":"product_cat","embeddable":true,"href":"https:\/\/anysexshop.com.ar\/shop\/wp-json\/wp\/v2\/product_cat?post=3594"},{"taxonomy":"product_tag","embeddable":true,"href":"https:\/\/anysexshop.com.ar\/shop\/wp-json\/wp\/v2\/product_tag?post=3594"}],"curies":[{"name":"wp","href":"https:\/\/api.w.org\/{rel}","templated":true}]}}