{"id":3822,"date":"2024-01-26T14:56:45","date_gmt":"2024-01-26T17:56:45","guid":{"rendered":"https:\/\/anysexshop.com.ar\/shop\/?post_type=product&#038;p=3822"},"modified":"2026-02-27T11:35:44","modified_gmt":"2026-02-27T14:35:44","slug":"macizo-magnifica-piel-23-x-5-cm","status":"publish","type":"product","link":"https:\/\/anysexshop.com.ar\/shop\/product\/macizo-magnifica-piel-23-x-5-cm\/","title":{"rendered":"MACIZO MAGNIFICA PIEL 23 X 5 CM"},"content":{"rendered":"<body><p><b>Macizo Magnifica Piel.<\/b>\u00a0De textura suave y sin perder rigidez, este consolador macizo\u00a0se adapta a la temperatura corporal brindando placer a la pareja. El macizo es\u00a0compatible con arn\u00e9s y viene en diferentes tama\u00f1os.\u00a0Este macizo es el de tama\u00f1o m\u00e1s grande, para que lleves tu placer m\u00e1s alla.<b><\/b><\/p>\n<div class=\"descripcion-corta\">\n<blockquote><p>Tipo: Dildo sin vibro.<\/p><\/blockquote>\n<blockquote><p>Medida: 23 cm x 5 \u00d8.<\/p><\/blockquote>\n<blockquote><p>Phthalate Free \/ Libre Ftalato.<\/p><\/blockquote>\n<blockquote><p>Industria Argentina.<\/p><\/blockquote>\n<\/div>\n<\/body>","protected":false},"excerpt":{"rendered":"<p>Macizo Magnifica Piel.\u00a0De textura suave y sin perder rigidez, este consolador macizo\u00a0se adapta a la temperatura corporal brindando placer a la pareja. El macizo es\u00a0compatible con arn\u00e9s y viene en diferentes tama\u00f1os.\u00a0Este macizo es el de tama\u00f1o m\u00e1s grande, para que lleves tu placer m\u00e1s alla. Tipo: Dildo sin vibro.&hellip; <\/p>\n","protected":false},"featured_media":3823,"comment_status":"open","ping_status":"closed","template":"","meta":{"om_disable_all_campaigns":false},"product_brand":[],"product_cat":[62],"product_tag":[],"class_list":{"0":"post-3822","1":"product","2":"type-product","3":"status-publish","4":"has-post-thumbnail","6":"product_cat-consoladores","8":"first","9":"instock","10":"shipping-taxable","11":"purchasable","12":"product-type-simple"},"jetpack_sharing_enabled":true,"_links":{"self":[{"href":"https:\/\/anysexshop.com.ar\/shop\/wp-json\/wp\/v2\/product\/3822","targetHints":{"allow":["GET"]}}],"collection":[{"href":"https:\/\/anysexshop.com.ar\/shop\/wp-json\/wp\/v2\/product"}],"about":[{"href":"https:\/\/anysexshop.com.ar\/shop\/wp-json\/wp\/v2\/types\/product"}],"replies":[{"embeddable":true,"href":"https:\/\/anysexshop.com.ar\/shop\/wp-json\/wp\/v2\/comments?post=3822"}],"wp:featuredmedia":[{"embeddable":true,"href":"https:\/\/anysexshop.com.ar\/shop\/wp-json\/wp\/v2\/media\/3823"}],"wp:attachment":[{"href":"https:\/\/anysexshop.com.ar\/shop\/wp-json\/wp\/v2\/media?parent=3822"}],"wp:term":[{"taxonomy":"product_brand","embeddable":true,"href":"https:\/\/anysexshop.com.ar\/shop\/wp-json\/wp\/v2\/product_brand?post=3822"},{"taxonomy":"product_cat","embeddable":true,"href":"https:\/\/anysexshop.com.ar\/shop\/wp-json\/wp\/v2\/product_cat?post=3822"},{"taxonomy":"product_tag","embeddable":true,"href":"https:\/\/anysexshop.com.ar\/shop\/wp-json\/wp\/v2\/product_tag?post=3822"}],"curies":[{"name":"wp","href":"https:\/\/api.w.org\/{rel}","templated":true}]}}