{"id":3824,"date":"2024-01-26T14:58:48","date_gmt":"2024-01-26T17:58:48","guid":{"rendered":"https:\/\/anysexshop.com.ar\/shop\/?post_type=product&#038;p=3824"},"modified":"2026-03-04T20:39:50","modified_gmt":"2026-03-04T23:39:50","slug":"ducha-anal-mediana-100-ml","status":"publish","type":"product","link":"https:\/\/anysexshop.com.ar\/shop\/product\/ducha-anal-mediana-100-ml\/","title":{"rendered":"DUCHA ANAL MEDIANA 250 ML"},"content":{"rendered":"<body><p><strong>Ducha anal, tama\u00f1o medium.<\/strong>\u00a0Producto de f\u00e1cil uso debido a su forma suave y erg\u00f3nomica. Posee una base plana y una boquilla redonda que es gentil con la piel al momento de la inserci\u00f3n.<br>\nReal douche es perfecta tanto para expertos como para principiantes del juego anal.<\/p>\n<p><em><strong>Una ducha que proporciona limpieza y seguridad a la piel.<\/strong><\/em> \u00a0\u00a0Tama\u00f1o: Medium. Longitud insertable: 5 cm. Di\u00e1metro: 60 cm. Capacidad: 250 ml.<\/p>\n<\/body>","protected":false},"excerpt":{"rendered":"<p>Ducha anal, tama\u00f1o medium.\u00a0Producto de f\u00e1cil uso debido a su forma suave y erg\u00f3nomica. Posee una base plana y una boquilla redonda que es gentil con la piel al momento de la inserci\u00f3n. Real douche es perfecta tanto para expertos como para principiantes del juego anal. Una ducha que proporciona&hellip; <\/p>\n","protected":false},"featured_media":3825,"comment_status":"open","ping_status":"closed","template":"","meta":{"om_disable_all_campaigns":false},"product_brand":[],"product_cat":[57],"product_tag":[],"class_list":{"0":"post-3824","1":"product","2":"type-product","3":"status-publish","4":"has-post-thumbnail","6":"product_cat-anales","8":"first","9":"instock","10":"shipping-taxable","11":"purchasable","12":"product-type-simple"},"jetpack_sharing_enabled":true,"_links":{"self":[{"href":"https:\/\/anysexshop.com.ar\/shop\/wp-json\/wp\/v2\/product\/3824","targetHints":{"allow":["GET"]}}],"collection":[{"href":"https:\/\/anysexshop.com.ar\/shop\/wp-json\/wp\/v2\/product"}],"about":[{"href":"https:\/\/anysexshop.com.ar\/shop\/wp-json\/wp\/v2\/types\/product"}],"replies":[{"embeddable":true,"href":"https:\/\/anysexshop.com.ar\/shop\/wp-json\/wp\/v2\/comments?post=3824"}],"wp:featuredmedia":[{"embeddable":true,"href":"https:\/\/anysexshop.com.ar\/shop\/wp-json\/wp\/v2\/media\/3825"}],"wp:attachment":[{"href":"https:\/\/anysexshop.com.ar\/shop\/wp-json\/wp\/v2\/media?parent=3824"}],"wp:term":[{"taxonomy":"product_brand","embeddable":true,"href":"https:\/\/anysexshop.com.ar\/shop\/wp-json\/wp\/v2\/product_brand?post=3824"},{"taxonomy":"product_cat","embeddable":true,"href":"https:\/\/anysexshop.com.ar\/shop\/wp-json\/wp\/v2\/product_cat?post=3824"},{"taxonomy":"product_tag","embeddable":true,"href":"https:\/\/anysexshop.com.ar\/shop\/wp-json\/wp\/v2\/product_tag?post=3824"}],"curies":[{"name":"wp","href":"https:\/\/api.w.org\/{rel}","templated":true}]}}