{"id":3845,"date":"2024-01-26T15:57:42","date_gmt":"2024-01-26T18:57:42","guid":{"rendered":"https:\/\/anysexshop.com.ar\/shop\/?post_type=product&#038;p=3845"},"modified":"2026-02-27T11:35:34","modified_gmt":"2026-02-27T14:35:34","slug":"consolador-suck-kong-nature-1","status":"publish","type":"product","link":"https:\/\/anysexshop.com.ar\/shop\/product\/consolador-suck-kong-nature-1\/","title":{"rendered":"CONSOLADOR SUCK KONG NATURE 1"},"content":{"rendered":"<body><p><b>Suck Cyber Nature, modelo 1.\u00a0<\/b>Pene real\u00edstico hecho de un material hipoalerg\u00e9nico, con textura suave y simil a la piel. El suck posee sopapa, lo que permite su adhesi\u00f3n\u00a0a la superficie. Este art\u00edculo es resistente al agua.Se recomienda el uso de lubricantes Real Skin. Podes encontrar otros modelos de suck cyber, de distintos tama\u00f1os y di\u00e1metro.\u00a0<b><br>\n<\/b><\/p>\n<blockquote><p>Tipo: Dildo con sopapa.<\/p><\/blockquote>\n<blockquote><p>Medida: 16,5 cm x 4,5 \u00d8.<\/p><\/blockquote>\n<blockquote><p>Modelo Water Proof \/ Prueba de agua.<\/p><\/blockquote>\n<blockquote><p>Phthalate Free \/ Libre Ftalato.<\/p><\/blockquote>\n<blockquote><p>Industria Argentina.<\/p><\/blockquote>\n<\/body>","protected":false},"excerpt":{"rendered":"<p>Suck Cyber Nature, modelo 1.\u00a0Pene real\u00edstico hecho de un material hipoalerg\u00e9nico, con textura suave y simil a la piel. El suck posee sopapa, lo que permite su adhesi\u00f3n\u00a0a la superficie. Este art\u00edculo es resistente al agua.Se recomienda el uso de lubricantes Real Skin. Podes encontrar otros modelos de suck cyber,&hellip; <\/p>\n","protected":false},"featured_media":3846,"comment_status":"open","ping_status":"closed","template":"","meta":{"om_disable_all_campaigns":false},"product_brand":[],"product_cat":[62],"product_tag":[],"class_list":{"0":"post-3845","1":"product","2":"type-product","3":"status-publish","4":"has-post-thumbnail","6":"product_cat-consoladores","8":"first","9":"outofstock","10":"shipping-taxable","11":"product-type-simple"},"jetpack_sharing_enabled":true,"_links":{"self":[{"href":"https:\/\/anysexshop.com.ar\/shop\/wp-json\/wp\/v2\/product\/3845","targetHints":{"allow":["GET"]}}],"collection":[{"href":"https:\/\/anysexshop.com.ar\/shop\/wp-json\/wp\/v2\/product"}],"about":[{"href":"https:\/\/anysexshop.com.ar\/shop\/wp-json\/wp\/v2\/types\/product"}],"replies":[{"embeddable":true,"href":"https:\/\/anysexshop.com.ar\/shop\/wp-json\/wp\/v2\/comments?post=3845"}],"wp:featuredmedia":[{"embeddable":true,"href":"https:\/\/anysexshop.com.ar\/shop\/wp-json\/wp\/v2\/media\/3846"}],"wp:attachment":[{"href":"https:\/\/anysexshop.com.ar\/shop\/wp-json\/wp\/v2\/media?parent=3845"}],"wp:term":[{"taxonomy":"product_brand","embeddable":true,"href":"https:\/\/anysexshop.com.ar\/shop\/wp-json\/wp\/v2\/product_brand?post=3845"},{"taxonomy":"product_cat","embeddable":true,"href":"https:\/\/anysexshop.com.ar\/shop\/wp-json\/wp\/v2\/product_cat?post=3845"},{"taxonomy":"product_tag","embeddable":true,"href":"https:\/\/anysexshop.com.ar\/shop\/wp-json\/wp\/v2\/product_tag?post=3845"}],"curies":[{"name":"wp","href":"https:\/\/api.w.org\/{rel}","templated":true}]}}