{"id":3857,"date":"2024-01-26T16:38:29","date_gmt":"2024-01-26T19:38:29","guid":{"rendered":"https:\/\/anysexshop.com.ar\/shop\/?post_type=product&#038;p=3857"},"modified":"2026-01-27T21:19:24","modified_gmt":"2026-01-28T00:19:24","slug":"consolador-con-sopapa-americano-chico-piel-19-x-3-5-cm","status":"publish","type":"product","link":"https:\/\/anysexshop.com.ar\/shop\/product\/consolador-con-sopapa-americano-chico-piel-19-x-3-5-cm\/","title":{"rendered":"CONSOLADOR CON SOPAPA AMERICANO CHICO PIEL 19 X 3.5 CM"},"content":{"rendered":"<body><p><b>Suck Americano Chico Piel.\u00a0<\/b>Este suck americano posee una textura siliconada suave y flexible que se adapta a la temperatura corporal brindando una excitante estimulaci\u00f3n. Su forma anat\u00f3mica y sus venas intensificar\u00e1n el momento de pasi\u00f3n, junto con su textura en la parte inferior que estimulan directamente al cl\u00edtoris. Adem\u00e1s, posee sopapa para poder adherirlo a distintas superficies, y es compatible con arn\u00e9s.<\/p>\n<blockquote><p>Tipo: Dildo con sopapa.<\/p><\/blockquote>\n<blockquote><p>Medida: 19 cm X 3,5 \u00d8.<\/p><\/blockquote>\n<blockquote><p>Modelo Water Proof \/ Prueba de agua.<\/p><\/blockquote>\n<blockquote><p>Phthalate Free \/ Libre Ftalato.<\/p><\/blockquote>\n<blockquote><p>Industria Argentina.<\/p><\/blockquote>\n<\/body>","protected":false},"excerpt":{"rendered":"<p>Suck Americano Chico Piel.\u00a0Este suck americano posee una textura siliconada suave y flexible que se adapta a la temperatura corporal brindando una excitante estimulaci\u00f3n. Su forma anat\u00f3mica y sus venas intensificar\u00e1n el momento de pasi\u00f3n, junto con su textura en la parte inferior que estimulan directamente al cl\u00edtoris. Adem\u00e1s, posee&hellip; <\/p>\n","protected":false},"featured_media":3858,"comment_status":"open","ping_status":"closed","template":"","meta":{"om_disable_all_campaigns":false},"product_brand":[],"product_cat":[62],"product_tag":[],"class_list":{"0":"post-3857","1":"product","2":"type-product","3":"status-publish","4":"has-post-thumbnail","6":"product_cat-consoladores","8":"first","9":"instock","10":"shipping-taxable","11":"product-type-simple"},"jetpack_sharing_enabled":true,"_links":{"self":[{"href":"https:\/\/anysexshop.com.ar\/shop\/wp-json\/wp\/v2\/product\/3857","targetHints":{"allow":["GET"]}}],"collection":[{"href":"https:\/\/anysexshop.com.ar\/shop\/wp-json\/wp\/v2\/product"}],"about":[{"href":"https:\/\/anysexshop.com.ar\/shop\/wp-json\/wp\/v2\/types\/product"}],"replies":[{"embeddable":true,"href":"https:\/\/anysexshop.com.ar\/shop\/wp-json\/wp\/v2\/comments?post=3857"}],"wp:featuredmedia":[{"embeddable":true,"href":"https:\/\/anysexshop.com.ar\/shop\/wp-json\/wp\/v2\/media\/3858"}],"wp:attachment":[{"href":"https:\/\/anysexshop.com.ar\/shop\/wp-json\/wp\/v2\/media?parent=3857"}],"wp:term":[{"taxonomy":"product_brand","embeddable":true,"href":"https:\/\/anysexshop.com.ar\/shop\/wp-json\/wp\/v2\/product_brand?post=3857"},{"taxonomy":"product_cat","embeddable":true,"href":"https:\/\/anysexshop.com.ar\/shop\/wp-json\/wp\/v2\/product_cat?post=3857"},{"taxonomy":"product_tag","embeddable":true,"href":"https:\/\/anysexshop.com.ar\/shop\/wp-json\/wp\/v2\/product_tag?post=3857"}],"curies":[{"name":"wp","href":"https:\/\/api.w.org\/{rel}","templated":true}]}}