{"id":3863,"date":"2024-01-26T16:44:50","date_gmt":"2024-01-26T19:44:50","guid":{"rendered":"https:\/\/anysexshop.com.ar\/shop\/?post_type=product&#038;p=3863"},"modified":"2026-01-27T21:19:08","modified_gmt":"2026-01-28T00:19:08","slug":"consolador-con-sopapa-ciber-nature-5","status":"publish","type":"product","link":"https:\/\/anysexshop.com.ar\/shop\/product\/consolador-con-sopapa-ciber-nature-5\/","title":{"rendered":"CONSOLADOR CON SOPAPA CIBER NATURE 5"},"content":{"rendered":"<body><p><b>Suck Cyber Nature, modelo 5.<\/b> Suck real\u00edstico hecho de un material hipoalerg\u00e9nico, con textura suave y simil a la piel. El pene\u00a0posee sopapa, lo que permite su adhesi\u00f3n\u00a0a la superficie. Este art\u00edculo es resistente al agua. Podes encontrar otros modelos de suck cyber, de distintos tama\u00f1os y di\u00e1metro.<\/p>\n<blockquote><p>Tipo: Dildo con sopapa.<\/p><\/blockquote>\n<blockquote><p>Medida: 21 cm x 4,5 \u00d8.<\/p><\/blockquote>\n<blockquote><p>Modelo Water Proof \/ Prueba de agua.<\/p><\/blockquote>\n<blockquote><p>Phthalate Free \/ Libre Ftalato.<\/p><\/blockquote>\n<blockquote><p>Industria Argentina.<\/p><\/blockquote>\n<\/body>","protected":false},"excerpt":{"rendered":"<p>Suck Cyber Nature, modelo 5. Suck real\u00edstico hecho de un material hipoalerg\u00e9nico, con textura suave y simil a la piel. El pene\u00a0posee sopapa, lo que permite su adhesi\u00f3n\u00a0a la superficie. Este art\u00edculo es resistente al agua. Podes encontrar otros modelos de suck cyber, de distintos tama\u00f1os y di\u00e1metro. Tipo: Dildo&hellip; <\/p>\n","protected":false},"featured_media":3864,"comment_status":"open","ping_status":"closed","template":"","meta":{"om_disable_all_campaigns":false},"product_brand":[],"product_cat":[62],"product_tag":[],"class_list":{"0":"post-3863","1":"product","2":"type-product","3":"status-publish","4":"has-post-thumbnail","6":"product_cat-consoladores","8":"first","9":"outofstock","10":"shipping-taxable","11":"product-type-simple"},"jetpack_sharing_enabled":true,"_links":{"self":[{"href":"https:\/\/anysexshop.com.ar\/shop\/wp-json\/wp\/v2\/product\/3863","targetHints":{"allow":["GET"]}}],"collection":[{"href":"https:\/\/anysexshop.com.ar\/shop\/wp-json\/wp\/v2\/product"}],"about":[{"href":"https:\/\/anysexshop.com.ar\/shop\/wp-json\/wp\/v2\/types\/product"}],"replies":[{"embeddable":true,"href":"https:\/\/anysexshop.com.ar\/shop\/wp-json\/wp\/v2\/comments?post=3863"}],"wp:featuredmedia":[{"embeddable":true,"href":"https:\/\/anysexshop.com.ar\/shop\/wp-json\/wp\/v2\/media\/3864"}],"wp:attachment":[{"href":"https:\/\/anysexshop.com.ar\/shop\/wp-json\/wp\/v2\/media?parent=3863"}],"wp:term":[{"taxonomy":"product_brand","embeddable":true,"href":"https:\/\/anysexshop.com.ar\/shop\/wp-json\/wp\/v2\/product_brand?post=3863"},{"taxonomy":"product_cat","embeddable":true,"href":"https:\/\/anysexshop.com.ar\/shop\/wp-json\/wp\/v2\/product_cat?post=3863"},{"taxonomy":"product_tag","embeddable":true,"href":"https:\/\/anysexshop.com.ar\/shop\/wp-json\/wp\/v2\/product_tag?post=3863"}],"curies":[{"name":"wp","href":"https:\/\/api.w.org\/{rel}","templated":true}]}}