{"id":3866,"date":"2024-01-26T16:48:41","date_gmt":"2024-01-26T19:48:41","guid":{"rendered":"https:\/\/anysexshop.com.ar\/shop\/?post_type=product&#038;p=3866"},"modified":"2026-03-04T20:49:10","modified_gmt":"2026-03-04T23:49:10","slug":"arnes-doble-bananin-piel","status":"publish","type":"product","link":"https:\/\/anysexshop.com.ar\/shop\/product\/arnes-doble-bananin-piel\/","title":{"rendered":"ARNES DOBLE BANANIN PIEL"},"content":{"rendered":"<body><p><b>Arnes doble bananin piel.<\/b> Eleva el placer hacia otro nivel con este arn\u00e9s regulable a cada cintura. Este arn\u00e9s tiene el diferencial de tener doble penetraci\u00f3n. Adem\u00e1s de tener un dildo delantero cuenta tambi\u00e9n con un dildo interno, para que disfrute sea doble.<\/p>\n<blockquote><p>Tipo: Arn\u00e9s doble.<\/p><\/blockquote>\n<blockquote><p>Medida externa: 19 cm x 3,5 \u00d8.<\/p><\/blockquote>\n<blockquote><p>Medida interna:\u00a013 cm x 3 cm \u00d8.<\/p><\/blockquote>\n<blockquote><p>Color: Carne.<\/p><\/blockquote>\n<blockquote><p>Phthalate free \/ Libre de Ftalato.<\/p><\/blockquote>\n<blockquote><p>Industria Argentina.<\/p><\/blockquote>\n<\/body>","protected":false},"excerpt":{"rendered":"<p>Arnes doble bananin piel. Eleva el placer hacia otro nivel con este arn\u00e9s regulable a cada cintura. Este arn\u00e9s tiene el diferencial de tener doble penetraci\u00f3n. Adem\u00e1s de tener un dildo delantero cuenta tambi\u00e9n con un dildo interno, para que disfrute sea doble. Tipo: Arn\u00e9s doble. Medida externa: 19 cm&hellip; <\/p>\n","protected":false},"featured_media":3867,"comment_status":"open","ping_status":"closed","template":"","meta":{"om_disable_all_campaigns":false},"product_brand":[],"product_cat":[59,63],"product_tag":[],"class_list":{"0":"post-3866","1":"product","2":"type-product","3":"status-publish","4":"has-post-thumbnail","6":"product_cat-arnes-strapon-cambio-de-roles-protesis","7":"product_cat-dobles","9":"first","10":"instock","11":"shipping-taxable","12":"purchasable","13":"product-type-simple"},"jetpack_sharing_enabled":true,"_links":{"self":[{"href":"https:\/\/anysexshop.com.ar\/shop\/wp-json\/wp\/v2\/product\/3866","targetHints":{"allow":["GET"]}}],"collection":[{"href":"https:\/\/anysexshop.com.ar\/shop\/wp-json\/wp\/v2\/product"}],"about":[{"href":"https:\/\/anysexshop.com.ar\/shop\/wp-json\/wp\/v2\/types\/product"}],"replies":[{"embeddable":true,"href":"https:\/\/anysexshop.com.ar\/shop\/wp-json\/wp\/v2\/comments?post=3866"}],"wp:featuredmedia":[{"embeddable":true,"href":"https:\/\/anysexshop.com.ar\/shop\/wp-json\/wp\/v2\/media\/3867"}],"wp:attachment":[{"href":"https:\/\/anysexshop.com.ar\/shop\/wp-json\/wp\/v2\/media?parent=3866"}],"wp:term":[{"taxonomy":"product_brand","embeddable":true,"href":"https:\/\/anysexshop.com.ar\/shop\/wp-json\/wp\/v2\/product_brand?post=3866"},{"taxonomy":"product_cat","embeddable":true,"href":"https:\/\/anysexshop.com.ar\/shop\/wp-json\/wp\/v2\/product_cat?post=3866"},{"taxonomy":"product_tag","embeddable":true,"href":"https:\/\/anysexshop.com.ar\/shop\/wp-json\/wp\/v2\/product_tag?post=3866"}],"curies":[{"name":"wp","href":"https:\/\/api.w.org\/{rel}","templated":true}]}}