{"id":3999,"date":"2024-04-13T19:47:58","date_gmt":"2024-04-13T22:47:58","guid":{"rendered":"https:\/\/anysexshop.com.ar\/shop\/?post_type=product&#038;p=3999"},"modified":"2026-03-04T20:50:44","modified_gmt":"2026-03-04T23:50:44","slug":"bala-con-control-remoto-carga-usb-luna-2","status":"publish","type":"product","link":"https:\/\/anysexshop.com.ar\/shop\/product\/bala-con-control-remoto-carga-usb-luna-2\/","title":{"rendered":"BALA CON CONTROL REMOTO CARGA USB LUNA"},"content":{"rendered":"<body><p>Bullet vaginal a control remoto y estimulaci\u00f3n vaginal Perfectamente cubierto con una suave y sedosa superficie de silicona.<\/p>\n<p>Su funci\u00f3n es estimular de manera intensa la vagina y justamente por vibrar tambi\u00e9n se trasforma en un estimulador de cl\u00edtoris muy interesante. Es uno de los juguetes m\u00e1s vendidos para utilizar en pareja y poder divertirse ambos con su uso. No duden en jugar fuera de casa.<\/p>\n<p>Caracter\u00edsticas<\/p>\n<ul>\n<li>Silicona 100% pura.<\/li>\n<li>100% Libre de Fthalatos.<\/li>\n<li>Hipo alerg\u00e9nico.<\/li>\n<li>Libre de l\u00e1tex.<\/li>\n<li>Silencioso y discreto.<\/li>\n<li>Dise\u00f1o Ergon\u00f3mico.<\/li>\n<li>10 velocidades potentes.<\/li>\n<li>Longitud: 7.5 cm Di\u00e1metro: 3.2 cm. Peso: 54gr.<\/li>\n<li>Teclas de f\u00e1cil manejo con un solo bot\u00f3n.<\/li>\n<li>Puede manejarse desde el juguete mismo o con el control remoto.<\/li>\n<li>Sube y baja la intensidad de cada vibraci\u00f3n desde el control remoto.<\/li>\n<li>Juguete y el control. Recargables.<\/li>\n<li>Distancia de alcance 6 m.<\/li>\n<li>Incluye cargador.<\/li>\n<li>Impermeable.<\/li>\n<li>Utilizar lubricante a base de agua.<\/li>\n<li>Higienizar con agua tibia y jab\u00f3n antibacteriano para Toys o neutro.<\/li>\n<\/ul>\n<p><strong>Importante no cargar m\u00e1s de 3 horas<\/strong><\/p>\n<\/body>","protected":false},"excerpt":{"rendered":"<p>Bullet vaginal a control remoto y estimulaci\u00f3n vaginal Perfectamente cubierto con una suave y sedosa superficie de silicona. Su funci\u00f3n es estimular de manera intensa la vagina y justamente por vibrar tambi\u00e9n se trasforma en un estimulador de cl\u00edtoris muy interesante. Es uno de los juguetes m\u00e1s vendidos para utilizar&hellip; <\/p>\n","protected":false},"featured_media":5835,"comment_status":"open","ping_status":"closed","template":"","meta":{"om_disable_all_campaigns":false},"product_brand":[],"product_cat":[60],"product_tag":[],"class_list":{"0":"post-3999","1":"product","2":"type-product","3":"status-publish","4":"has-post-thumbnail","6":"product_cat-balas-y-bolas-vaginales","8":"first","9":"instock","10":"shipping-taxable","11":"purchasable","12":"product-type-simple"},"jetpack_sharing_enabled":true,"_links":{"self":[{"href":"https:\/\/anysexshop.com.ar\/shop\/wp-json\/wp\/v2\/product\/3999","targetHints":{"allow":["GET"]}}],"collection":[{"href":"https:\/\/anysexshop.com.ar\/shop\/wp-json\/wp\/v2\/product"}],"about":[{"href":"https:\/\/anysexshop.com.ar\/shop\/wp-json\/wp\/v2\/types\/product"}],"replies":[{"embeddable":true,"href":"https:\/\/anysexshop.com.ar\/shop\/wp-json\/wp\/v2\/comments?post=3999"}],"wp:featuredmedia":[{"embeddable":true,"href":"https:\/\/anysexshop.com.ar\/shop\/wp-json\/wp\/v2\/media\/5835"}],"wp:attachment":[{"href":"https:\/\/anysexshop.com.ar\/shop\/wp-json\/wp\/v2\/media?parent=3999"}],"wp:term":[{"taxonomy":"product_brand","embeddable":true,"href":"https:\/\/anysexshop.com.ar\/shop\/wp-json\/wp\/v2\/product_brand?post=3999"},{"taxonomy":"product_cat","embeddable":true,"href":"https:\/\/anysexshop.com.ar\/shop\/wp-json\/wp\/v2\/product_cat?post=3999"},{"taxonomy":"product_tag","embeddable":true,"href":"https:\/\/anysexshop.com.ar\/shop\/wp-json\/wp\/v2\/product_tag?post=3999"}],"curies":[{"name":"wp","href":"https:\/\/api.w.org\/{rel}","templated":true}]}}