{"id":4282,"date":"2024-07-04T15:37:37","date_gmt":"2024-07-04T18:37:37","guid":{"rendered":"https:\/\/anysexshop.com.ar\/shop\/?post_type=product&#038;p=4282"},"modified":"2025-01-25T17:43:24","modified_gmt":"2025-01-25T20:43:24","slug":"anillo-retardante-ring-7-usb-recargable","status":"publish","type":"product","link":"https:\/\/anysexshop.com.ar\/shop\/product\/anillo-retardante-ring-7-usb-recargable\/","title":{"rendered":"ANILLO RETARDANTE RING 7 USB RECARGABLE"},"content":{"rendered":"<body><p class=\"p1\"><span class=\"s1\">Este anillo para pene mantiene la erecci\u00f3n del pene y retarda<span class=\"Apple-converted-space\">\u00a0\u00a0<\/span>la eyaculaci\u00f3n. Colocado en la base del pene logra darle firmeza<span class=\"Apple-converted-space\">\u00a0\u00a0<\/span>evitando la disfunci\u00f3n<span class=\"Apple-converted-space\">\u00a0\u00a0<\/span>y a su vez<span class=\"Apple-converted-space\">\u00a0\u00a0<\/span>estimulando cl\u00edtoris con el roce por medio de la penetraci\u00f3n. Su<span class=\"Apple-converted-space\">\u00a0\u00a0<\/span>motor es extra\u00edble. Su dise\u00f1o<span class=\"Apple-converted-space\">\u00a0\u00a0<\/span>a modo de lengua, har\u00e1 que<span class=\"Apple-converted-space\">\u00a0\u00a0<\/span>roce perfectamente con el cl\u00edtoris de una manera muy diferente y estimulante.<\/span><\/p>\n<p class=\"p1\"><span class=\"s1\"><strong>Modo de uso.<\/strong><\/span><\/p>\n<p class=\"p1\"><span class=\"s1\">Mantenga presionado el bot\u00f3n de encendido durante 3 segundos para encender \/ apagar, la luz indicadora se enciende y comienza a vibrar. Cada vez que se presiona el bot\u00f3n de encendido, cambie el modo de vibraci\u00f3n diferente. Durante la<span class=\"Apple-converted-space\">\u00a0\u00a0<\/span>carga, la luz indicadora parpadea, despu\u00e9s de la carga completa, la luz sigue encendida. Cuando el producto se est\u00e1 cargando, el chip est\u00e1 en estado de protecci\u00f3n y no se puede encender.<\/span><\/p>\n<p class=\"p2\"><span class=\"s1\"><strong>Caracter\u00edsticas<\/strong><\/span><\/p>\n<p class=\"p2\"><span class=\"s1\">\u2022 Silicona 100% pura + ABS.<\/span><\/p>\n<p class=\"p2\"><span class=\"s1\">\u2022 100% Libre de Fthalatos.<\/span><\/p>\n<p class=\"p2\"><span class=\"s1\">\u2022 Libre de l\u00e1tex.<\/span><\/p>\n<p class=\"p2\"><span class=\"s1\">\u2022 3 modos de vibraci\u00f3n lineal.<\/span><\/p>\n<p class=\"p2\"><span class=\"s1\">\u2022 7 ritmos diferentes de vibraci\u00f3n.<\/span><\/p>\n<p class=\"p2\"><span class=\"s1\">\u2022 Adaptable a todos los tama\u00f1os de Pene.<\/span><\/p>\n<p class=\"p2\"><span class=\"s1\">\u2022 Recargable. Incluye cable de carga.<\/span><\/p>\n<p class=\"p2\"><span class=\"s1\">\u2022 Tiempo de carga: aprox. 50 m.<\/span><\/p>\n<p class=\"p2\"><span class=\"s1\">\u2022 Tiempo de uso: 50 m.<\/span><\/p>\n<p class=\"p2\"><span class=\"s1\">\u2022 Tecla de f\u00e1cil manejo.<\/span><\/p>\n<p class=\"p2\"><span class=\"s1\">\u2022 Medidas: 6.2 cm x 5.1 cm x 2.2 cm.<\/span><\/p>\n<p class=\"p2\"><span class=\"s1\">\u2022 Impermeable. No sumergible.<\/span><\/p>\n<\/body>","protected":false},"excerpt":{"rendered":"<p>Este anillo para pene mantiene la erecci\u00f3n del pene y retarda\u00a0\u00a0la eyaculaci\u00f3n. Colocado en la base del pene logra darle firmeza\u00a0\u00a0evitando la disfunci\u00f3n\u00a0\u00a0y a su vez\u00a0\u00a0estimulando cl\u00edtoris con el roce por medio de la penetraci\u00f3n. Su\u00a0\u00a0motor es extra\u00edble. Su dise\u00f1o\u00a0\u00a0a modo de lengua, har\u00e1 que\u00a0\u00a0roce perfectamente con el cl\u00edtoris de&hellip; <\/p>\n","protected":false},"featured_media":4283,"comment_status":"open","ping_status":"closed","template":"","meta":{"om_disable_all_campaigns":false},"product_brand":[],"product_cat":[58],"product_tag":[],"class_list":{"0":"post-4282","1":"product","2":"type-product","3":"status-publish","4":"has-post-thumbnail","6":"product_cat-anillos","8":"first","9":"outofstock","10":"shipping-taxable","11":"product-type-simple"},"jetpack_sharing_enabled":true,"_links":{"self":[{"href":"https:\/\/anysexshop.com.ar\/shop\/wp-json\/wp\/v2\/product\/4282","targetHints":{"allow":["GET"]}}],"collection":[{"href":"https:\/\/anysexshop.com.ar\/shop\/wp-json\/wp\/v2\/product"}],"about":[{"href":"https:\/\/anysexshop.com.ar\/shop\/wp-json\/wp\/v2\/types\/product"}],"replies":[{"embeddable":true,"href":"https:\/\/anysexshop.com.ar\/shop\/wp-json\/wp\/v2\/comments?post=4282"}],"wp:featuredmedia":[{"embeddable":true,"href":"https:\/\/anysexshop.com.ar\/shop\/wp-json\/wp\/v2\/media\/4283"}],"wp:attachment":[{"href":"https:\/\/anysexshop.com.ar\/shop\/wp-json\/wp\/v2\/media?parent=4282"}],"wp:term":[{"taxonomy":"product_brand","embeddable":true,"href":"https:\/\/anysexshop.com.ar\/shop\/wp-json\/wp\/v2\/product_brand?post=4282"},{"taxonomy":"product_cat","embeddable":true,"href":"https:\/\/anysexshop.com.ar\/shop\/wp-json\/wp\/v2\/product_cat?post=4282"},{"taxonomy":"product_tag","embeddable":true,"href":"https:\/\/anysexshop.com.ar\/shop\/wp-json\/wp\/v2\/product_tag?post=4282"}],"curies":[{"name":"wp","href":"https:\/\/api.w.org\/{rel}","templated":true}]}}