{"id":4293,"date":"2024-07-04T15:57:23","date_gmt":"2024-07-04T18:57:23","guid":{"rendered":"https:\/\/anysexshop.com.ar\/shop\/?post_type=product&#038;p=4293"},"modified":"2026-03-02T21:56:43","modified_gmt":"2026-03-03T00:56:43","slug":"vibrador-de-diseno-curvo-lola-1-usb","status":"publish","type":"product","link":"https:\/\/anysexshop.com.ar\/shop\/product\/vibrador-de-diseno-curvo-lola-1-usb\/","title":{"rendered":"VIBRADOR DE DISE\u00d1O CURVO LOLA 1 USB"},"content":{"rendered":"<body><p class=\"p1\">Vibrador discreto y potente. Su dise\u00f1o curvo es ideal para estimular la zona del Punto G y su extremo chato lo hace aun mas efectivo. Es un vibrador actual y cuidado al m\u00e1ximo detalle, se adapta perfectamente<span class=\"Apple-converted-space\">\u00a0\u00a0<\/span>al cuerpo mientras se activa el motor de alta tecnolog\u00eda. Su suave<span class=\"Apple-converted-space\">\u00a0\u00a0<\/span>textura<span class=\"Apple-converted-space\">\u00a0\u00a0<\/span>ayuda a estimular la cavidad vaginal eficazmente y tambien es perfecto<span class=\"Apple-converted-space\">\u00a0\u00a0<\/span>para un masaje externo.<\/p>\n<p class=\"p2\"><strong>Modo de uso.<\/strong><\/p>\n<p class=\"p1\">Mantenga presionado el bot\u00f3n de encendido durante 3 segundos para encender \/ apagar, la luz indicadora se enciende y comienza a vibrar. Cada vez que se presiona el bot\u00f3n de encendido, cambie el modo de vibraci\u00f3n diferente. Durante la carga, la luz indicadora parpadea, despu\u00e9s de la carga completa, la luz sigue encendida. Cuando el producto se est\u00e1 cargando, el chip est\u00e1 en estado de protecci\u00f3n y no se puede encender.<\/p>\n<p class=\"p2\"><strong>Caracter\u00edsticas.<\/strong><\/p>\n<p class=\"p2\">\u2022 Material: Silicona 100% pura + ABS.<\/p>\n<p class=\"p2\">\u2022 100% Libre de Fthalatos.<\/p>\n<p class=\"p2\">\u2022 Hipo alerg\u00e9nico.<\/p>\n<p class=\"p2\">\u2022 Libre de l\u00e1tex.<\/p>\n<p class=\"p2\">\u2022 Estimulador Punto G.<\/p>\n<p class=\"p2\">\u2022 Medidas: 2.5 cm * 18 cm.<\/p>\n<p class=\"p2\">\u2022 3 modos lineales de vibraci\u00f3n.<\/p>\n<p class=\"p2\">\u2022 7 modos de vibraci\u00f3n diferentes.<\/p>\n<p class=\"p2\">\u2022 Tiempo de carga: aprox. 60 m.<\/p>\n<p class=\"p2\">\u2022 Tiempo de uso aprox. 45 m.<\/p>\n<p class=\"p2\">\u2022 Recargable. Incluye cable de carga.<\/p>\n<p class=\"p2\">\u2022 Impermeable. No sumergible.<span class=\"Apple-converted-space\">\u00a0 \u00a0<\/span><\/p>\n<\/body>","protected":false},"excerpt":{"rendered":"<p>Vibrador discreto y potente. Su dise\u00f1o curvo es ideal para estimular la zona del Punto G y su extremo chato lo hace aun mas efectivo. Es un vibrador actual y cuidado al m\u00e1ximo detalle, se adapta perfectamente\u00a0\u00a0al cuerpo mientras se activa el motor de alta tecnolog\u00eda. Su suave\u00a0\u00a0textura\u00a0\u00a0ayuda a estimular&hellip; <\/p>\n","protected":false},"featured_media":4294,"comment_status":"open","ping_status":"closed","template":"","meta":{"om_disable_all_campaigns":false},"product_brand":[],"product_cat":[69],"product_tag":[],"class_list":{"0":"post-4293","1":"product","2":"type-product","3":"status-publish","4":"has-post-thumbnail","6":"product_cat-vibradores","8":"first","9":"instock","10":"shipping-taxable","11":"purchasable","12":"product-type-simple"},"jetpack_sharing_enabled":true,"_links":{"self":[{"href":"https:\/\/anysexshop.com.ar\/shop\/wp-json\/wp\/v2\/product\/4293","targetHints":{"allow":["GET"]}}],"collection":[{"href":"https:\/\/anysexshop.com.ar\/shop\/wp-json\/wp\/v2\/product"}],"about":[{"href":"https:\/\/anysexshop.com.ar\/shop\/wp-json\/wp\/v2\/types\/product"}],"replies":[{"embeddable":true,"href":"https:\/\/anysexshop.com.ar\/shop\/wp-json\/wp\/v2\/comments?post=4293"}],"wp:featuredmedia":[{"embeddable":true,"href":"https:\/\/anysexshop.com.ar\/shop\/wp-json\/wp\/v2\/media\/4294"}],"wp:attachment":[{"href":"https:\/\/anysexshop.com.ar\/shop\/wp-json\/wp\/v2\/media?parent=4293"}],"wp:term":[{"taxonomy":"product_brand","embeddable":true,"href":"https:\/\/anysexshop.com.ar\/shop\/wp-json\/wp\/v2\/product_brand?post=4293"},{"taxonomy":"product_cat","embeddable":true,"href":"https:\/\/anysexshop.com.ar\/shop\/wp-json\/wp\/v2\/product_cat?post=4293"},{"taxonomy":"product_tag","embeddable":true,"href":"https:\/\/anysexshop.com.ar\/shop\/wp-json\/wp\/v2\/product_tag?post=4293"}],"curies":[{"name":"wp","href":"https:\/\/api.w.org\/{rel}","templated":true}]}}